{"id":18493,"date":"2022-03-27T22:19:52","date_gmt":"2022-03-27T22:19:52","guid":{"rendered":"https:\/\/www.elitemakina.com.tr\/citlak-ayirici\/"},"modified":"2024-11-01T21:47:58","modified_gmt":"2024-11-01T21:47:58","slug":"separador-abierto-cerrado","status":"publish","type":"product","link":"https:\/\/www.elitemakina.com.tr\/es\/separador-abierto-cerrado\/","title":{"rendered":"Separador Abierto Cerrado"},"content":{"rendered":"<p style=\"text-align: justify;\">El <strong>separador cerrado abierto<\/strong> de Ingenier\u00eda y Maquinaria de \u00e9lite se utiliza para separar la tuerca principal y la tuerca cerrada. Sus agujas especialmente dise\u00f1adas hacen una elecci\u00f3n sin errores. Nuestras m\u00e1quinas de alto rendimiento de bajo consumo energ\u00e9tico se pueden fabricar con opciones de dise\u00f1o especiales para usted.<\/p>\n<h2>Separador Abierto y Cerrado<\/h2>\n<p><strong><span>ESPECIFICACIONES T\u00c9CNICAS<\/span><\/strong><\/p>\n<table>\n<tbody>\n<tr>\n<td><strong><span>DIMENSI\u00d3N M\u00c1QUINA (cm)<\/span><\/strong><\/td>\n<td><span>630x100x175<\/span><\/td>\n<\/tr>\n<tr>\n<td><strong>CAPACIDAD<\/strong><\/td>\n<td><span>400 kg<\/span><\/td>\n<\/tr>\n<tr>\n<td><strong><span>CONSUMO DE ENERG\u00cdA<\/span><\/strong><\/td>\n<td><span>01.5 kilovatios<\/span><\/td>\n<\/tr>\n<tr>\n<td><strong><span>PESO<\/span><\/strong><\/td>\n<td><span>750 kg<\/span><\/td>\n<\/tr>\n<\/tbody>\n<\/table>\n","protected":false},"excerpt":{"rendered":"<p style=\"text-align: justify;\">El <strong>separador cerrado abierto<\/strong> de Ingenier\u00eda y Maquinaria de \u00e9lite se utiliza para separar la tuerca principal y la tuerca cerrada. Sus agujas especialmente dise\u00f1adas hacen una elecci\u00f3n sin errores. Nuestras m\u00e1quinas de alto rendimiento de bajo consumo energ\u00e9tico se pueden fabricar con opciones de dise\u00f1o especiales para usted.<\/p>\n<h2>Separador Abierto y Cerrado<\/h2>\n<p><strong>ESPECIFICACIONES T\u00c9CNICAS<\/strong><\/p>\n<table>\n<tbody>\n<tr>\n<td><strong>DIMENSI\u00d3N M\u00c1QUINA (cm)<\/strong><\/td>\n<td>630x100x175<\/td>\n<\/tr>\n<tr>\n<td><strong>CAPACIDAD<\/strong><\/td>\n<td>400 kg<\/td>\n<\/tr>\n<tr>\n<td><strong>CONSUMO DE ENERG\u00cdA<\/strong><\/td>\n<td>01.5 kilovatios<\/td>\n<\/tr>\n<tr>\n<td><strong>PESO<\/strong><\/td>\n<td>750 kg<\/td>\n<\/tr>\n<\/tbody>\n<\/table>\n[elfsight_form_builder id=\"5\"]\n","protected":false},"featured_media":19010,"comment_status":"open","ping_status":"closed","template":"","meta":{"_acf_changed":false},"pwb-brand":[1145],"product_cat":[256],"product_tag":[619,620,621,622,623,545,624,625,302,484,547,617,626,618],"class_list":{"0":"post-18493","1":"product","2":"type-product","3":"status-publish","4":"has-post-thumbnail","6":"pwb-brand-elite-makina-a-s","7":"product_cat-general-es","8":"product_tag-citlak-ayirici-es","9":"product_tag-citlak-ayirma-makinasi-es","10":"product_tag-citlak-makinasi-es","11":"product_tag-fistik-ayirma-es","12":"product_tag-fistik-ayirma-makinalari-es","13":"product_tag-fistik-ayirma-makinasi-es","14":"product_tag-fistik-citlak-ayirma-makinasi-es","15":"product_tag-fistik-kapali-acik-ayirma-es","16":"product_tag-fistik-makinalari-es","17":"product_tag-fistik-makinasi-es","18":"product_tag-fistik-secme-makinasi-es","19":"product_tag-maquina-separadora-de-pistacho","20":"product_tag-secme-makinasi-es","21":"product_tag-separacion-de-grietas-de-pistacho","23":"first","24":"instock","25":"shipping-taxable","26":"product-type-simple"},"acf":[],"brands":[{"id":1145,"name":"Elite Makina A.\u015e.","slug":"elite-makina-a-s"}],"_links":{"self":[{"href":"https:\/\/www.elitemakina.com.tr\/es\/wp-json\/wp\/v2\/product\/18493","targetHints":{"allow":["GET"]}}],"collection":[{"href":"https:\/\/www.elitemakina.com.tr\/es\/wp-json\/wp\/v2\/product"}],"about":[{"href":"https:\/\/www.elitemakina.com.tr\/es\/wp-json\/wp\/v2\/types\/product"}],"replies":[{"embeddable":true,"href":"https:\/\/www.elitemakina.com.tr\/es\/wp-json\/wp\/v2\/comments?post=18493"}],"wp:featuredmedia":[{"embeddable":true,"href":"https:\/\/www.elitemakina.com.tr\/es\/wp-json\/wp\/v2\/media\/19010"}],"wp:attachment":[{"href":"https:\/\/www.elitemakina.com.tr\/es\/wp-json\/wp\/v2\/media?parent=18493"}],"wp:term":[{"taxonomy":"pwb-brand","embeddable":true,"href":"https:\/\/www.elitemakina.com.tr\/es\/wp-json\/wp\/v2\/pwb-brand?post=18493"},{"taxonomy":"product_cat","embeddable":true,"href":"https:\/\/www.elitemakina.com.tr\/es\/wp-json\/wp\/v2\/product_cat?post=18493"},{"taxonomy":"product_tag","embeddable":true,"href":"https:\/\/www.elitemakina.com.tr\/es\/wp-json\/wp\/v2\/product_tag?post=18493"}],"curies":[{"name":"wp","href":"https:\/\/api.w.org\/{rel}","templated":true}]}}