{"id":18467,"date":"2022-03-27T20:51:30","date_gmt":"2022-03-27T20:51:30","guid":{"rendered":"https:\/\/www.elitemakina.com.tr\/secme-bandi\/"},"modified":"2024-10-28T09:36:03","modified_gmt":"2024-10-28T09:36:03","slug":"correa-de-seleccion-de-tuercas","status":"publish","type":"product","link":"https:\/\/www.elitemakina.com.tr\/es\/correa-de-seleccion-de-tuercas\/","title":{"rendered":"Correa de Selecci\u00f3n de Tuercas"},"content":{"rendered":"<p style=\"text-align: justify;\"><strong>Cintur\u00f3n de Selecci\u00f3n de tuercas<\/strong> de Ingenier\u00eda y Maquinaria de \u00e9lite, cinta de selecci\u00f3n de tuercas. Se utiliza para la selecci\u00f3n de productos de calidad y libres de errores. est\u00e1 dise\u00f1ado de tal manera que el personal de trabajo realice una elecci\u00f3n c\u00f3moda y sin problemas. Tiene iluminaci\u00f3n. Con el control de velocidad, puede correr a cualquier velocidad que desee. La cinta de PVC utilizada est\u00e1 certificada como apta para alimentos. El consumo de energ\u00eda es de 1,5 kw. De acuerdo con la solicitud, tenemos producci\u00f3n totalmente de cromo.<\/p>\n<h2>Correa de Selecci\u00f3n de Tuercas<\/h2>\n<h2><\/h2>\n","protected":false},"excerpt":{"rendered":"<p style=\"text-align: justify;\"><strong>Cintur\u00f3n de Selecci\u00f3n de tuercas<\/strong> de Ingenier\u00eda y Maquinaria de \u00e9lite, cinta de selecci\u00f3n de tuercas. Se utiliza para la selecci\u00f3n de productos de calidad y libres de errores. est\u00e1 dise\u00f1ado de tal manera que el personal de trabajo realice una elecci\u00f3n c\u00f3moda y sin problemas. Tiene iluminaci\u00f3n. Con el control de velocidad, puede correr a cualquier velocidad que desee. La cinta de PVC utilizada est\u00e1 certificada como apta para alimentos. El consumo de energ\u00eda es de 1,5 kw. De acuerdo con la solicitud, tenemos producci\u00f3n totalmente de cromo.<\/p>\n<h2>Correa de Selecci\u00f3n de Tuercas<\/h2>\n<h2><\/h2>\n[elfsight_form_builder id=\"5\"]\n","protected":false},"featured_media":19035,"comment_status":"open","ping_status":"closed","template":"","meta":{"_acf_changed":false},"pwb-brand":[768],"product_cat":[256],"product_tag":[505,302,484,506,507,508,509,510,511,512,513,514,515],"class_list":{"0":"post-18467","1":"product","2":"type-product","3":"status-publish","4":"has-post-thumbnail","6":"pwb-brand-elite-muhendislik-makina","7":"product_cat-general-es","8":"product_tag-fistik-bandi-es","9":"product_tag-fistik-makinalari-es","10":"product_tag-fistik-makinasi-es","11":"product_tag-fistik-secme-bandi-es","12":"product_tag-gaziantep-bant-cesitleri-es","13":"product_tag-gaziantep-konveyor-bant-es","14":"product_tag-konveyor-es","15":"product_tag-konveyor-bant-es","16":"product_tag-secme-bandi-es","17":"product_tag-tasima-bandi-es","18":"product_tag-urun-bandi-es","19":"product_tag-urun-secme-bandi-es","20":"product_tag-urun-tasima-bandi-es","22":"first","23":"instock","24":"shipping-taxable","25":"product-type-simple"},"acf":[],"brands":[{"id":768,"name":"Elite M\u00fchendislik &amp; Makina","slug":"elite-muhendislik-makina"}],"_links":{"self":[{"href":"https:\/\/www.elitemakina.com.tr\/es\/wp-json\/wp\/v2\/product\/18467","targetHints":{"allow":["GET"]}}],"collection":[{"href":"https:\/\/www.elitemakina.com.tr\/es\/wp-json\/wp\/v2\/product"}],"about":[{"href":"https:\/\/www.elitemakina.com.tr\/es\/wp-json\/wp\/v2\/types\/product"}],"replies":[{"embeddable":true,"href":"https:\/\/www.elitemakina.com.tr\/es\/wp-json\/wp\/v2\/comments?post=18467"}],"wp:featuredmedia":[{"embeddable":true,"href":"https:\/\/www.elitemakina.com.tr\/es\/wp-json\/wp\/v2\/media\/19035"}],"wp:attachment":[{"href":"https:\/\/www.elitemakina.com.tr\/es\/wp-json\/wp\/v2\/media?parent=18467"}],"wp:term":[{"taxonomy":"pwb-brand","embeddable":true,"href":"https:\/\/www.elitemakina.com.tr\/es\/wp-json\/wp\/v2\/pwb-brand?post=18467"},{"taxonomy":"product_cat","embeddable":true,"href":"https:\/\/www.elitemakina.com.tr\/es\/wp-json\/wp\/v2\/product_cat?post=18467"},{"taxonomy":"product_tag","embeddable":true,"href":"https:\/\/www.elitemakina.com.tr\/es\/wp-json\/wp\/v2\/product_tag?post=18467"}],"curies":[{"name":"wp","href":"https:\/\/api.w.org\/{rel}","templated":true}]}}