{"id":18465,"date":"2022-03-27T21:19:01","date_gmt":"2022-03-27T21:19:01","guid":{"rendered":"https:\/\/www.elitemakina.com.tr\/bunker\/"},"modified":"2022-04-05T19:46:52","modified_gmt":"2022-04-05T19:46:52","slug":"bunker","status":"publish","type":"product","link":"https:\/\/www.elitemakina.com.tr\/es\/bunker\/","title":{"rendered":"Bunker"},"content":{"rendered":"<p style=\"text-align: justify;\">Silos de ingenier\u00eda y maquinaria de \u00e9lite, nuestros silos est\u00e1n especialmente dise\u00f1ados para usted de acuerdo con la capacidad y las dimensiones. Tenemos producci\u00f3n de cromado y pintado al horno. Est\u00e1 disponible totalmente modular o soldado. Tenemos una producci\u00f3n de silos perforados con un sistema de punzonado que puede tomar aire para contener productos h\u00famedos.<\/p>\n<h2>Bunker<\/h2>\n","protected":false},"excerpt":{"rendered":"<p style=\"text-align: justify;\">Silos de ingenier\u00eda y maquinaria de \u00e9lite, nuestros silos est\u00e1n especialmente dise\u00f1ados para usted de acuerdo con la capacidad y las dimensiones. Tenemos producci\u00f3n de cromado y pintado al horno. Est\u00e1 disponible totalmente modular o soldado. Tenemos una producci\u00f3n de silos perforados con un sistema de punzonado que puede tomar aire para contener productos h\u00famedos.<\/p>\n<h2>Bunker<\/h2>\n[elfsight_form_builder id=\"5\"]\n","protected":false},"featured_media":19039,"comment_status":"open","ping_status":"closed","template":"","meta":{"_acf_changed":false},"pwb-brand":[1145],"product_cat":[256],"product_tag":[471,470,465,467,461,474,475,478,479,482,302,484,486,488,490,463,491,493],"class_list":{"0":"post-18465","1":"product","2":"type-product","3":"status-publish","4":"has-post-thumbnail","6":"pwb-brand-elite-makina-a-s","7":"product_cat-general-es","8":"product_tag-bunker-es","9":"product_tag-bunker-alimentador","10":"product_tag-bunker-de-alimentacion","11":"product_tag-bunker-de-alimentacion-2","12":"product_tag-bunker-de-espera","13":"product_tag-bunker-imalati-es","14":"product_tag-bunker-makinasi-es","15":"product_tag-delikli-bunker-es","16":"product_tag-delikli-silo-es","17":"product_tag-fistik-bunker-es","18":"product_tag-fistik-makinalari-es","19":"product_tag-fistik-makinasi-es","20":"product_tag-fistik-silo-es","21":"product_tag-gaziantep-bunker-es","22":"product_tag-silo-es","23":"product_tag-silo-de-espera","24":"product_tag-silo-makinasi-es","25":"product_tag-tank-es","27":"first","28":"instock","29":"shipping-taxable","30":"product-type-simple"},"acf":[],"brands":[{"id":1145,"name":"Elite Makina A.\u015e.","slug":"elite-makina-a-s"}],"_links":{"self":[{"href":"https:\/\/www.elitemakina.com.tr\/es\/wp-json\/wp\/v2\/product\/18465","targetHints":{"allow":["GET"]}}],"collection":[{"href":"https:\/\/www.elitemakina.com.tr\/es\/wp-json\/wp\/v2\/product"}],"about":[{"href":"https:\/\/www.elitemakina.com.tr\/es\/wp-json\/wp\/v2\/types\/product"}],"replies":[{"embeddable":true,"href":"https:\/\/www.elitemakina.com.tr\/es\/wp-json\/wp\/v2\/comments?post=18465"}],"wp:featuredmedia":[{"embeddable":true,"href":"https:\/\/www.elitemakina.com.tr\/es\/wp-json\/wp\/v2\/media\/19039"}],"wp:attachment":[{"href":"https:\/\/www.elitemakina.com.tr\/es\/wp-json\/wp\/v2\/media?parent=18465"}],"wp:term":[{"taxonomy":"pwb-brand","embeddable":true,"href":"https:\/\/www.elitemakina.com.tr\/es\/wp-json\/wp\/v2\/pwb-brand?post=18465"},{"taxonomy":"product_cat","embeddable":true,"href":"https:\/\/www.elitemakina.com.tr\/es\/wp-json\/wp\/v2\/product_cat?post=18465"},{"taxonomy":"product_tag","embeddable":true,"href":"https:\/\/www.elitemakina.com.tr\/es\/wp-json\/wp\/v2\/product_tag?post=18465"}],"curies":[{"name":"wp","href":"https:\/\/api.w.org\/{rel}","templated":true}]}}