{"id":18454,"date":"2022-03-27T20:04:28","date_gmt":"2022-03-27T20:04:28","guid":{"rendered":"https:\/\/www.elitemakina.com.tr\/vibro-elek\/"},"modified":"2022-04-05T19:47:43","modified_gmt":"2022-04-05T19:47:43","slug":"maquina-de-pantalla-de-vibracion","status":"publish","type":"product","link":"https:\/\/www.elitemakina.com.tr\/es\/maquina-de-pantalla-de-vibracion\/","title":{"rendered":"M\u00e1quina de Pantalla de Vibraci\u00f3n"},"content":{"rendered":"<p style=\"text-align: justify;\"><strong>M\u00e1quina de Criba vibratoria<\/strong> Elite Engineering &amp; Makina, Criba Vibratoria En nuestra m\u00e1quina, las legumbres y nueces deseadas se pueden tamizar y separar de la c\u00e1scara, tambi\u00e9n se puede usar como criba de clasificaci\u00f3n. los cacahuetes se utilizan en nuestro dise\u00f1o especial con un ventilador para seleccionar la c\u00e1scara. la criba vibratoria tiene 3 plantas y 4 enchufes. Se puede realizar en 4 plantas con 5 salidas opcionales. es f\u00e1cil cambiar las pantallas y funciona con un motor de energ\u00eda m\u00ednima de 0,475 kW para obtener la m\u00e1xima potencia. el producto puede estar hecho de acero inoxidable completo seg\u00fan se desee. Se puede personalizar al tama\u00f1o y dimensi\u00f3n deseados.<\/p>\n<p>&nbsp;<\/p>\n<h2>M\u00e1quina de Pantalla de Vibraci\u00f3n<\/h2>\n<p><strong><span>ESPECIFICACIONES T\u00c9CNICAS<\/span><\/strong><\/p>\n<table>\n<tbody>\n<tr>\n<td><strong><span>DIMENSI\u00d3N M\u00c1QUINA (cm)<\/span><\/strong><\/td>\n<td><span>227 x 184 x 85 cm<\/span><\/td>\n<\/tr>\n<tr>\n<td><strong><span>CAPACIDAD<\/span><\/strong><\/td>\n<td><span>450 kg<\/span><\/td>\n<\/tr>\n<tr>\n<td><strong><span>CONSUMO DE ENERG\u00cdA<\/span><\/strong><\/td>\n<td><span>0.475 kilovatios<\/span><\/td>\n<\/tr>\n<tr>\n<td><strong><span>PESO<\/span><\/strong><\/td>\n<td><span>450 kg<\/span><\/td>\n<\/tr>\n<\/tbody>\n<\/table>\n","protected":false},"excerpt":{"rendered":"<p style=\"text-align: justify;\"><strong>M\u00e1quina de Criba vibratoria<\/strong> Elite Engineering &amp; Makina, Criba Vibratoria En nuestra m\u00e1quina, las legumbres y nueces deseadas se pueden tamizar y separar de la c\u00e1scara, tambi\u00e9n se puede usar como criba de clasificaci\u00f3n. los cacahuetes se utilizan en nuestro dise\u00f1o especial con un ventilador para seleccionar la c\u00e1scara. la criba vibratoria tiene 3 plantas y 4 enchufes. Se puede realizar en 4 plantas con 5 salidas opcionales. es f\u00e1cil cambiar las pantallas y funciona con un motor de energ\u00eda m\u00ednima de 0,475 kW para obtener la m\u00e1xima potencia. el producto puede estar hecho de acero inoxidable completo seg\u00fan se desee. Se puede personalizar al tama\u00f1o y dimensi\u00f3n deseados.<\/p>\n<p>&nbsp;<\/p>\n<h2>M\u00e1quina de Pantalla de Vibraci\u00f3n<\/h2>\n<p><strong>ESPECIFICACIONES T\u00c9CNICAS<\/strong><\/p>\n<table>\n<tbody>\n<tr>\n<td><strong>DIMENSI\u00d3N M\u00c1QUINA (cm)<\/strong><\/td>\n<td>227 x 184 x 85 cm<\/td>\n<\/tr>\n<tr>\n<td><strong>CAPACIDAD<\/strong><\/td>\n<td>450 kg<\/td>\n<\/tr>\n<tr>\n<td><strong>CONSUMO DE ENERG\u00cdA<\/strong><\/td>\n<td>0.475 kilovatios<\/td>\n<\/tr>\n<tr>\n<td><strong>PESO<\/strong><\/td>\n<td>450 kg<\/td>\n<\/tr>\n<\/tbody>\n<\/table>\n[elfsight_form_builder id=\"5\"]\n","protected":false},"featured_media":18994,"comment_status":"open","ping_status":"closed","template":"","meta":{"_acf_changed":false},"pwb-brand":[1145],"product_cat":[256],"product_tag":[367,368,369,370,362,371,372,373,374,375,376,377,302,378,379,380,381,382,363,383,384,366,365,364,385,386,387],"class_list":{"0":"post-18454","1":"product","2":"type-product","3":"status-publish","4":"has-post-thumbnail","6":"pwb-brand-elite-makina-a-s","7":"product_cat-general-es","8":"product_tag-boylama-es","9":"product_tag-boylama-makinasi-es","10":"product_tag-boyutlama-elek-es","11":"product_tag-boyutlandirma-es","12":"product_tag-clasificadora-de-almendras","13":"product_tag-elek-makinalari-es","14":"product_tag-eleme-es","15":"product_tag-eleme-makinasi-es","16":"product_tag-fistik-elegi-es","17":"product_tag-fistik-elek-es","18":"product_tag-fistik-elek-makinasi-es","19":"product_tag-fistik-eleme-es","20":"product_tag-fistik-makinalari-es","21":"product_tag-kabuk-elek-es","22":"product_tag-kabuk-eleme-es","23":"product_tag-katli-elek-es","24":"product_tag-katli-elek-makinasi-es","25":"product_tag-katli-vibro-elek-makinasi-es","26":"product_tag-maquina-tamizadora-de-almendras","27":"product_tag-siniflandirma-es","28":"product_tag-siniflandirma-makinasi-es","29":"product_tag-tamiz-vibro-almendra","30":"product_tag-tamizadora-de-almendras","31":"product_tag-tamizar-almendras","32":"product_tag-vibro-elek-es","33":"product_tag-vibro-elek-makinalari-es","34":"product_tag-vibro-elek-makinasi-es","36":"first","37":"instock","38":"shipping-taxable","39":"product-type-simple"},"acf":[],"brands":[{"id":1145,"name":"Elite Makina A.\u015e.","slug":"elite-makina-a-s"}],"_links":{"self":[{"href":"https:\/\/www.elitemakina.com.tr\/es\/wp-json\/wp\/v2\/product\/18454","targetHints":{"allow":["GET"]}}],"collection":[{"href":"https:\/\/www.elitemakina.com.tr\/es\/wp-json\/wp\/v2\/product"}],"about":[{"href":"https:\/\/www.elitemakina.com.tr\/es\/wp-json\/wp\/v2\/types\/product"}],"replies":[{"embeddable":true,"href":"https:\/\/www.elitemakina.com.tr\/es\/wp-json\/wp\/v2\/comments?post=18454"}],"wp:featuredmedia":[{"embeddable":true,"href":"https:\/\/www.elitemakina.com.tr\/es\/wp-json\/wp\/v2\/media\/18994"}],"wp:attachment":[{"href":"https:\/\/www.elitemakina.com.tr\/es\/wp-json\/wp\/v2\/media?parent=18454"}],"wp:term":[{"taxonomy":"pwb-brand","embeddable":true,"href":"https:\/\/www.elitemakina.com.tr\/es\/wp-json\/wp\/v2\/pwb-brand?post=18454"},{"taxonomy":"product_cat","embeddable":true,"href":"https:\/\/www.elitemakina.com.tr\/es\/wp-json\/wp\/v2\/product_cat?post=18454"},{"taxonomy":"product_tag","embeddable":true,"href":"https:\/\/www.elitemakina.com.tr\/es\/wp-json\/wp\/v2\/product_tag?post=18454"}],"curies":[{"name":"wp","href":"https:\/\/api.w.org\/{rel}","templated":true}]}}