{"id":18448,"date":"2022-03-27T19:09:06","date_gmt":"2022-03-27T19:09:06","guid":{"rendered":"https:\/\/www.elitemakina.com.tr\/savurma-makinasi\/"},"modified":"2022-04-05T19:48:01","modified_gmt":"2022-04-05T19:48:01","slug":"maquina-sopladora","status":"publish","type":"product","link":"https:\/\/www.elitemakina.com.tr\/es\/maquina-sopladora\/","title":{"rendered":"M\u00e1quina Sopladora"},"content":{"rendered":"<p style=\"text-align: justify;\">Ingenier\u00eda y Maquinaria de \u00c9lite, la <strong>m\u00e1quina Sopladora<\/strong> se utiliza para separar la Carcasa y el Producto interno. Se Puede Utilizar En Todos Los Productos De Frutos Secos Y Legumbres. Proporciona Separaci\u00f3n De La Diferencia De Masa Con La Ayuda de Aire. El Ajuste De Aire Se Puede Hacer F\u00e1cilmente Con el Controlador De Velocidad. Si Se Desea, la Producci\u00f3n se Realiza Completamente A Partir de Cromo.<\/p>\n<h2>M\u00e1quina Sopladora<\/h2>\n<p><strong><span>ESPECIFICACIONES T\u00c9CNICAS<\/span><\/strong><\/p>\n<table>\n<tbody>\n<tr>\n<td><strong><span>DIMENSI\u00d3N M\u00c1QUINA (cm)<\/span><\/strong><\/td>\n<td><span>100x120x210cm<\/span><\/td>\n<\/tr>\n<tr>\n<td><strong><span>CAPACIDAD<\/span><\/strong><\/td>\n<td><span>200 kg<\/span><\/td>\n<\/tr>\n<tr>\n<td><strong><span>ENERG\u00cdA\u00a0<\/span><\/strong><\/td>\n<td><span>1,5 kilovatios<\/span><\/td>\n<\/tr>\n<tr>\n<td><strong><span>PESO<\/span><\/strong><\/td>\n<td><span>200 kg<\/span><\/td>\n<\/tr>\n<\/tbody>\n<\/table>\n","protected":false},"excerpt":{"rendered":"<p style=\"text-align: justify;\">Ingenier\u00eda y Maquinaria de \u00c9lite, la <strong>m\u00e1quina Sopladora<\/strong> se utiliza para separar la Carcasa y el Producto interno. Se Puede Utilizar En Todos Los Productos De Frutos Secos Y Legumbres. Proporciona Separaci\u00f3n De La Diferencia De Masa Con La Ayuda de Aire. El Ajuste De Aire Se Puede Hacer F\u00e1cilmente Con el Controlador De Velocidad. Si Se Desea, la Producci\u00f3n se Realiza Completamente A Partir de Cromo.<\/p>\n<h2>M\u00e1quina Sopladora<\/h2>\n<p><strong>ESPECIFICACIONES T\u00c9CNICAS<\/strong><\/p>\n<table>\n<tbody>\n<tr>\n<td><strong>DIMENSI\u00d3N M\u00c1QUINA (cm)<\/strong><\/td>\n<td>100x120x210cm<\/td>\n<\/tr>\n<tr>\n<td><strong>CAPACIDAD<\/strong><\/td>\n<td>200 kg<\/td>\n<\/tr>\n<tr>\n<td><strong>ENERG\u00cdA\u00a0<\/strong><\/td>\n<td>1,5 kilovatios<\/td>\n<\/tr>\n<tr>\n<td><strong>PESO<\/strong><\/td>\n<td>200 kg<\/td>\n<\/tr>\n<\/tbody>\n<\/table>\n[elfsight_form_builder id=\"5\"]\n","protected":false},"featured_media":19018,"comment_status":"open","ping_status":"closed","template":"","meta":{"_acf_changed":false},"pwb-brand":[1145],"product_cat":[256],"product_tag":[302,303,304,305,306,300,301,307,308,309],"class_list":{"0":"post-18448","1":"product","2":"type-product","3":"status-publish","4":"has-post-thumbnail","6":"pwb-brand-elite-makina-a-s","7":"product_cat-general-es","8":"product_tag-fistik-makinalari-es","9":"product_tag-fistik-savurma-es","10":"product_tag-fistik-savurma-makinalari-es","11":"product_tag-fistik-savurma-makinasi-es","12":"product_tag-gaziantep-fistik-savurma-makinasi-es","13":"product_tag-maquina-de-lanzamiento-de-almendras","14":"product_tag-maquina-de-lanzamiento-de-legumbres","15":"product_tag-savurma-fistik-makinasi-es","16":"product_tag-savurma-makinalari-es","17":"product_tag-savurma-makinasi-es","19":"first","20":"instock","21":"shipping-taxable","22":"product-type-simple"},"acf":[],"brands":[{"id":1145,"name":"Elite Makina A.\u015e.","slug":"elite-makina-a-s"}],"_links":{"self":[{"href":"https:\/\/www.elitemakina.com.tr\/es\/wp-json\/wp\/v2\/product\/18448","targetHints":{"allow":["GET"]}}],"collection":[{"href":"https:\/\/www.elitemakina.com.tr\/es\/wp-json\/wp\/v2\/product"}],"about":[{"href":"https:\/\/www.elitemakina.com.tr\/es\/wp-json\/wp\/v2\/types\/product"}],"replies":[{"embeddable":true,"href":"https:\/\/www.elitemakina.com.tr\/es\/wp-json\/wp\/v2\/comments?post=18448"}],"wp:featuredmedia":[{"embeddable":true,"href":"https:\/\/www.elitemakina.com.tr\/es\/wp-json\/wp\/v2\/media\/19018"}],"wp:attachment":[{"href":"https:\/\/www.elitemakina.com.tr\/es\/wp-json\/wp\/v2\/media?parent=18448"}],"wp:term":[{"taxonomy":"pwb-brand","embeddable":true,"href":"https:\/\/www.elitemakina.com.tr\/es\/wp-json\/wp\/v2\/pwb-brand?post=18448"},{"taxonomy":"product_cat","embeddable":true,"href":"https:\/\/www.elitemakina.com.tr\/es\/wp-json\/wp\/v2\/product_cat?post=18448"},{"taxonomy":"product_tag","embeddable":true,"href":"https:\/\/www.elitemakina.com.tr\/es\/wp-json\/wp\/v2\/product_tag?post=18448"}],"curies":[{"name":"wp","href":"https:\/\/api.w.org\/{rel}","templated":true}]}}