{"id":18357,"date":"2022-03-27T10:13:24","date_gmt":"2022-03-27T10:13:24","guid":{"rendered":"https:\/\/www.elitemakina.com.tr\/galeri\/"},"modified":"2024-06-26T21:47:29","modified_gmt":"2024-06-26T21:47:29","slug":"galeria","status":"publish","type":"page","link":"https:\/\/www.elitemakina.com.tr\/es\/galeria\/","title":{"rendered":"Galeria"},"content":{"rendered":"\t\t<div data-elementor-type=\"wp-page\" data-elementor-id=\"18357\" class=\"elementor elementor-18357 elementor-15617\">\n\t\t\t\t\t\t<section class=\"elementor-section elementor-top-section elementor-element elementor-element-22a8591 elementor-section-boxed elementor-section-height-default elementor-section-height-default\" data-id=\"22a8591\" data-element_type=\"section\" data-settings=\"{&quot;background_background&quot;:&quot;classic&quot;}\">\n\t\t\t\t\t\t<div class=\"elementor-container elementor-column-gap-no\">\n\t\t\t\t\t<div class=\"elementor-column elementor-col-100 elementor-top-column elementor-element elementor-element-3e02fd6\" data-id=\"3e02fd6\" data-element_type=\"column\">\n\t\t\t<div class=\"elementor-widget-wrap elementor-element-populated\">\n\t\t\t\t\t\t<section class=\"elementor-section elementor-inner-section elementor-element elementor-element-c97ee3a elementor-section-full_width elementor-section-height-default elementor-section-height-default\" data-id=\"c97ee3a\" data-element_type=\"section\">\n\t\t\t\t\t\t<div class=\"elementor-container elementor-column-gap-no\">\n\t\t\t\t\t<div class=\"elementor-column elementor-col-100 elementor-inner-column elementor-element elementor-element-76a4870\" data-id=\"76a4870\" data-element_type=\"column\">\n\t\t\t<div class=\"elementor-widget-wrap elementor-element-populated\">\n\t\t\t\t\t\t<div class=\"elementor-element elementor-element-a32f888 elementor-widget elementor-widget-nxg-dual-heading\" data-id=\"a32f888\" data-element_type=\"widget\" data-widget_type=\"nxg-dual-heading.default\">\n\t\t\t\t<div class=\"elementor-widget-container\">\n\t\t\t\r\n    <div class=\"text-center\">\r\n      <h2 class=\"heading\">\r\n        Ingenier\u00eda y Maquinaria de \u00e9lite <u> Galer\u00eda<\/u>      <\/h2>\r\n    <\/div>\r\n\r\n  \t\t<\/div>\n\t\t\t\t<\/div>\n\t\t\t\t<div class=\"elementor-element elementor-element-63a2ce6 elementor-widget elementor-widget-nxg-paragraph\" data-id=\"63a2ce6\" data-element_type=\"widget\" data-widget_type=\"nxg-paragraph.default\">\n\t\t\t\t<div class=\"elementor-widget-container\">\n\t\t\t\r\n    <div class=\"text-left\">\r\n      <p class=\"paragraph\">\r\n        Como Elite Engineering & Machinery, una de las empresas bien establecidas en el sector de la maquinaria, hemos preparado im\u00e1genes para nuestros valiosos clientes\u2026      <\/p>\r\n    <\/div>\r\n\r\n  \t\t<\/div>\n\t\t\t\t<\/div>\n\t\t\t\t\t<\/div>\n\t\t<\/div>\n\t\t\t\t\t<\/div>\n\t\t<\/section>\n\t\t\t\t<section class=\"elementor-section elementor-inner-section elementor-element elementor-element-36b0fb1 elementor-section-full_width elementor-section-height-default elementor-section-height-default\" data-id=\"36b0fb1\" data-element_type=\"section\">\n\t\t\t\t\t\t<div class=\"elementor-container elementor-column-gap-no\">\n\t\t\t\t\t<div class=\"elementor-column elementor-col-100 elementor-inner-column elementor-element elementor-element-7a117e3\" data-id=\"7a117e3\" data-element_type=\"column\">\n\t\t\t<div class=\"elementor-widget-wrap elementor-element-populated\">\n\t\t\t\t\t\t<div class=\"elementor-element elementor-element-42e2de1 elementor-widget elementor-widget-nxg-image-gallery\" data-id=\"42e2de1\" data-element_type=\"widget\" data-widget_type=\"nxg-image-gallery.default\">\n\t\t\t\t<div class=\"elementor-widget-container\">\n\t\t\t\r\n\t\t<div class=\"nxg-gallery gallery row justify-content-center items\">\r\n\r\n\t\t\t\r\n\t\t\t\t<a href=\"https:\/\/www.elitemakina.com.tr\/wp-content\/uploads\/2022\/03\/16-1.jpg\" class=\"item col-12 col-sm-6 col-md-6 col-lg-4\">\r\n\t\t\t\t\t<img decoding=\"async\" src=\"https:\/\/www.elitemakina.com.tr\/wp-content\/uploads\/2022\/03\/16-1.jpg\" alt=\"\" class=\"image\" title=\"\">\r\n\t\t\t\t<\/a>\r\n\r\n\t\t\t\r\n\t\t\t\t<a href=\"https:\/\/www.elitemakina.com.tr\/wp-content\/uploads\/2022\/03\/10-1.jpg\" class=\"item col-12 col-sm-6 col-md-6 col-lg-4\">\r\n\t\t\t\t\t<img decoding=\"async\" src=\"https:\/\/www.elitemakina.com.tr\/wp-content\/uploads\/2022\/03\/10-1.jpg\" alt=\"\" class=\"image\" title=\"\">\r\n\t\t\t\t<\/a>\r\n\r\n\t\t\t\r\n\t\t\t\t<a href=\"https:\/\/www.elitemakina.com.tr\/wp-content\/uploads\/2024\/06\/34-kopyasi.jpg\" class=\"item col-12 col-sm-6 col-md-6 col-lg-4\">\r\n\t\t\t\t\t<img decoding=\"async\" src=\"https:\/\/www.elitemakina.com.tr\/wp-content\/uploads\/2024\/06\/34-kopyasi.jpg\" alt=\"\" class=\"image\" title=\"\">\r\n\t\t\t\t<\/a>\r\n\r\n\t\t\t\r\n\t\t\t\t<a href=\"https:\/\/www.elitemakina.com.tr\/wp-content\/uploads\/2022\/03\/22-son.webp\" class=\"item col-12 col-sm-6 col-md-6 col-lg-4\">\r\n\t\t\t\t\t<img decoding=\"async\" src=\"https:\/\/www.elitemakina.com.tr\/wp-content\/uploads\/2022\/03\/22-son.webp\" alt=\"\" class=\"image\" title=\"\">\r\n\t\t\t\t<\/a>\r\n\r\n\t\t\t\r\n\t\t\t\t<a href=\"https:\/\/www.elitemakina.com.tr\/wp-content\/uploads\/2024\/05\/12.jpg\" class=\"item col-12 col-sm-6 col-md-6 col-lg-4\">\r\n\t\t\t\t\t<img decoding=\"async\" src=\"https:\/\/www.elitemakina.com.tr\/wp-content\/uploads\/2024\/05\/12.jpg\" alt=\"\" class=\"image\" title=\"\">\r\n\t\t\t\t<\/a>\r\n\r\n\t\t\t\r\n\t\t\t\t<a href=\"https:\/\/www.elitemakina.com.tr\/wp-content\/uploads\/2022\/03\/39.jpg\" class=\"item col-12 col-sm-6 col-md-6 col-lg-4\">\r\n\t\t\t\t\t<img decoding=\"async\" src=\"https:\/\/www.elitemakina.com.tr\/wp-content\/uploads\/2022\/03\/39.jpg\" alt=\"\" class=\"image\" title=\"\">\r\n\t\t\t\t<\/a>\r\n\r\n\t\t\t\r\n\t\t\t\t<a href=\"https:\/\/www.elitemakina.com.tr\/wp-content\/uploads\/2024\/05\/PHOTO-2024-04-29-15-49-13-4.jpg\" class=\"item col-12 col-sm-6 col-md-6 col-lg-4\">\r\n\t\t\t\t\t<img decoding=\"async\" src=\"https:\/\/www.elitemakina.com.tr\/wp-content\/uploads\/2024\/05\/PHOTO-2024-04-29-15-49-13-4.jpg\" alt=\"\" class=\"image\" title=\"\">\r\n\t\t\t\t<\/a>\r\n\r\n\t\t\t\r\n\t\t\t\t<a href=\"https:\/\/www.elitemakina.com.tr\/wp-content\/uploads\/2024\/05\/7-1-scaled.jpg\" class=\"item col-12 col-sm-6 col-md-6 col-lg-4\">\r\n\t\t\t\t\t<img decoding=\"async\" src=\"https:\/\/www.elitemakina.com.tr\/wp-content\/uploads\/2024\/05\/7-1-scaled.jpg\" alt=\"\" class=\"image\" title=\"\">\r\n\t\t\t\t<\/a>\r\n\r\n\t\t\t\r\n\t\t\t\t<a href=\"https:\/\/www.elitemakina.com.tr\/wp-content\/uploads\/2024\/05\/PHOTO-2024-04-29-16-09-11.jpg\" class=\"item col-12 col-sm-6 col-md-6 col-lg-4\">\r\n\t\t\t\t\t<img decoding=\"async\" src=\"https:\/\/www.elitemakina.com.tr\/wp-content\/uploads\/2024\/05\/PHOTO-2024-04-29-16-09-11.jpg\" alt=\"\" class=\"image\" title=\"\">\r\n\t\t\t\t<\/a>\r\n\r\n\t\t\t\r\n\t\t\t\t<a href=\"https:\/\/www.elitemakina.com.tr\/wp-content\/uploads\/2024\/05\/13.jpg\" class=\"item col-12 col-sm-6 col-md-6 col-lg-4\">\r\n\t\t\t\t\t<img decoding=\"async\" src=\"https:\/\/www.elitemakina.com.tr\/wp-content\/uploads\/2024\/05\/13.jpg\" alt=\"\" class=\"image\" title=\"\">\r\n\t\t\t\t<\/a>\r\n\r\n\t\t\t\r\n\t\t\t\t<a href=\"https:\/\/www.elitemakina.com.tr\/wp-content\/uploads\/2024\/06\/PHOTO-2024-03-18-16-28-26.jpg\" class=\"item col-12 col-sm-6 col-md-6 col-lg-4\">\r\n\t\t\t\t\t<img decoding=\"async\" src=\"https:\/\/www.elitemakina.com.tr\/wp-content\/uploads\/2024\/06\/PHOTO-2024-03-18-16-28-26.jpg\" alt=\"\" class=\"image\" title=\"\">\r\n\t\t\t\t<\/a>\r\n\r\n\t\t\t\r\n\t\t\t\t<a href=\"https:\/\/www.elitemakina.com.tr\/wp-content\/uploads\/2022\/03\/35-son.webp\" class=\"item col-12 col-sm-6 col-md-6 col-lg-4\">\r\n\t\t\t\t\t<img decoding=\"async\" src=\"https:\/\/www.elitemakina.com.tr\/wp-content\/uploads\/2022\/03\/35-son.webp\" alt=\"\" class=\"image\" title=\"\">\r\n\t\t\t\t<\/a>\r\n\r\n\t\t\t\r\n\t\t\t\t<a href=\"https:\/\/www.elitemakina.com.tr\/wp-content\/uploads\/2022\/03\/citlak-ayirici-2.jpg\" class=\"item col-12 col-sm-6 col-md-6 col-lg-4\">\r\n\t\t\t\t\t<img decoding=\"async\" src=\"https:\/\/www.elitemakina.com.tr\/wp-content\/uploads\/2022\/03\/citlak-ayirici-2.jpg\" alt=\"\" class=\"image\" title=\"\">\r\n\t\t\t\t<\/a>\r\n\r\n\t\t\t\r\n\t\t\t\t<a href=\"https:\/\/www.elitemakina.com.tr\/wp-content\/uploads\/2022\/03\/citlak-ayirici-1-1.jpg\" class=\"item col-12 col-sm-6 col-md-6 col-lg-4\">\r\n\t\t\t\t\t<img decoding=\"async\" src=\"https:\/\/www.elitemakina.com.tr\/wp-content\/uploads\/2022\/03\/citlak-ayirici-1-1.jpg\" alt=\"\" class=\"image\" title=\"\">\r\n\t\t\t\t<\/a>\r\n\r\n\t\t\t\r\n\t\t\t\t<a href=\"https:\/\/www.elitemakina.com.tr\/wp-content\/uploads\/2022\/03\/8-son.webp\" class=\"item col-12 col-sm-6 col-md-6 col-lg-4\">\r\n\t\t\t\t\t<img decoding=\"async\" src=\"https:\/\/www.elitemakina.com.tr\/wp-content\/uploads\/2022\/03\/8-son.webp\" alt=\"\" class=\"image\" title=\"\">\r\n\t\t\t\t<\/a>\r\n\r\n\t\t\t\r\n\t\t\t\t<a href=\"https:\/\/www.elitemakina.com.tr\/wp-content\/uploads\/2022\/03\/tas-ayirma-1-1.jpg\" class=\"item col-12 col-sm-6 col-md-6 col-lg-4\">\r\n\t\t\t\t\t<img decoding=\"async\" src=\"https:\/\/www.elitemakina.com.tr\/wp-content\/uploads\/2022\/03\/tas-ayirma-1-1.jpg\" alt=\"\" class=\"image\" title=\"\">\r\n\t\t\t\t<\/a>\r\n\r\n\t\t\t\r\n\t\t\t\t<a href=\"https:\/\/www.elitemakina.com.tr\/wp-content\/uploads\/2022\/03\/18-son.webp\" class=\"item col-12 col-sm-6 col-md-6 col-lg-4\">\r\n\t\t\t\t\t<img decoding=\"async\" src=\"https:\/\/www.elitemakina.com.tr\/wp-content\/uploads\/2022\/03\/18-son.webp\" alt=\"\" class=\"image\" title=\"\">\r\n\t\t\t\t<\/a>\r\n\r\n\t\t\t\r\n\t\t\t\t<a href=\"https:\/\/www.elitemakina.com.tr\/wp-content\/uploads\/2022\/03\/hafif-tane-makinesi-1-1.jpg\" class=\"item col-12 col-sm-6 col-md-6 col-lg-4\">\r\n\t\t\t\t\t<img decoding=\"async\" src=\"https:\/\/www.elitemakina.com.tr\/wp-content\/uploads\/2022\/03\/hafif-tane-makinesi-1-1.jpg\" alt=\"\" class=\"image\" title=\"\">\r\n\t\t\t\t<\/a>\r\n\r\n\t\t\t\r\n\t\t\t\t<a href=\"https:\/\/www.elitemakina.com.tr\/wp-content\/uploads\/2022\/03\/43-son.webp\" class=\"item col-12 col-sm-6 col-md-6 col-lg-4\">\r\n\t\t\t\t\t<img decoding=\"async\" src=\"https:\/\/www.elitemakina.com.tr\/wp-content\/uploads\/2022\/03\/43-son.webp\" alt=\"\" class=\"image\" title=\"\">\r\n\t\t\t\t<\/a>\r\n\r\n\t\t\t\r\n\t\t\t\t<a href=\"https:\/\/www.elitemakina.com.tr\/wp-content\/uploads\/2024\/05\/28-kopyasi.jpg\" class=\"item col-12 col-sm-6 col-md-6 col-lg-4\">\r\n\t\t\t\t\t<img decoding=\"async\" src=\"https:\/\/www.elitemakina.com.tr\/wp-content\/uploads\/2024\/05\/28-kopyasi.jpg\" alt=\"\" class=\"image\" title=\"\">\r\n\t\t\t\t<\/a>\r\n\r\n\t\t\t\r\n\t\t\t\t<a href=\"https:\/\/www.elitemakina.com.tr\/wp-content\/uploads\/2024\/05\/20-kopyasi.jpg\" class=\"item col-12 col-sm-6 col-md-6 col-lg-4\">\r\n\t\t\t\t\t<img decoding=\"async\" src=\"https:\/\/www.elitemakina.com.tr\/wp-content\/uploads\/2024\/05\/20-kopyasi.jpg\" alt=\"\" class=\"image\" title=\"\">\r\n\t\t\t\t<\/a>\r\n\r\n\t\t\t\r\n\t\t\t\t<a href=\"https:\/\/www.elitemakina.com.tr\/wp-content\/uploads\/2024\/05\/29-kopyasi.jpg\" class=\"item col-12 col-sm-6 col-md-6 col-lg-4\">\r\n\t\t\t\t\t<img decoding=\"async\" src=\"https:\/\/www.elitemakina.com.tr\/wp-content\/uploads\/2024\/05\/29-kopyasi.jpg\" alt=\"\" class=\"image\" title=\"\">\r\n\t\t\t\t<\/a>\r\n\r\n\t\t\t\r\n\t\t\t\t<a href=\"https:\/\/www.elitemakina.com.tr\/wp-content\/uploads\/2022\/03\/36-son.webp\" class=\"item col-12 col-sm-6 col-md-6 col-lg-4\">\r\n\t\t\t\t\t<img decoding=\"async\" src=\"https:\/\/www.elitemakina.com.tr\/wp-content\/uploads\/2022\/03\/36-son.webp\" alt=\"\" class=\"image\" title=\"\">\r\n\t\t\t\t<\/a>\r\n\r\n\t\t\t\r\n\t\t\t\t<a href=\"https:\/\/www.elitemakina.com.tr\/wp-content\/uploads\/2024\/05\/IMG_0823_polarr-kopyasi.jpg\" class=\"item col-12 col-sm-6 col-md-6 col-lg-4\">\r\n\t\t\t\t\t<img decoding=\"async\" src=\"https:\/\/www.elitemakina.com.tr\/wp-content\/uploads\/2024\/05\/IMG_0823_polarr-kopyasi.jpg\" alt=\"\" class=\"image\" title=\"\">\r\n\t\t\t\t<\/a>\r\n\r\n\t\t\t\r\n\t\t\t\t<a href=\"https:\/\/www.elitemakina.com.tr\/wp-content\/uploads\/2022\/03\/31-son.webp\" class=\"item col-12 col-sm-6 col-md-6 col-lg-4\">\r\n\t\t\t\t\t<img decoding=\"async\" src=\"https:\/\/www.elitemakina.com.tr\/wp-content\/uploads\/2022\/03\/31-son.webp\" alt=\"\" class=\"image\" title=\"\">\r\n\t\t\t\t<\/a>\r\n\r\n\t\t\t\r\n\t\t\t\t<a href=\"https:\/\/www.elitemakina.com.tr\/wp-content\/uploads\/2024\/05\/PHOTO-2024-04-29-15-49-13.jpg\" class=\"item col-12 col-sm-6 col-md-6 col-lg-4\">\r\n\t\t\t\t\t<img decoding=\"async\" src=\"https:\/\/www.elitemakina.com.tr\/wp-content\/uploads\/2024\/05\/PHOTO-2024-04-29-15-49-13.jpg\" alt=\"\" class=\"image\" title=\"\">\r\n\t\t\t\t<\/a>\r\n\r\n\t\t\t\r\n\t\t\t\t<a href=\"https:\/\/www.elitemakina.com.tr\/wp-content\/uploads\/2024\/05\/42-scaled.jpg\" class=\"item col-12 col-sm-6 col-md-6 col-lg-4\">\r\n\t\t\t\t\t<img decoding=\"async\" src=\"https:\/\/www.elitemakina.com.tr\/wp-content\/uploads\/2024\/05\/42-scaled.jpg\" alt=\"\" class=\"image\" title=\"\">\r\n\t\t\t\t<\/a>\r\n\r\n\t\t\t\r\n\t\t\t\t<a href=\"https:\/\/www.elitemakina.com.tr\/wp-content\/uploads\/2024\/05\/40-kopyasi.jpg\" class=\"item col-12 col-sm-6 col-md-6 col-lg-4\">\r\n\t\t\t\t\t<img decoding=\"async\" src=\"https:\/\/www.elitemakina.com.tr\/wp-content\/uploads\/2024\/05\/40-kopyasi.jpg\" alt=\"\" class=\"image\" title=\"\">\r\n\t\t\t\t<\/a>\r\n\r\n\t\t\t\r\n\t\t\t\t<a href=\"https:\/\/www.elitemakina.com.tr\/wp-content\/uploads\/2024\/05\/1-kopyasi-scaled.jpg\" class=\"item col-12 col-sm-6 col-md-6 col-lg-4\">\r\n\t\t\t\t\t<img decoding=\"async\" src=\"https:\/\/www.elitemakina.com.tr\/wp-content\/uploads\/2024\/05\/1-kopyasi-scaled.jpg\" alt=\"\" class=\"image\" title=\"\">\r\n\t\t\t\t<\/a>\r\n\r\n\t\t\t\r\n\t\t\t\t<a href=\"https:\/\/www.elitemakina.com.tr\/wp-content\/uploads\/2024\/05\/41-kopyasi.jpg\" class=\"item col-12 col-sm-6 col-md-6 col-lg-4\">\r\n\t\t\t\t\t<img decoding=\"async\" src=\"https:\/\/www.elitemakina.com.tr\/wp-content\/uploads\/2024\/05\/41-kopyasi.jpg\" alt=\"\" class=\"image\" title=\"\">\r\n\t\t\t\t<\/a>\r\n\r\n\t\t\t\r\n\t\t\t\t<a href=\"https:\/\/www.elitemakina.com.tr\/wp-content\/uploads\/2022\/03\/21-son.webp\" class=\"item col-12 col-sm-6 col-md-6 col-lg-4\">\r\n\t\t\t\t\t<img decoding=\"async\" src=\"https:\/\/www.elitemakina.com.tr\/wp-content\/uploads\/2022\/03\/21-son.webp\" alt=\"\" class=\"image\" title=\"\">\r\n\t\t\t\t<\/a>\r\n\r\n\t\t\t\r\n\t\t\t\t<a href=\"https:\/\/www.elitemakina.com.tr\/wp-content\/uploads\/2024\/06\/Adsiz-tasarim-2.png\" class=\"item col-12 col-sm-6 col-md-6 col-lg-4\">\r\n\t\t\t\t\t<img decoding=\"async\" src=\"https:\/\/www.elitemakina.com.tr\/wp-content\/uploads\/2024\/06\/Adsiz-tasarim-2.png\" alt=\"\" class=\"image\" title=\"\">\r\n\t\t\t\t<\/a>\r\n\r\n\t\t\t\r\n\t\t\t\t<a href=\"https:\/\/www.elitemakina.com.tr\/wp-content\/uploads\/2024\/05\/30-kopyasi-1.jpg\" class=\"item col-12 col-sm-6 col-md-6 col-lg-4\">\r\n\t\t\t\t\t<img decoding=\"async\" src=\"https:\/\/www.elitemakina.com.tr\/wp-content\/uploads\/2024\/05\/30-kopyasi-1.jpg\" alt=\"\" class=\"image\" title=\"\">\r\n\t\t\t\t<\/a>\r\n\r\n\t\t\t\r\n\t\t\t\t<a href=\"https:\/\/www.elitemakina.com.tr\/wp-content\/uploads\/2022\/03\/17-son.webp\" class=\"item col-12 col-sm-6 col-md-6 col-lg-4\">\r\n\t\t\t\t\t<img decoding=\"async\" src=\"https:\/\/www.elitemakina.com.tr\/wp-content\/uploads\/2022\/03\/17-son.webp\" alt=\"\" class=\"image\" title=\"\">\r\n\t\t\t\t<\/a>\r\n\r\n\t\t\t\r\n\t\t\t\t<a href=\"https:\/\/www.elitemakina.com.tr\/wp-content\/uploads\/2022\/03\/fistik-pirinc-makinasi.jpg\" class=\"item col-12 col-sm-6 col-md-6 col-lg-4\">\r\n\t\t\t\t\t<img decoding=\"async\" src=\"https:\/\/www.elitemakina.com.tr\/wp-content\/uploads\/2022\/03\/fistik-pirinc-makinasi.jpg\" alt=\"\" class=\"image\" title=\"\">\r\n\t\t\t\t<\/a>\r\n\r\n\t\t\t\r\n\t\t<\/div> \r\n\r\n\t\t\t<\/div>\n\t\t\t\t<\/div>\n\t\t\t\t\t<\/div>\n\t\t<\/div>\n\t\t\t\t\t<\/div>\n\t\t<\/section>\n\t\t\t\t\t<\/div>\n\t\t<\/div>\n\t\t\t\t\t<\/div>\n\t\t<\/section>\n\t\t\t\t<\/div>\n\t\t","protected":false},"excerpt":{"rendered":"<p>Ingenier\u00eda y Maquinaria de \u00e9lite Galer\u00eda Como Elite Engineering &#038; Machinery, una de las empresas bien establecidas en el sector&#8230;<\/p>\n","protected":false},"author":1,"featured_media":17918,"parent":0,"menu_order":0,"comment_status":"closed","ping_status":"closed","template":"","meta":{"_acf_changed":false,"footnotes":""},"class_list":["post-18357","page","type-page","status-publish","has-post-thumbnail","hentry"],"acf":[],"_links":{"self":[{"href":"https:\/\/www.elitemakina.com.tr\/es\/wp-json\/wp\/v2\/pages\/18357","targetHints":{"allow":["GET"]}}],"collection":[{"href":"https:\/\/www.elitemakina.com.tr\/es\/wp-json\/wp\/v2\/pages"}],"about":[{"href":"https:\/\/www.elitemakina.com.tr\/es\/wp-json\/wp\/v2\/types\/page"}],"author":[{"embeddable":true,"href":"https:\/\/www.elitemakina.com.tr\/es\/wp-json\/wp\/v2\/users\/1"}],"replies":[{"embeddable":true,"href":"https:\/\/www.elitemakina.com.tr\/es\/wp-json\/wp\/v2\/comments?post=18357"}],"version-history":[{"count":0,"href":"https:\/\/www.elitemakina.com.tr\/es\/wp-json\/wp\/v2\/pages\/18357\/revisions"}],"wp:featuredmedia":[{"embeddable":true,"href":"https:\/\/www.elitemakina.com.tr\/es\/wp-json\/wp\/v2\/media\/17918"}],"wp:attachment":[{"href":"https:\/\/www.elitemakina.com.tr\/es\/wp-json\/wp\/v2\/media?parent=18357"}],"curies":[{"name":"wp","href":"https:\/\/api.w.org\/{rel}","templated":true}]}}