{"id":18252,"date":"2022-03-27T12:04:48","date_gmt":"2022-03-27T12:04:48","guid":{"rendered":"https:\/\/www.elitemakina.com.tr\/misyonumuz\/"},"modified":"2022-03-29T00:56:36","modified_gmt":"2022-03-29T00:56:36","slug":"nuestra-mision","status":"publish","type":"page","link":"https:\/\/www.elitemakina.com.tr\/es\/nuestra-mision\/","title":{"rendered":"Nuestra misi\u00f3n"},"content":{"rendered":"\t\t<div data-elementor-type=\"wp-page\" data-elementor-id=\"18252\" class=\"elementor elementor-18252 elementor-15674\">\n\t\t\t\t\t\t<section class=\"elementor-section elementor-top-section elementor-element elementor-element-721d212 elementor-section-boxed elementor-section-height-default elementor-section-height-default\" data-id=\"721d212\" data-element_type=\"section\">\n\t\t\t\t\t\t<div class=\"elementor-container elementor-column-gap-no\">\n\t\t\t\t\t<div class=\"elementor-column elementor-col-50 elementor-top-column elementor-element elementor-element-47bdc86\" data-id=\"47bdc86\" data-element_type=\"column\">\n\t\t\t<div class=\"elementor-widget-wrap elementor-element-populated\">\n\t\t\t\t\t\t<section class=\"elementor-section elementor-inner-section elementor-element elementor-element-7c73989 elementor-section-full_width elementor-section-height-default elementor-section-height-default\" data-id=\"7c73989\" data-element_type=\"section\">\n\t\t\t\t\t\t<div class=\"elementor-container elementor-column-gap-no\">\n\t\t\t\t\t<div class=\"elementor-column elementor-col-100 elementor-inner-column elementor-element elementor-element-99aefd4\" data-id=\"99aefd4\" data-element_type=\"column\">\n\t\t\t<div class=\"elementor-widget-wrap elementor-element-populated\">\n\t\t\t\t\t\t<div class=\"elementor-element elementor-element-e1f7d40 elementor-widget elementor-widget-nxg-pre-title\" data-id=\"e1f7d40\" data-element_type=\"widget\" data-widget_type=\"nxg-pre-title.default\">\n\t\t\t\t<div class=\"elementor-widget-container\">\n\t\t\t\r\n    <div class=\"text-left\">\r\n      <h6 class=\"pre-title\">\r\n        INGENIER\u00cdA Y MAQUINARIA DE \u00c9LITE      <\/h6>\r\n    <\/div>\r\n\r\n  \t\t<\/div>\n\t\t\t\t<\/div>\n\t\t\t\t<div class=\"elementor-element elementor-element-c65dc4f elementor-widget elementor-widget-nxg-dual-heading\" data-id=\"c65dc4f\" data-element_type=\"widget\" data-widget_type=\"nxg-dual-heading.default\">\n\t\t\t\t<div class=\"elementor-widget-container\">\n\t\t\t\r\n    <div class=\"text-left\">\r\n      <h2 class=\"heading\">\r\n        Nuestra misi\u00f3n      <\/h2>\r\n    <\/div>\r\n\r\n  \t\t<\/div>\n\t\t\t\t<\/div>\n\t\t\t\t<div class=\"elementor-element elementor-element-691e82d elementor-widget elementor-widget-nxg-paragraph\" data-id=\"691e82d\" data-element_type=\"widget\" data-widget_type=\"nxg-paragraph.default\">\n\t\t\t\t<div class=\"elementor-widget-container\">\n\t\t\t\r\n    <div class=\"text-left\">\r\n      <p class=\"paragraph\">\r\n        <p style=\"text-align: justify;\">Nuestra misi\u00f3n; brindar servicios r\u00e1pidos, competitivos y que satisfagan las expectativas de nuestros clientes con un trabajo din\u00e1mico en equipo. Combinando nuestro conocimiento t\u00e9cnico con nuestros principios y creatividad, es producir productos que son modernos y necesarios para la industria de la maquinaria. Nuestra \u00e1rea objetivo es todo el mundo, no solo la ciudad o el pa\u00eds en el que nos encontramos.\n\n<\/p>      <\/p>\r\n    <\/div>\r\n\r\n  \t\t<\/div>\n\t\t\t\t<\/div>\n\t\t\t\t\t<\/div>\n\t\t<\/div>\n\t\t\t\t\t<\/div>\n\t\t<\/section>\n\t\t\t\t<section class=\"elementor-section elementor-inner-section elementor-element elementor-element-85492a5 elementor-section-full_width elementor-section-height-default elementor-section-height-default\" data-id=\"85492a5\" data-element_type=\"section\">\n\t\t\t\t\t\t<div class=\"elementor-container elementor-column-gap-no\">\n\t\t\t\t\t<div class=\"elementor-column elementor-col-50 elementor-inner-column elementor-element elementor-element-0bfdd5c\" data-id=\"0bfdd5c\" data-element_type=\"column\">\n\t\t\t<div class=\"elementor-widget-wrap elementor-element-populated\">\n\t\t\t\t\t\t<div class=\"elementor-element elementor-element-8d3d820 elementor-widget elementor-widget-nxg-icon-list\" data-id=\"8d3d820\" data-element_type=\"widget\" data-widget_type=\"nxg-icon-list.default\">\n\t\t\t\t<div class=\"elementor-widget-container\">\n\t\t\t\r\n    <ul class=\"navbar-nav\">\r\n              <li class=\"nav-item\">\r\n                    <a href=\"#\" target=&quot;_blank&quot; rel=&quot;nofollow&quot; class=\"nav-link text-left\">\r\n            <div class=\"icon-wrapper\">\r\n              <i class=\"list-icon fas fa-user-cog\"><\/i>            <\/div>\r\n            <span class=\"list-text\">\r\n               Apoyo t\u00e9cnico            <\/span>\r\n          <\/a>\r\n        <\/li>\r\n          <\/ul>\r\n\r\n\t\t\t<\/div>\n\t\t\t\t<\/div>\n\t\t\t\t<div class=\"elementor-element elementor-element-4572b78 elementor-widget elementor-widget-nxg-paragraph\" data-id=\"4572b78\" data-element_type=\"widget\" data-widget_type=\"nxg-paragraph.default\">\n\t\t\t\t<div class=\"elementor-widget-container\">\n\t\t\t\r\n    <div class=\"text-left\">\r\n      <p class=\"paragraph\">\r\n        Como Maquinaria e ingenier\u00eda de \u00e9lite, proporcionamos soporte t\u00e9cnico.      <\/p>\r\n    <\/div>\r\n\r\n  \t\t<\/div>\n\t\t\t\t<\/div>\n\t\t\t\t\t<\/div>\n\t\t<\/div>\n\t\t\t\t<div class=\"elementor-column elementor-col-50 elementor-inner-column elementor-element elementor-element-5f5bb32\" data-id=\"5f5bb32\" data-element_type=\"column\">\n\t\t\t<div class=\"elementor-widget-wrap elementor-element-populated\">\n\t\t\t\t\t\t<div class=\"elementor-element elementor-element-7475d4d elementor-widget elementor-widget-nxg-icon-list\" data-id=\"7475d4d\" data-element_type=\"widget\" data-widget_type=\"nxg-icon-list.default\">\n\t\t\t\t<div class=\"elementor-widget-container\">\n\t\t\t\r\n    <ul class=\"navbar-nav\">\r\n              <li class=\"nav-item\">\r\n                    <a href=\"#\" target=&quot;_blank&quot; rel=&quot;nofollow&quot; class=\"nav-link text-left\">\r\n            <div class=\"icon-wrapper\">\r\n              <i class=\"list-icon fas fa-project-diagram\"><\/i>            <\/div>\r\n            <span class=\"list-text\">\r\n              Solucion orientada            <\/span>\r\n          <\/a>\r\n        <\/li>\r\n          <\/ul>\r\n\r\n\t\t\t<\/div>\n\t\t\t\t<\/div>\n\t\t\t\t<div class=\"elementor-element elementor-element-bb3fe92 elementor-widget elementor-widget-nxg-paragraph\" data-id=\"bb3fe92\" data-element_type=\"widget\" data-widget_type=\"nxg-paragraph.default\">\n\t\t\t\t<div class=\"elementor-widget-container\">\n\t\t\t\r\n    <div class=\"text-left\">\r\n      <p class=\"paragraph\">\r\n        Trabajar orientado a la soluci\u00f3n es el principio m\u00e1s b\u00e1sico de nuestra empresa.\n\n      <\/p>\r\n    <\/div>\r\n\r\n  \t\t<\/div>\n\t\t\t\t<\/div>\n\t\t\t\t\t<\/div>\n\t\t<\/div>\n\t\t\t\t\t<\/div>\n\t\t<\/section>\n\t\t\t\t<section class=\"elementor-section elementor-inner-section elementor-element elementor-element-9ee5fca elementor-section-full_width elementor-section-height-default elementor-section-height-default\" data-id=\"9ee5fca\" data-element_type=\"section\">\n\t\t\t\t\t\t<div class=\"elementor-container elementor-column-gap-no\">\n\t\t\t\t\t<div class=\"elementor-column elementor-col-50 elementor-inner-column elementor-element elementor-element-b580972\" data-id=\"b580972\" data-element_type=\"column\">\n\t\t\t<div class=\"elementor-widget-wrap elementor-element-populated\">\n\t\t\t\t\t\t<div class=\"elementor-element elementor-element-8f761d4 elementor-widget elementor-widget-nxg-icon-list\" data-id=\"8f761d4\" data-element_type=\"widget\" data-widget_type=\"nxg-icon-list.default\">\n\t\t\t\t<div class=\"elementor-widget-container\">\n\t\t\t\r\n    <ul class=\"navbar-nav\">\r\n              <li class=\"nav-item\">\r\n                    <a href=\"#\" target=&quot;_blank&quot; rel=&quot;nofollow&quot; class=\"nav-link text-left\">\r\n            <div class=\"icon-wrapper\">\r\n              <i class=\"list-icon fas fa-cogs\"><\/i>            <\/div>\r\n            <span class=\"list-text\">\r\n               \u00daltima tecnolog\u00eda            <\/span>\r\n          <\/a>\r\n        <\/li>\r\n          <\/ul>\r\n\r\n\t\t\t<\/div>\n\t\t\t\t<\/div>\n\t\t\t\t<div class=\"elementor-element elementor-element-e8792ba elementor-widget elementor-widget-nxg-paragraph\" data-id=\"e8792ba\" data-element_type=\"widget\" data-widget_type=\"nxg-paragraph.default\">\n\t\t\t\t<div class=\"elementor-widget-container\">\n\t\t\t\r\n    <div class=\"text-left\">\r\n      <p class=\"paragraph\">\r\n        Las m\u00e1quinas que producimos son productos de \u00faltima tecnolog\u00eda.\n\n      <\/p>\r\n    <\/div>\r\n\r\n  \t\t<\/div>\n\t\t\t\t<\/div>\n\t\t\t\t\t<\/div>\n\t\t<\/div>\n\t\t\t\t<div class=\"elementor-column elementor-col-50 elementor-inner-column elementor-element elementor-element-81236bc\" data-id=\"81236bc\" data-element_type=\"column\">\n\t\t\t<div class=\"elementor-widget-wrap elementor-element-populated\">\n\t\t\t\t\t\t<div class=\"elementor-element elementor-element-25d7729 elementor-widget elementor-widget-nxg-icon-list\" data-id=\"25d7729\" data-element_type=\"widget\" data-widget_type=\"nxg-icon-list.default\">\n\t\t\t\t<div class=\"elementor-widget-container\">\n\t\t\t\r\n    <ul class=\"navbar-nav\">\r\n              <li class=\"nav-item\">\r\n                    <a href=\"#\" target=&quot;_blank&quot; rel=&quot;nofollow&quot; class=\"nav-link text-left\">\r\n            <div class=\"icon-wrapper\">\r\n              <i class=\"list-icon fas fa-recycle\"><\/i>            <\/div>\r\n            <span class=\"list-text\">\r\n               Respetuoso del medio ambiente            <\/span>\r\n          <\/a>\r\n        <\/li>\r\n          <\/ul>\r\n\r\n\t\t\t<\/div>\n\t\t\t\t<\/div>\n\t\t\t\t<div class=\"elementor-element elementor-element-acd6041 elementor-widget elementor-widget-nxg-paragraph\" data-id=\"acd6041\" data-element_type=\"widget\" data-widget_type=\"nxg-paragraph.default\">\n\t\t\t\t<div class=\"elementor-widget-container\">\n\t\t\t\r\n    <div class=\"text-left\">\r\n      <p class=\"paragraph\">\r\n        Como Ingenier\u00eda y Maquinaria de \u00e9lite, producimos m\u00e1quinas aptas para escenarios.      <\/p>\r\n    <\/div>\r\n\r\n  \t\t<\/div>\n\t\t\t\t<\/div>\n\t\t\t\t\t<\/div>\n\t\t<\/div>\n\t\t\t\t\t<\/div>\n\t\t<\/section>\n\t\t\t\t\t<\/div>\n\t\t<\/div>\n\t\t\t\t<div class=\"elementor-column elementor-col-50 elementor-top-column elementor-element elementor-element-2280b35\" data-id=\"2280b35\" data-element_type=\"column\">\n\t\t\t<div class=\"elementor-widget-wrap elementor-element-populated\">\n\t\t\t\t\t\t<div class=\"elementor-element elementor-element-23ea900 elementor-widget elementor-widget-nxg-video\" data-id=\"23ea900\" data-element_type=\"widget\" data-widget_type=\"nxg-video.default\">\n\t\t\t\t<div class=\"elementor-widget-container\">\n\t\t\t\r\n    <div class=\"nxg-gallery\">\r\n      <a href=\"https:\/\/www.youtube.com\/watch?v=Hr3O-bk_lec\" class=\"square-image d-flex justify-content-center align-items-center\" rel=\"noopener\">\r\n        <i class=\"icon auto fas fa-play\"><\/i>\r\n        <img decoding=\"async\" src=\"https:\/\/www.elitemakina.com.tr\/wp-content\/uploads\/2022\/03\/hakkimizda.jpg\" class=\"fit-image\" alt=\"Elite M\u00fchendislik &amp; Makina\" title=\"\">\r\n      <\/a>\r\n    <\/div>\r\n\r\n  \t\t<\/div>\n\t\t\t\t<\/div>\n\t\t\t\t\t<\/div>\n\t\t<\/div>\n\t\t\t\t\t<\/div>\n\t\t<\/section>\n\t\t\t\t<\/div>\n\t\t","protected":false},"excerpt":{"rendered":"<p>INGENIER\u00cdA Y MAQUINARIA DE \u00c9LITE Nuestra misi\u00f3n Nuestra misi\u00f3n; brindar servicios r\u00e1pidos, competitivos y que satisfagan las expectativas de nuestros&#8230;<\/p>\n","protected":false},"author":1,"featured_media":18119,"parent":0,"menu_order":0,"comment_status":"closed","ping_status":"closed","template":"","meta":{"_acf_changed":false,"footnotes":""},"class_list":["post-18252","page","type-page","status-publish","has-post-thumbnail","hentry"],"acf":[],"_links":{"self":[{"href":"https:\/\/www.elitemakina.com.tr\/es\/wp-json\/wp\/v2\/pages\/18252","targetHints":{"allow":["GET"]}}],"collection":[{"href":"https:\/\/www.elitemakina.com.tr\/es\/wp-json\/wp\/v2\/pages"}],"about":[{"href":"https:\/\/www.elitemakina.com.tr\/es\/wp-json\/wp\/v2\/types\/page"}],"author":[{"embeddable":true,"href":"https:\/\/www.elitemakina.com.tr\/es\/wp-json\/wp\/v2\/users\/1"}],"replies":[{"embeddable":true,"href":"https:\/\/www.elitemakina.com.tr\/es\/wp-json\/wp\/v2\/comments?post=18252"}],"version-history":[{"count":0,"href":"https:\/\/www.elitemakina.com.tr\/es\/wp-json\/wp\/v2\/pages\/18252\/revisions"}],"wp:featuredmedia":[{"embeddable":true,"href":"https:\/\/www.elitemakina.com.tr\/es\/wp-json\/wp\/v2\/media\/18119"}],"wp:attachment":[{"href":"https:\/\/www.elitemakina.com.tr\/es\/wp-json\/wp\/v2\/media?parent=18252"}],"curies":[{"name":"wp","href":"https:\/\/api.w.org\/{rel}","templated":true}]}}