{"id":18206,"date":"2022-03-26T13:02:46","date_gmt":"2022-03-26T13:02:46","guid":{"rendered":"https:\/\/www.elitemakina.com.tr\/cerez-politikasi\/"},"modified":"2022-03-29T00:07:55","modified_gmt":"2022-03-29T00:07:55","slug":"politica-de-cookies","status":"publish","type":"page","link":"https:\/\/www.elitemakina.com.tr\/es\/politica-de-cookies\/","title":{"rendered":"Pol\u00edtica de cookies"},"content":{"rendered":"<p style=\"text-align: justify;\">Cuando utiliza o visita el sitio web elitemakina.com.tr de Elite Makina, podemos colocar cookies en su computadora o dispositivo y recibir la informaci\u00f3n almacenada en estas cookies.\u00a0Las cookies son peque\u00f1os fragmentos de texto que se utilizan para almacenar informaci\u00f3n en los navegadores de Internet.\u00a0Las cookies se utilizan para recopilar y almacenar identificadores y otra informaci\u00f3n en computadoras, tel\u00e9fonos y otros dispositivos.\u00a0Se utilizan otras tecnolog\u00edas para fines similares, como los datos que tenemos en su navegador web o dispositivo, los identificadores asociados con su dispositivo y otro software.\u00a0En esta pol\u00edtica, todas estas tecnolog\u00edas se denominar\u00e1n \u00abcookies\u00bb.<\/p>\r\n<p style=\"text-align: justify;\"><strong>Galletas;\u00a0<\/strong>\u00a0nos ayuda a brindar, proteger y mejorar nuestros servicios, como personalizar el contenido, personalizar los anuncios, medir los resultados de los anuncios y brindar una experiencia m\u00e1s segura.<\/p>\r\n<p style=\"text-align: justify;\"><strong>Prop\u00f3sito del uso de cookies<\/strong>\u00a0Lo usamos para \u00a0verificar su cuenta y determinar que ha iniciado sesi\u00f3n en su cuenta, para mantener sus datos y servicios seguros y protegidos, para mejorar la calidad de nuestro servicio, para comprender mejor c\u00f3mo nuestros usuarios usan nuestros servicios y para mejorar estos servicios .<\/p>\r\n<p style=\"text-align: justify;\">Los terceros tambi\u00e9n utilizan cookies en sus propios sitios y aplicaciones en relaci\u00f3n con el sitio web elitemakina.com.tr.\u00a0Para comprender c\u00f3mo otras partes utilizan las cookies, revise sus respectivas pol\u00edticas.<\/p>\r\n<p style=\"text-align: justify;\"><strong>Tipos de Galletas<\/strong><\/p>\r\n<p style=\"text-align: justify;\"><strong>Cookies temporales:<\/strong>\u00a0\u00a0las cookies temporales solo se almacenan temporalmente durante la sesi\u00f3n y se eliminan tan pronto como cierra su navegador.\u00a0Cookies persistentes: las cookies persistentes permanecen en la computadora\/dispositivo m\u00f3vil despu\u00e9s de que cierra el navegador o la aplicaci\u00f3n y se utilizan para reconocerlo cuando regresamos al sitio web.\u00a0Se instala una nueva cookie y permanece en su computadora o dispositivo m\u00f3vil hasta que caduquen las cookies persistentes.<\/p>\r\n<p style=\"text-align: justify;\"><strong>Cookies de publicidad \/objetivo:<\/strong>\u00a0\u00a0Las cookies publicitarias son cookies instaladas por un tercero durante una aplicaci\u00f3n\/sitio web o visita de uso.\u00a0Las cookies publicitarias se utilizan para transmitir cierta informaci\u00f3n sobre su visita a nuestro sitio a un tercero.<\/p>\r\n<p style=\"text-align: justify;\"><strong>Cookies obligatorias: Cookie<\/strong>\u00a0\u00a0necesaria e importante.\u00a0Le permite crear una cuenta de usuario, iniciar sesi\u00f3n y navegar por nuestro sitio web.\u00a0Las cookies persistentes permanecen en su computadora o dispositivo m\u00f3vil despu\u00e9s de que cierra el navegador o la aplicaci\u00f3n y se utilizan para reconocerlo cuando regresa a nuestro sitio web.\u00a0Las cookies obligatorias son an\u00f3nimas.\u00a0Cookies de rendimiento y an\u00e1lisis: se utilizan para recopilar informaci\u00f3n sobre c\u00f3mo utiliza los sitios web y las aplicaciones (p\u00e1ginas que siguen, duraci\u00f3n promedio de la visita, etc.) para mejorar el funcionamiento general de los visitantes en los sitios web y las aplicaciones.<\/p>\r\n<p style=\"text-align: justify;\"><strong>Cookies de funcionalidad:<\/strong>\u00a0\u00a0Las cookies de funcionalidad son cookies utilizadas para facilitar la visita al sitio web y mejorar su experiencia de navegaci\u00f3n.\u00a0Le permite recordar ciertas configuraciones, como su idioma preferido, dise\u00f1o o combinaci\u00f3n de colores.<\/p>\r\n<p style=\"text-align: justify;\"><strong>Cookies publicitarias: las cookies<\/strong>\u00a0\u00a0publicitarias y de personalizaci\u00f3n se utilizan para recopilar informaci\u00f3n sobre el comportamiento de navegaci\u00f3n de los visitantes de nuestros sitios web con el fin de personalizar nuestra publicidad y el contenido del sitio web para su propio beneficio personal.<\/p>\r\n<p style=\"text-align: justify;\"><strong>Cookies de seguimiento: Las cookies<\/strong>\u00a0\u00a0de seguimiento se utilizan para monitorear el comportamiento de navegaci\u00f3n en Internet de los visitantes y para recopilar datos e informaci\u00f3n sobre su comportamiento de navegaci\u00f3n de varios sitios web que visitan.<\/p>\r\n<p style=\"text-align: justify;\"><strong>Controles de cookies del navegador Su<\/strong>\u00a0\u00a0navegador o dispositivo puede ofrecer algunas configuraciones adicionales que le permiten elegir si colocar cookies en el navegador y eliminarlas.\u00a0Para obtener m\u00e1s informaci\u00f3n sobre estos controles, consulte los materiales de ayuda de su navegador o dispositivo.\u00a0Si ha deshabilitado el uso de cookies del navegador, es posible que algunas partes del sitio web elitemakina.com.tr no funcionen correctamente<\/p>","protected":false},"excerpt":{"rendered":"<p>Cuando utiliza o visita el sitio web elitemakina.com.tr de Elite Makina, podemos colocar cookies en su computadora o dispositivo y&#8230;<\/p>\n","protected":false},"author":1,"featured_media":18110,"parent":0,"menu_order":0,"comment_status":"closed","ping_status":"open","template":"","meta":{"_acf_changed":false,"footnotes":""},"class_list":["post-18206","page","type-page","status-publish","has-post-thumbnail","hentry"],"acf":[],"_links":{"self":[{"href":"https:\/\/www.elitemakina.com.tr\/es\/wp-json\/wp\/v2\/pages\/18206","targetHints":{"allow":["GET"]}}],"collection":[{"href":"https:\/\/www.elitemakina.com.tr\/es\/wp-json\/wp\/v2\/pages"}],"about":[{"href":"https:\/\/www.elitemakina.com.tr\/es\/wp-json\/wp\/v2\/types\/page"}],"author":[{"embeddable":true,"href":"https:\/\/www.elitemakina.com.tr\/es\/wp-json\/wp\/v2\/users\/1"}],"replies":[{"embeddable":true,"href":"https:\/\/www.elitemakina.com.tr\/es\/wp-json\/wp\/v2\/comments?post=18206"}],"version-history":[{"count":0,"href":"https:\/\/www.elitemakina.com.tr\/es\/wp-json\/wp\/v2\/pages\/18206\/revisions"}],"wp:featuredmedia":[{"embeddable":true,"href":"https:\/\/www.elitemakina.com.tr\/es\/wp-json\/wp\/v2\/media\/18110"}],"wp:attachment":[{"href":"https:\/\/www.elitemakina.com.tr\/es\/wp-json\/wp\/v2\/media?parent=18206"}],"curies":[{"name":"wp","href":"https:\/\/api.w.org\/{rel}","templated":true}]}}