{"id":18286,"date":"2022-01-03T18:12:25","date_gmt":"2022-01-03T18:12:25","guid":{"rendered":"https:\/\/www.elitemakina.com.tr\/hakkimizda\/"},"modified":"2024-06-19T20:49:35","modified_gmt":"2024-06-19T20:49:35","slug":"about-us","status":"publish","type":"page","link":"https:\/\/www.elitemakina.com.tr\/en\/about-us\/","title":{"rendered":"About Us"},"content":{"rendered":"\t\t<div data-elementor-type=\"wp-page\" data-elementor-id=\"18286\" class=\"elementor elementor-18286 elementor-9937\">\n\t\t\t\t\t\t<section class=\"elementor-section elementor-top-section elementor-element elementor-element-005a061 elementor-section-boxed elementor-section-height-default elementor-section-height-default\" data-id=\"005a061\" data-element_type=\"section\">\n\t\t\t\t\t\t<div class=\"elementor-container elementor-column-gap-no\">\n\t\t\t\t\t<div class=\"elementor-column elementor-col-100 elementor-top-column elementor-element elementor-element-aae9333\" data-id=\"aae9333\" data-element_type=\"column\">\n\t\t\t<div class=\"elementor-widget-wrap elementor-element-populated\">\n\t\t\t\t\t\t<section class=\"elementor-section elementor-inner-section elementor-element elementor-element-f4a744b elementor-section-full_width elementor-section-height-default elementor-section-height-default\" data-id=\"f4a744b\" data-element_type=\"section\">\n\t\t\t\t\t\t<div class=\"elementor-container elementor-column-gap-no\">\n\t\t\t\t\t<div class=\"elementor-column elementor-col-66 elementor-inner-column elementor-element elementor-element-8adb17a\" data-id=\"8adb17a\" data-element_type=\"column\">\n\t\t\t<div class=\"elementor-widget-wrap elementor-element-populated\">\n\t\t\t\t\t\t<div class=\"elementor-element elementor-element-df4aa74 elementor-widget elementor-widget-nxg-pre-title\" data-id=\"df4aa74\" data-element_type=\"widget\" data-widget_type=\"nxg-pre-title.default\">\n\t\t\t\t<div class=\"elementor-widget-container\">\n\t\t\t\r\n    <div class=\"text-left\">\r\n      <h6 class=\"pre-title\">\r\n        Institutional      <\/h6>\r\n    <\/div>\r\n\r\n  \t\t<\/div>\n\t\t\t\t<\/div>\n\t\t\t\t<div class=\"elementor-element elementor-element-99600f9 elementor-widget elementor-widget-nxg-dual-heading\" data-id=\"99600f9\" data-element_type=\"widget\" data-widget_type=\"nxg-dual-heading.default\">\n\t\t\t\t<div class=\"elementor-widget-container\">\n\t\t\t\r\n    <div class=\"text-left\">\r\n      <h2 class=\"heading\">\r\n        Get to know us      <\/h2>\r\n    <\/div>\r\n\r\n  \t\t<\/div>\n\t\t\t\t<\/div>\n\t\t\t\t<div class=\"elementor-element elementor-element-21198d5 elementor-widget elementor-widget-nxg-dual-heading\" data-id=\"21198d5\" data-element_type=\"widget\" data-widget_type=\"nxg-dual-heading.default\">\n\t\t\t\t<div class=\"elementor-widget-container\">\n\t\t\t\r\n    <div class=\"text-left\">\r\n      <h2 class=\"heading\">\r\n              <\/h2>\r\n    <\/div>\r\n\r\n  \t\t<\/div>\n\t\t\t\t<\/div>\n\t\t\t\t<div class=\"elementor-element elementor-element-3abe6ef elementor-widget elementor-widget-text-editor\" data-id=\"3abe6ef\" data-element_type=\"widget\" data-widget_type=\"text-editor.default\">\n\t\t\t\t<div class=\"elementor-widget-container\">\n\t\t\t\t\t\t\t<p>Our company was established in Gaziantep province; It is one of the best companies in the industry. Our founder, mechanical engineer K\u00fcr\u015fad Orhan, combined his experience and knowledge gained over many years in the machinery industry with a team specialized in high technology and manufacturing, and started to produce stainless steel and normal steel products that appeal to all areas of the machinery industry.<\/p><p>Another feature of our company is that we are the only address that brings together engineering and machinery in Gaziantep. Another feature of our company is to support companies by designing and developing the machines that companies need but cannot find or have made.<\/p>\t\t\t\t\t\t<\/div>\n\t\t\t\t<\/div>\n\t\t\t\t\t<\/div>\n\t\t<\/div>\n\t\t\t\t<div class=\"elementor-column elementor-col-33 elementor-inner-column elementor-element elementor-element-6d55ed9\" data-id=\"6d55ed9\" data-element_type=\"column\">\n\t\t\t<div class=\"elementor-widget-wrap elementor-element-populated\">\n\t\t\t\t\t\t<div class=\"elementor-element elementor-element-9a648f9 elementor-widget elementor-widget-nxg-testimonial\" data-id=\"9a648f9\" data-element_type=\"widget\" data-widget_type=\"nxg-testimonial.default\">\n\t\t\t\t<div class=\"elementor-widget-container\">\n\t\t\t\r\n    <div class=\"quote\">\r\n      <div class=\"quote-content\">\r\n\r\n        <div class=\"text-left\">\r\n          <h4 class=\"heading\">\r\n            Elite Machine Company           <\/h4>\r\n        <\/div> \r\n\r\n        <div class=\"text-left\">\r\n          <p class=\"paragraph\">\r\n            \u0130nsanlara daha iyi hizmet verebilmek i\u00e7in makinelerin birbirleriyle daha kolay konu\u015fmas\u0131 gerekir.<br><br><b><u>Nicholas Negroponte<\/u><\/b>\n\n\n          <\/p>\r\n        <\/div>\r\n\r\n      <\/div>\r\n\r\n      <div class=\"icon-wrapper\">\r\n        <i class=\"quote-icon quote-right fas fa-microphone\"><\/i>      <\/div>\r\n\r\n    <\/div>\r\n\r\n  \t\t<\/div>\n\t\t\t\t<\/div>\n\t\t\t\t\t<\/div>\n\t\t<\/div>\n\t\t\t\t\t<\/div>\n\t\t<\/section>\n\t\t\t\t\t<\/div>\n\t\t<\/div>\n\t\t\t\t\t<\/div>\n\t\t<\/section>\n\t\t\t\t<section class=\"elementor-section elementor-top-section elementor-element elementor-element-85abbd7 grayscale-video dotted-divider elementor-section-boxed elementor-section-height-default elementor-section-height-default\" data-id=\"85abbd7\" data-element_type=\"section\" data-settings=\"{&quot;background_background&quot;:&quot;classic&quot;}\">\n\t\t\t\t\t\t\t<div class=\"elementor-background-overlay\"><\/div>\n\t\t\t\t\t\t\t<div class=\"elementor-container elementor-column-gap-no\">\n\t\t\t\t\t<div class=\"elementor-column elementor-col-100 elementor-top-column elementor-element elementor-element-3518b8d\" data-id=\"3518b8d\" data-element_type=\"column\">\n\t\t\t<div class=\"elementor-widget-wrap elementor-element-populated\">\n\t\t\t\t\t\t<section class=\"elementor-section elementor-inner-section elementor-element elementor-element-576e87c elementor-section-boxed elementor-section-height-default elementor-section-height-default\" data-id=\"576e87c\" data-element_type=\"section\">\n\t\t\t\t\t\t<div class=\"elementor-container elementor-column-gap-no\">\n\t\t\t\t\t<div class=\"elementor-column elementor-col-100 elementor-inner-column elementor-element elementor-element-6cc8881\" data-id=\"6cc8881\" data-element_type=\"column\">\n\t\t\t<div class=\"elementor-widget-wrap elementor-element-populated\">\n\t\t\t\t\t\t<div class=\"elementor-element elementor-element-e0f2d9b elementor-widget elementor-widget-nxg-pre-title\" data-id=\"e0f2d9b\" data-element_type=\"widget\" data-widget_type=\"nxg-pre-title.default\">\n\t\t\t\t<div class=\"elementor-widget-container\">\n\t\t\t\r\n    <div class=\"text-center\">\r\n      <h6 class=\"pre-title\">\r\n        Elite Machine Company       <\/h6>\r\n    <\/div>\r\n\r\n  \t\t<\/div>\n\t\t\t\t<\/div>\n\t\t\t\t<div class=\"elementor-element elementor-element-cac8e28 elementor-widget elementor-widget-nxg-dual-heading\" data-id=\"cac8e28\" data-element_type=\"widget\" data-widget_type=\"nxg-dual-heading.default\">\n\t\t\t\t<div class=\"elementor-widget-container\">\n\t\t\t\r\n    <div class=\"text-center\">\r\n      <h2 class=\"heading\">\r\n        Us in Numbers      <\/h2>\r\n    <\/div>\r\n\r\n  \t\t<\/div>\n\t\t\t\t<\/div>\n\t\t\t\t<div class=\"elementor-element elementor-element-c21009d elementor-widget elementor-widget-nxg-paragraph\" data-id=\"c21009d\" data-element_type=\"widget\" data-widget_type=\"nxg-paragraph.default\">\n\t\t\t\t<div class=\"elementor-widget-container\">\n\t\t\t\r\n    <div class=\"text-center\">\r\n      <p class=\"paragraph\">\r\n        Elite Makina A.\u015e. It always meets expectations by offering the most perfect machine possible.      <\/p>\r\n    <\/div>\r\n\r\n  \t\t<\/div>\n\t\t\t\t<\/div>\n\t\t\t\t\t<\/div>\n\t\t<\/div>\n\t\t\t\t\t<\/div>\n\t\t<\/section>\n\t\t\t\t<section class=\"elementor-section elementor-inner-section elementor-element elementor-element-5ee5fca elementor-section-boxed elementor-section-height-default elementor-section-height-default\" data-id=\"5ee5fca\" data-element_type=\"section\">\n\t\t\t\t\t\t<div class=\"elementor-container elementor-column-gap-no\">\n\t\t\t\t\t<div class=\"elementor-column elementor-col-25 elementor-inner-column elementor-element elementor-element-c30634b\" data-id=\"c30634b\" data-element_type=\"column\">\n\t\t\t<div class=\"elementor-widget-wrap elementor-element-populated\">\n\t\t\t\t\t\t<div class=\"elementor-element elementor-element-ed6368e elementor-widget elementor-widget-nxg-counter\" data-id=\"ed6368e\" data-element_type=\"widget\" data-widget_type=\"nxg-counter.default\">\n\t\t\t\t<div class=\"elementor-widget-container\">\n\t\t\t\r\n    <div class=\"counter funfacts\">              \r\n      <div class=\"justify-content-center text-center items\">\r\n        <div class=\"item\">\r\n\r\n          \r\n                          <div data-percent=\"17\" data-color=\"#606D75\" data-empty-color=\"#cccccc\" class=\"radial\">\r\n                <span class=\"number\">\r\n                  17                <\/span>\r\n              <\/div>\r\n            \r\n                          <div class=\"text-center\">\r\n                <h4 class=\"heading\">\r\n                  Certification                <\/h4>\r\n              <\/div> \r\n            \r\n            \r\n                      \r\n          \r\n          \r\n          \r\n        <\/div>\r\n      <\/div>\r\n    <\/div>\r\n\r\n  \t\t<\/div>\n\t\t\t\t<\/div>\n\t\t\t\t\t<\/div>\n\t\t<\/div>\n\t\t\t\t<div class=\"elementor-column elementor-col-25 elementor-inner-column elementor-element elementor-element-2617121\" data-id=\"2617121\" data-element_type=\"column\">\n\t\t\t<div class=\"elementor-widget-wrap elementor-element-populated\">\n\t\t\t\t\t\t<div class=\"elementor-element elementor-element-bc9c1ae elementor-widget elementor-widget-nxg-counter\" data-id=\"bc9c1ae\" data-element_type=\"widget\" data-widget_type=\"nxg-counter.default\">\n\t\t\t\t<div class=\"elementor-widget-container\">\n\t\t\t\r\n    <div class=\"counter funfacts\">              \r\n      <div class=\"justify-content-center text-center items\">\r\n        <div class=\"item\">\r\n\r\n          \r\n                          <div data-percent=\"48\" data-color=\"#606D75\" data-empty-color=\"#cccccc\" class=\"radial\">\r\n                <span class=\"number\">\r\n                  48                <\/span>\r\n              <\/div>\r\n            \r\n                          <div class=\"text-center\">\r\n                <h4 class=\"heading\">\r\n                  Teammate                <\/h4>\r\n              <\/div> \r\n            \r\n            \r\n                      \r\n          \r\n          \r\n          \r\n        <\/div>\r\n      <\/div>\r\n    <\/div>\r\n\r\n  \t\t<\/div>\n\t\t\t\t<\/div>\n\t\t\t\t\t<\/div>\n\t\t<\/div>\n\t\t\t\t<div class=\"elementor-column elementor-col-25 elementor-inner-column elementor-element elementor-element-3da07f4\" data-id=\"3da07f4\" data-element_type=\"column\">\n\t\t\t<div class=\"elementor-widget-wrap elementor-element-populated\">\n\t\t\t\t\t\t<div class=\"elementor-element elementor-element-4914199 elementor-widget elementor-widget-nxg-counter\" data-id=\"4914199\" data-element_type=\"widget\" data-widget_type=\"nxg-counter.default\">\n\t\t\t\t<div class=\"elementor-widget-container\">\n\t\t\t\r\n    <div class=\"counter funfacts\">              \r\n      <div class=\"justify-content-center text-center items\">\r\n        <div class=\"item\">\r\n\r\n          \r\n                          <div data-percent=\"4976\" data-color=\"#606D75\" data-empty-color=\"#cccccc\" class=\"radial\">\r\n                <span class=\"number\">\r\n                  4976                <\/span>\r\n              <\/div>\r\n            \r\n                          <div class=\"text-center\">\r\n                <h4 class=\"heading\">\r\n                  Happy Customer                <\/h4>\r\n              <\/div> \r\n            \r\n            \r\n                      \r\n          \r\n          \r\n          \r\n        <\/div>\r\n      <\/div>\r\n    <\/div>\r\n\r\n  \t\t<\/div>\n\t\t\t\t<\/div>\n\t\t\t\t\t<\/div>\n\t\t<\/div>\n\t\t\t\t<div class=\"elementor-column elementor-col-25 elementor-inner-column elementor-element elementor-element-568a3c4\" data-id=\"568a3c4\" data-element_type=\"column\">\n\t\t\t<div class=\"elementor-widget-wrap elementor-element-populated\">\n\t\t\t\t\t\t<div class=\"elementor-element elementor-element-36acf25 elementor-widget elementor-widget-nxg-counter\" data-id=\"36acf25\" data-element_type=\"widget\" data-widget_type=\"nxg-counter.default\">\n\t\t\t\t<div class=\"elementor-widget-container\">\n\t\t\t\r\n    <div class=\"counter funfacts\">              \r\n      <div class=\"justify-content-center text-center items\">\r\n        <div class=\"item\">\r\n\r\n          \r\n                          <div data-percent=\"21\" data-color=\"#606D75\" data-empty-color=\"#cccccc\" class=\"radial\">\r\n                <span class=\"number\">\r\n                  21                <\/span>\r\n              <\/div>\r\n            \r\n                          <div class=\"text-center\">\r\n                <h4 class=\"heading\">\r\n                  Country Delivery                <\/h4>\r\n              <\/div> \r\n            \r\n            \r\n                      \r\n          \r\n          \r\n          \r\n        <\/div>\r\n      <\/div>\r\n    <\/div>\r\n\r\n  \t\t<\/div>\n\t\t\t\t<\/div>\n\t\t\t\t\t<\/div>\n\t\t<\/div>\n\t\t\t\t\t<\/div>\n\t\t<\/section>\n\t\t\t\t\t<\/div>\n\t\t<\/div>\n\t\t\t\t\t<\/div>\n\t\t<\/section>\n\t\t\t\t<section class=\"elementor-section elementor-top-section elementor-element elementor-element-721d212 elementor-section-boxed elementor-section-height-default elementor-section-height-default\" data-id=\"721d212\" data-element_type=\"section\">\n\t\t\t\t\t\t<div class=\"elementor-container elementor-column-gap-no\">\n\t\t\t\t\t<div class=\"elementor-column elementor-col-50 elementor-top-column elementor-element elementor-element-47bdc86\" data-id=\"47bdc86\" data-element_type=\"column\">\n\t\t\t<div class=\"elementor-widget-wrap elementor-element-populated\">\n\t\t\t\t\t\t<section class=\"elementor-section elementor-inner-section elementor-element elementor-element-7c73989 elementor-section-full_width elementor-section-height-default elementor-section-height-default\" data-id=\"7c73989\" data-element_type=\"section\">\n\t\t\t\t\t\t<div class=\"elementor-container elementor-column-gap-no\">\n\t\t\t\t\t<div class=\"elementor-column elementor-col-100 elementor-inner-column elementor-element elementor-element-99aefd4\" data-id=\"99aefd4\" data-element_type=\"column\">\n\t\t\t<div class=\"elementor-widget-wrap elementor-element-populated\">\n\t\t\t\t\t\t<div class=\"elementor-element elementor-element-e1f7d40 elementor-widget elementor-widget-nxg-pre-title\" data-id=\"e1f7d40\" data-element_type=\"widget\" data-widget_type=\"nxg-pre-title.default\">\n\t\t\t\t<div class=\"elementor-widget-container\">\n\t\t\t\r\n    <div class=\"text-left\">\r\n      <h6 class=\"pre-title\">\r\n        Why Should You Choose Us?      <\/h6>\r\n    <\/div>\r\n\r\n  \t\t<\/div>\n\t\t\t\t<\/div>\n\t\t\t\t<div class=\"elementor-element elementor-element-c65dc4f elementor-widget elementor-widget-nxg-dual-heading\" data-id=\"c65dc4f\" data-element_type=\"widget\" data-widget_type=\"nxg-dual-heading.default\">\n\t\t\t\t<div class=\"elementor-widget-container\">\n\t\t\t\r\n    <div class=\"text-left\">\r\n      <h2 class=\"heading\">\r\n        Always the Most Perfect...      <\/h2>\r\n    <\/div>\r\n\r\n  \t\t<\/div>\n\t\t\t\t<\/div>\n\t\t\t\t<div class=\"elementor-element elementor-element-691e82d elementor-widget elementor-widget-nxg-paragraph\" data-id=\"691e82d\" data-element_type=\"widget\" data-widget_type=\"nxg-paragraph.default\">\n\t\t\t\t<div class=\"elementor-widget-container\">\n\t\t\t\r\n    <div class=\"text-left\">\r\n      <p class=\"paragraph\">\r\n        Elite Machine Company , which brings together engineering and machinery.  It produces machines that offer 100% customer satisfaction in the field you need.      <\/p>\r\n    <\/div>\r\n\r\n  \t\t<\/div>\n\t\t\t\t<\/div>\n\t\t\t\t\t<\/div>\n\t\t<\/div>\n\t\t\t\t\t<\/div>\n\t\t<\/section>\n\t\t\t\t<section class=\"elementor-section elementor-inner-section elementor-element elementor-element-85492a5 elementor-section-full_width elementor-section-height-default elementor-section-height-default\" data-id=\"85492a5\" data-element_type=\"section\">\n\t\t\t\t\t\t<div class=\"elementor-container elementor-column-gap-no\">\n\t\t\t\t\t<div class=\"elementor-column elementor-col-50 elementor-inner-column elementor-element elementor-element-0bfdd5c\" data-id=\"0bfdd5c\" data-element_type=\"column\">\n\t\t\t<div class=\"elementor-widget-wrap elementor-element-populated\">\n\t\t\t\t\t\t<div class=\"elementor-element elementor-element-8d3d820 elementor-widget elementor-widget-nxg-icon-list\" data-id=\"8d3d820\" data-element_type=\"widget\" data-widget_type=\"nxg-icon-list.default\">\n\t\t\t\t<div class=\"elementor-widget-container\">\n\t\t\t\r\n    <ul class=\"navbar-nav\">\r\n              <li class=\"nav-item\">\r\n                    <a href=\"#\" target=&quot;_blank&quot; rel=&quot;nofollow&quot; class=\"nav-link text-left\">\r\n            <div class=\"icon-wrapper\">\r\n              <i class=\"list-icon fas fa-user-cog\"><\/i>            <\/div>\r\n            <span class=\"list-text\">\r\n              Teknik Destek            <\/span>\r\n          <\/a>\r\n        <\/li>\r\n          <\/ul>\r\n\r\n\t\t\t<\/div>\n\t\t\t\t<\/div>\n\t\t\t\t<div class=\"elementor-element elementor-element-4572b78 elementor-widget elementor-widget-nxg-paragraph\" data-id=\"4572b78\" data-element_type=\"widget\" data-widget_type=\"nxg-paragraph.default\">\n\t\t\t\t<div class=\"elementor-widget-container\">\n\t\t\t\r\n    <div class=\"text-left\">\r\n      <p class=\"paragraph\">\r\n        Elite Machine Company  We provide technical support.      <\/p>\r\n    <\/div>\r\n\r\n  \t\t<\/div>\n\t\t\t\t<\/div>\n\t\t\t\t\t<\/div>\n\t\t<\/div>\n\t\t\t\t<div class=\"elementor-column elementor-col-50 elementor-inner-column elementor-element elementor-element-5f5bb32\" data-id=\"5f5bb32\" data-element_type=\"column\">\n\t\t\t<div class=\"elementor-widget-wrap elementor-element-populated\">\n\t\t\t\t\t\t<div class=\"elementor-element elementor-element-7475d4d elementor-widget elementor-widget-nxg-icon-list\" data-id=\"7475d4d\" data-element_type=\"widget\" data-widget_type=\"nxg-icon-list.default\">\n\t\t\t\t<div class=\"elementor-widget-container\">\n\t\t\t\r\n    <ul class=\"navbar-nav\">\r\n              <li class=\"nav-item\">\r\n                    <a href=\"#\" target=&quot;_blank&quot; rel=&quot;nofollow&quot; class=\"nav-link text-left\">\r\n            <div class=\"icon-wrapper\">\r\n              <i class=\"list-icon fas fa-project-diagram\"><\/i>            <\/div>\r\n            <span class=\"list-text\">\r\n              \u00c7\u00f6z\u00fcm Odakl\u0131            <\/span>\r\n          <\/a>\r\n        <\/li>\r\n          <\/ul>\r\n\r\n\t\t\t<\/div>\n\t\t\t\t<\/div>\n\t\t\t\t<div class=\"elementor-element elementor-element-bb3fe92 elementor-widget elementor-widget-nxg-paragraph\" data-id=\"bb3fe92\" data-element_type=\"widget\" data-widget_type=\"nxg-paragraph.default\">\n\t\t\t\t<div class=\"elementor-widget-container\">\n\t\t\t\r\n    <div class=\"text-left\">\r\n      <p class=\"paragraph\">\r\n        Working in a solution-oriented manner is the fundamental principle of our company.      <\/p>\r\n    <\/div>\r\n\r\n  \t\t<\/div>\n\t\t\t\t<\/div>\n\t\t\t\t\t<\/div>\n\t\t<\/div>\n\t\t\t\t\t<\/div>\n\t\t<\/section>\n\t\t\t\t<section class=\"elementor-section elementor-inner-section elementor-element elementor-element-9ee5fca elementor-section-full_width elementor-section-height-default elementor-section-height-default\" data-id=\"9ee5fca\" data-element_type=\"section\">\n\t\t\t\t\t\t<div class=\"elementor-container elementor-column-gap-no\">\n\t\t\t\t\t<div class=\"elementor-column elementor-col-50 elementor-inner-column elementor-element elementor-element-b580972\" data-id=\"b580972\" data-element_type=\"column\">\n\t\t\t<div class=\"elementor-widget-wrap elementor-element-populated\">\n\t\t\t\t\t\t<div class=\"elementor-element elementor-element-8f761d4 elementor-widget elementor-widget-nxg-icon-list\" data-id=\"8f761d4\" data-element_type=\"widget\" data-widget_type=\"nxg-icon-list.default\">\n\t\t\t\t<div class=\"elementor-widget-container\">\n\t\t\t\r\n    <ul class=\"navbar-nav\">\r\n              <li class=\"nav-item\">\r\n                    <a href=\"#\" target=&quot;_blank&quot; rel=&quot;nofollow&quot; class=\"nav-link text-left\">\r\n            <div class=\"icon-wrapper\">\r\n              <i class=\"list-icon fas fa-cogs\"><\/i>            <\/div>\r\n            <span class=\"list-text\">\r\n              En Yeni Teknoloji            <\/span>\r\n          <\/a>\r\n        <\/li>\r\n          <\/ul>\r\n\r\n\t\t\t<\/div>\n\t\t\t\t<\/div>\n\t\t\t\t<div class=\"elementor-element elementor-element-e8792ba elementor-widget elementor-widget-nxg-paragraph\" data-id=\"e8792ba\" data-element_type=\"widget\" data-widget_type=\"nxg-paragraph.default\">\n\t\t\t\t<div class=\"elementor-widget-container\">\n\t\t\t\r\n    <div class=\"text-left\">\r\n      <p class=\"paragraph\">\r\n        The machines we produce are the latest technology products.      <\/p>\r\n    <\/div>\r\n\r\n  \t\t<\/div>\n\t\t\t\t<\/div>\n\t\t\t\t\t<\/div>\n\t\t<\/div>\n\t\t\t\t<div class=\"elementor-column elementor-col-50 elementor-inner-column elementor-element elementor-element-81236bc\" data-id=\"81236bc\" data-element_type=\"column\">\n\t\t\t<div class=\"elementor-widget-wrap elementor-element-populated\">\n\t\t\t\t\t\t<div class=\"elementor-element elementor-element-25d7729 elementor-widget elementor-widget-nxg-icon-list\" data-id=\"25d7729\" data-element_type=\"widget\" data-widget_type=\"nxg-icon-list.default\">\n\t\t\t\t<div class=\"elementor-widget-container\">\n\t\t\t\r\n    <ul class=\"navbar-nav\">\r\n              <li class=\"nav-item\">\r\n                    <a href=\"#\" target=&quot;_blank&quot; rel=&quot;nofollow&quot; class=\"nav-link text-left\">\r\n            <div class=\"icon-wrapper\">\r\n              <i class=\"list-icon fas fa-recycle\"><\/i>            <\/div>\r\n            <span class=\"list-text\">\r\n              \u00c7evre Dostu            <\/span>\r\n          <\/a>\r\n        <\/li>\r\n          <\/ul>\r\n\r\n\t\t\t<\/div>\n\t\t\t\t<\/div>\n\t\t\t\t<div class=\"elementor-element elementor-element-acd6041 elementor-widget elementor-widget-nxg-paragraph\" data-id=\"acd6041\" data-element_type=\"widget\" data-widget_type=\"nxg-paragraph.default\">\n\t\t\t\t<div class=\"elementor-widget-container\">\n\t\t\t\r\n    <div class=\"text-left\">\r\n      <p class=\"paragraph\">\r\n        Elite Machine Company We produce environmentally friendly machines.      <\/p>\r\n    <\/div>\r\n\r\n  \t\t<\/div>\n\t\t\t\t<\/div>\n\t\t\t\t\t<\/div>\n\t\t<\/div>\n\t\t\t\t\t<\/div>\n\t\t<\/section>\n\t\t\t\t\t<\/div>\n\t\t<\/div>\n\t\t\t\t<div class=\"elementor-column elementor-col-50 elementor-top-column elementor-element elementor-element-2280b35\" data-id=\"2280b35\" data-element_type=\"column\">\n\t\t\t<div class=\"elementor-widget-wrap elementor-element-populated\">\n\t\t\t\t\t\t<div class=\"elementor-element elementor-element-0125524 elementor-widget elementor-widget-nxg-video\" data-id=\"0125524\" data-element_type=\"widget\" data-widget_type=\"nxg-video.default\">\n\t\t\t\t<div class=\"elementor-widget-container\">\n\t\t\t\r\n    <div class=\"nxg-gallery\">\r\n      <a href=\"https:\/\/www.youtube.com\/watch?v=Hr3O-bk_lec\" class=\"square-image d-flex justify-content-center align-items-center\" rel=\"noopener\">\r\n        <i class=\"icon auto fas fa-play\"><\/i>\r\n        <img decoding=\"async\" src=\"https:\/\/www.elitemakina.com.tr\/wp-content\/uploads\/2022\/03\/hakkimizda.jpg\" class=\"fit-image\" alt=\"Elite M\u00fchendislik &amp; Makina\" title=\"\">\r\n      <\/a>\r\n    <\/div>\r\n\r\n  \t\t<\/div>\n\t\t\t\t<\/div>\n\t\t\t\t\t<\/div>\n\t\t<\/div>\n\t\t\t\t\t<\/div>\n\t\t<\/section>\n\t\t\t\t<\/div>\n\t\t","protected":false},"excerpt":{"rendered":"<p>Institutional Get to know us Our company was established in Gaziantep province; It is one of the best companies in&#8230;<\/p>\n","protected":false},"author":1,"featured_media":18108,"parent":0,"menu_order":0,"comment_status":"closed","ping_status":"closed","template":"","meta":{"_acf_changed":false,"footnotes":""},"class_list":["post-18286","page","type-page","status-publish","has-post-thumbnail","hentry"],"acf":[],"_links":{"self":[{"href":"https:\/\/www.elitemakina.com.tr\/en\/wp-json\/wp\/v2\/pages\/18286","targetHints":{"allow":["GET"]}}],"collection":[{"href":"https:\/\/www.elitemakina.com.tr\/en\/wp-json\/wp\/v2\/pages"}],"about":[{"href":"https:\/\/www.elitemakina.com.tr\/en\/wp-json\/wp\/v2\/types\/page"}],"author":[{"embeddable":true,"href":"https:\/\/www.elitemakina.com.tr\/en\/wp-json\/wp\/v2\/users\/1"}],"replies":[{"embeddable":true,"href":"https:\/\/www.elitemakina.com.tr\/en\/wp-json\/wp\/v2\/comments?post=18286"}],"version-history":[{"count":0,"href":"https:\/\/www.elitemakina.com.tr\/en\/wp-json\/wp\/v2\/pages\/18286\/revisions"}],"wp:featuredmedia":[{"embeddable":true,"href":"https:\/\/www.elitemakina.com.tr\/en\/wp-json\/wp\/v2\/media\/18108"}],"wp:attachment":[{"href":"https:\/\/www.elitemakina.com.tr\/en\/wp-json\/wp\/v2\/media?parent=18286"}],"curies":[{"name":"wp","href":"https:\/\/api.w.org\/{rel}","templated":true}]}}