{"id":18214,"date":"2022-03-27T11:30:39","date_gmt":"2022-03-27T11:30:39","guid":{"rendered":"https:\/\/www.elitemakina.com.tr\/sikca-sorulan-sorular\/"},"modified":"2024-06-19T20:56:35","modified_gmt":"2024-06-19T20:56:35","slug":"frequently-asked-questions","status":"publish","type":"page","link":"https:\/\/www.elitemakina.com.tr\/en\/frequently-asked-questions\/","title":{"rendered":"Frequently Asked Questions"},"content":{"rendered":"\t\t<div data-elementor-type=\"wp-page\" data-elementor-id=\"18214\" class=\"elementor elementor-18214 elementor-15641\">\n\t\t\t\t\t\t<section class=\"elementor-section elementor-top-section elementor-element elementor-element-22a8591 elementor-section-boxed elementor-section-height-default elementor-section-height-default\" data-id=\"22a8591\" data-element_type=\"section\" data-settings=\"{&quot;background_background&quot;:&quot;classic&quot;}\">\n\t\t\t\t\t\t<div class=\"elementor-container elementor-column-gap-no\">\n\t\t\t\t\t<div class=\"elementor-column elementor-col-100 elementor-top-column elementor-element elementor-element-3e02fd6\" data-id=\"3e02fd6\" data-element_type=\"column\">\n\t\t\t<div class=\"elementor-widget-wrap elementor-element-populated\">\n\t\t\t\t\t\t<section class=\"elementor-section elementor-inner-section elementor-element elementor-element-c97ee3a elementor-section-full_width elementor-section-height-default elementor-section-height-default\" data-id=\"c97ee3a\" data-element_type=\"section\">\n\t\t\t\t\t\t<div class=\"elementor-container elementor-column-gap-no\">\n\t\t\t\t\t<div class=\"elementor-column elementor-col-100 elementor-inner-column elementor-element elementor-element-76a4870\" data-id=\"76a4870\" data-element_type=\"column\">\n\t\t\t<div class=\"elementor-widget-wrap elementor-element-populated\">\n\t\t\t\t\t\t<div class=\"elementor-element elementor-element-a32f888 elementor-widget elementor-widget-nxg-dual-heading\" data-id=\"a32f888\" data-element_type=\"widget\" data-widget_type=\"nxg-dual-heading.default\">\n\t\t\t\t<div class=\"elementor-widget-container\">\n\t\t\t\r\n    <div class=\"text-center\">\r\n      <h2 class=\"heading\">\r\n        FAQ <u>Questions<\/u>      <\/h2>\r\n    <\/div>\r\n\r\n  \t\t<\/div>\n\t\t\t\t<\/div>\n\t\t\t\t<div class=\"elementor-element elementor-element-63a2ce6 elementor-widget elementor-widget-nxg-paragraph\" data-id=\"63a2ce6\" data-element_type=\"widget\" data-widget_type=\"nxg-paragraph.default\">\n\t\t\t\t<div class=\"elementor-widget-container\">\n\t\t\t\r\n    <div class=\"text-center\">\r\n      <p class=\"paragraph\">\r\n        We have gathered questions from our customers, if you cannot find the exact answer to your question, you can fill out the form below or call us.      <\/p>\r\n    <\/div>\r\n\r\n  \t\t<\/div>\n\t\t\t\t<\/div>\n\t\t\t\t\t<\/div>\n\t\t<\/div>\n\t\t\t\t\t<\/div>\n\t\t<\/section>\n\t\t\t\t<section class=\"elementor-section elementor-inner-section elementor-element elementor-element-36b0fb1 elementor-section-full_width elementor-section-height-default elementor-section-height-default\" data-id=\"36b0fb1\" data-element_type=\"section\">\n\t\t\t\t\t\t<div class=\"elementor-container elementor-column-gap-no\">\n\t\t\t\t\t<div class=\"elementor-column elementor-col-100 elementor-inner-column elementor-element elementor-element-7a117e3\" data-id=\"7a117e3\" data-element_type=\"column\">\n\t\t\t<div class=\"elementor-widget-wrap\">\n\t\t\t\t\t\t\t<\/div>\n\t\t<\/div>\n\t\t\t\t\t<\/div>\n\t\t<\/section>\n\t\t\t\t<div class=\"elementor-element elementor-element-8db95a9 elementor-widget elementor-widget-accordion\" data-id=\"8db95a9\" data-element_type=\"widget\" data-widget_type=\"accordion.default\">\n\t\t\t\t<div class=\"elementor-widget-container\">\n\t\t\t\t\t<div class=\"elementor-accordion\">\n\t\t\t\t\t\t\t<div class=\"elementor-accordion-item\">\n\t\t\t\t\t<div id=\"elementor-tab-title-1481\" class=\"elementor-tab-title\" data-tab=\"1\" role=\"button\" aria-controls=\"elementor-tab-content-1481\" aria-expanded=\"false\">\n\t\t\t\t\t\t\t\t\t\t\t\t\t<span class=\"elementor-accordion-icon elementor-accordion-icon-left\" aria-hidden=\"true\">\n\t\t\t\t\t\t\t\t\t\t\t\t\t\t\t<span class=\"elementor-accordion-icon-closed\"><i class=\"fas fa-plus\"><\/i><\/span>\n\t\t\t\t\t\t\t\t<span class=\"elementor-accordion-icon-opened\"><i class=\"fas fa-minus\"><\/i><\/span>\n\t\t\t\t\t\t\t\t\t\t\t\t\t\t<\/span>\n\t\t\t\t\t\t\t\t\t\t\t\t<a class=\"elementor-accordion-title\" tabindex=\"0\">What are the types of machines you manufacture?<\/a>\n\t\t\t\t\t<\/div>\n\t\t\t\t\t<div id=\"elementor-tab-content-1481\" class=\"elementor-tab-content elementor-clearfix\" data-tab=\"1\" role=\"region\" aria-labelledby=\"elementor-tab-title-1481\"><div class=\"elementor-accordion-item\"><div id=\"elementor-tab-content-1481\" class=\"elementor-tab-content elementor-clearfix elementor-active\" role=\"tabpanel\" data-tab=\"1\" aria-labelledby=\"elementor-tab-title-1481\">As Elite Machine Company, Peanut Cracking Machine, Spinning Machine, Vibro Screen, Selection Band, Conveying Z Elevator, Bunker, Light Grain Machine, Peanut Roasting Machine, Stone Separator, Crack Separator, Roasting, Pistachio Rice Machine, Cardboard Bobbin Machine and companies&#8217; needs We provide support to companies by designing and developing machines that they cannot find or have made.<\/div><\/div><\/div>\n\t\t\t\t<\/div>\n\t\t\t\t\t\t\t<div class=\"elementor-accordion-item\">\n\t\t\t\t\t<div id=\"elementor-tab-title-1482\" class=\"elementor-tab-title\" data-tab=\"2\" role=\"button\" aria-controls=\"elementor-tab-content-1482\" aria-expanded=\"false\">\n\t\t\t\t\t\t\t\t\t\t\t\t\t<span class=\"elementor-accordion-icon elementor-accordion-icon-left\" aria-hidden=\"true\">\n\t\t\t\t\t\t\t\t\t\t\t\t\t\t\t<span class=\"elementor-accordion-icon-closed\"><i class=\"fas fa-plus\"><\/i><\/span>\n\t\t\t\t\t\t\t\t<span class=\"elementor-accordion-icon-opened\"><i class=\"fas fa-minus\"><\/i><\/span>\n\t\t\t\t\t\t\t\t\t\t\t\t\t\t<\/span>\n\t\t\t\t\t\t\t\t\t\t\t\t<a class=\"elementor-accordion-title\" tabindex=\"0\">Can we find spare parts from Elite Machine Company?<\/a>\n\t\t\t\t\t<\/div>\n\t\t\t\t\t<div id=\"elementor-tab-content-1482\" class=\"elementor-tab-content elementor-clearfix\" data-tab=\"2\" role=\"region\" aria-labelledby=\"elementor-tab-title-1482\"><div class=\"elementor-accordion-item\"><div id=\"elementor-tab-content-1482\" class=\"elementor-tab-content elementor-clearfix elementor-active\" role=\"tabpanel\" data-tab=\"2\" aria-labelledby=\"elementor-tab-title-1482\"><p>Yes, as Elite Machine Company, we also manufacture spare parts for all the machines we produce.<\/p><\/div><\/div><\/div>\n\t\t\t\t<\/div>\n\t\t\t\t\t\t\t<div class=\"elementor-accordion-item\">\n\t\t\t\t\t<div id=\"elementor-tab-title-1483\" class=\"elementor-tab-title\" data-tab=\"3\" role=\"button\" aria-controls=\"elementor-tab-content-1483\" aria-expanded=\"false\">\n\t\t\t\t\t\t\t\t\t\t\t\t\t<span class=\"elementor-accordion-icon elementor-accordion-icon-left\" aria-hidden=\"true\">\n\t\t\t\t\t\t\t\t\t\t\t\t\t\t\t<span class=\"elementor-accordion-icon-closed\"><i class=\"fas fa-plus\"><\/i><\/span>\n\t\t\t\t\t\t\t\t<span class=\"elementor-accordion-icon-opened\"><i class=\"fas fa-minus\"><\/i><\/span>\n\t\t\t\t\t\t\t\t\t\t\t\t\t\t<\/span>\n\t\t\t\t\t\t\t\t\t\t\t\t<a class=\"elementor-accordion-title\" tabindex=\"0\">Do you maintain the machines?<\/a>\n\t\t\t\t\t<\/div>\n\t\t\t\t\t<div id=\"elementor-tab-content-1483\" class=\"elementor-tab-content elementor-clearfix\" data-tab=\"3\" role=\"region\" aria-labelledby=\"elementor-tab-title-1483\"><div class=\"elementor-accordion-item\"><div id=\"elementor-tab-content-1483\" class=\"elementor-tab-content elementor-clearfix elementor-active\" role=\"tabpanel\" data-tab=\"3\" aria-labelledby=\"elementor-tab-title-1483\"><p>As Elite Machine Company, we periodically maintain the machines we offer to our valued customers.<\/p><\/div><\/div><\/div>\n\t\t\t\t<\/div>\n\t\t\t\t\t\t\t<div class=\"elementor-accordion-item\">\n\t\t\t\t\t<div id=\"elementor-tab-title-1484\" class=\"elementor-tab-title\" data-tab=\"4\" role=\"button\" aria-controls=\"elementor-tab-content-1484\" aria-expanded=\"false\">\n\t\t\t\t\t\t\t\t\t\t\t\t\t<span class=\"elementor-accordion-icon elementor-accordion-icon-left\" aria-hidden=\"true\">\n\t\t\t\t\t\t\t\t\t\t\t\t\t\t\t<span class=\"elementor-accordion-icon-closed\"><i class=\"fas fa-plus\"><\/i><\/span>\n\t\t\t\t\t\t\t\t<span class=\"elementor-accordion-icon-opened\"><i class=\"fas fa-minus\"><\/i><\/span>\n\t\t\t\t\t\t\t\t\t\t\t\t\t\t<\/span>\n\t\t\t\t\t\t\t\t\t\t\t\t<a class=\"elementor-accordion-title\" tabindex=\"0\">Where Can I Buy Your Machines?<\/a>\n\t\t\t\t\t<\/div>\n\t\t\t\t\t<div id=\"elementor-tab-content-1484\" class=\"elementor-tab-content elementor-clearfix\" data-tab=\"4\" role=\"region\" aria-labelledby=\"elementor-tab-title-1484\"><div class=\"elementor-accordion-item\"><div id=\"elementor-tab-content-1484\" class=\"elementor-tab-content elementor-clearfix elementor-active\" role=\"tabpanel\" data-tab=\"4\" aria-labelledby=\"elementor-tab-title-1484\">You can get detailed information by contacting our company from the information in the communication section in order to purchase the machines we have produced as Elite Machine Company.<\/div><\/div><\/div>\n\t\t\t\t<\/div>\n\t\t\t\t\t\t\t<div class=\"elementor-accordion-item\">\n\t\t\t\t\t<div id=\"elementor-tab-title-1485\" class=\"elementor-tab-title\" data-tab=\"5\" role=\"button\" aria-controls=\"elementor-tab-content-1485\" aria-expanded=\"false\">\n\t\t\t\t\t\t\t\t\t\t\t\t\t<span class=\"elementor-accordion-icon elementor-accordion-icon-left\" aria-hidden=\"true\">\n\t\t\t\t\t\t\t\t\t\t\t\t\t\t\t<span class=\"elementor-accordion-icon-closed\"><i class=\"fas fa-plus\"><\/i><\/span>\n\t\t\t\t\t\t\t\t<span class=\"elementor-accordion-icon-opened\"><i class=\"fas fa-minus\"><\/i><\/span>\n\t\t\t\t\t\t\t\t\t\t\t\t\t\t<\/span>\n\t\t\t\t\t\t\t\t\t\t\t\t<a class=\"elementor-accordion-title\" tabindex=\"0\">Why should we choose you?<\/a>\n\t\t\t\t\t<\/div>\n\t\t\t\t\t<div id=\"elementor-tab-content-1485\" class=\"elementor-tab-content elementor-clearfix\" data-tab=\"5\" role=\"region\" aria-labelledby=\"elementor-tab-title-1485\"><div class=\"elementor-accordion-item\"><div id=\"elementor-tab-content-1485\" class=\"elementor-tab-content elementor-clearfix elementor-active\" role=\"tabpanel\" data-tab=\"5\" aria-labelledby=\"elementor-tab-title-1485\"><p>Elite Machine Company is one of the best companies in the industry. Our founder, mechanical engineer K\u00fcr\u015fad Orhan, combines his experience and knowledge gained over many years in the machinery sector with a team specialized in high technology and manufacturing, and produces stainless steel and normal steel that appeal to all areas of the machinery sector.<\/p><\/div><\/div><\/div>\n\t\t\t\t<\/div>\n\t\t\t\t\t\t\t<div class=\"elementor-accordion-item\">\n\t\t\t\t\t<div id=\"elementor-tab-title-1486\" class=\"elementor-tab-title\" data-tab=\"6\" role=\"button\" aria-controls=\"elementor-tab-content-1486\" aria-expanded=\"false\">\n\t\t\t\t\t\t\t\t\t\t\t\t\t<span class=\"elementor-accordion-icon elementor-accordion-icon-left\" aria-hidden=\"true\">\n\t\t\t\t\t\t\t\t\t\t\t\t\t\t\t<span class=\"elementor-accordion-icon-closed\"><i class=\"fas fa-plus\"><\/i><\/span>\n\t\t\t\t\t\t\t\t<span class=\"elementor-accordion-icon-opened\"><i class=\"fas fa-minus\"><\/i><\/span>\n\t\t\t\t\t\t\t\t\t\t\t\t\t\t<\/span>\n\t\t\t\t\t\t\t\t\t\t\t\t<a class=\"elementor-accordion-title\" tabindex=\"0\">How will we use the machines?<\/a>\n\t\t\t\t\t<\/div>\n\t\t\t\t\t<div id=\"elementor-tab-content-1486\" class=\"elementor-tab-content elementor-clearfix\" data-tab=\"6\" role=\"region\" aria-labelledby=\"elementor-tab-title-1486\"><section class=\"elementor-section elementor-top-section elementor-element elementor-element-22a8591 elementor-section-boxed elementor-section-height-default elementor-section-height-default\" data-id=\"22a8591\" data-element_type=\"section\" data-settings=\"{&quot;background_background&quot;:&quot;classic&quot;}\"><div class=\"elementor-container elementor-column-gap-no\"><div class=\"elementor-column elementor-col-100 elementor-top-column elementor-element elementor-element-3e02fd6\" data-id=\"3e02fd6\" data-element_type=\"column\"><div class=\"elementor-widget-wrap elementor-element-populated\"><div class=\"elementor-element elementor-element-8db95a9 elementor-widget elementor-widget-accordion\" data-id=\"8db95a9\" data-element_type=\"widget\" data-widget_type=\"accordion.default\"><div class=\"elementor-widget-container\"><div class=\"elementor-accordion\" role=\"tablist\"><div class=\"elementor-accordion-item\"><div id=\"elementor-tab-content-1486\" class=\"elementor-tab-content elementor-clearfix elementor-active\" role=\"tabpanel\" data-tab=\"6\" aria-labelledby=\"elementor-tab-title-1486\">Training on the installation and operation of the machines we have produced is given by Elite Machine Company.<\/div><\/div><\/div><\/div><\/div><\/div><\/div><\/div><\/section><section class=\"elementor-section elementor-top-section elementor-element elementor-element-9a46cac elementor-section-boxed elementor-section-height-default elementor-section-height-default\" data-id=\"9a46cac\" data-element_type=\"section\" data-settings=\"{&quot;background_background&quot;:&quot;classic&quot;}\"><\/section><\/div>\n\t\t\t\t<\/div>\n\t\t\t\t\t\t\t\t<\/div>\n\t\t\t\t<\/div>\n\t\t\t\t<\/div>\n\t\t\t\t\t<\/div>\n\t\t<\/div>\n\t\t\t\t\t<\/div>\n\t\t<\/section>\n\t\t\t\t<section class=\"elementor-section elementor-top-section elementor-element elementor-element-9a46cac elementor-section-boxed elementor-section-height-default elementor-section-height-default\" data-id=\"9a46cac\" data-element_type=\"section\" data-settings=\"{&quot;background_background&quot;:&quot;classic&quot;}\">\n\t\t\t\t\t\t\t<div class=\"elementor-background-overlay\"><\/div>\n\t\t\t\t\t\t\t<div class=\"elementor-container elementor-column-gap-no\">\n\t\t\t\t\t<div class=\"elementor-column elementor-col-33 elementor-top-column elementor-element elementor-element-a594ecb\" data-id=\"a594ecb\" data-element_type=\"column\">\n\t\t\t<div class=\"elementor-widget-wrap elementor-element-populated\">\n\t\t\t\t\t\t<div class=\"elementor-element elementor-element-639d4cb elementor-widget elementor-widget-nxg-dual-heading\" data-id=\"639d4cb\" data-element_type=\"widget\" data-widget_type=\"nxg-dual-heading.default\">\n\t\t\t\t<div class=\"elementor-widget-container\">\n\t\t\t\r\n    <div class=\"text-left\">\r\n      <h2 class=\"heading\">\r\n        Elite Machine Company      <\/h2>\r\n    <\/div>\r\n\r\n  \t\t<\/div>\n\t\t\t\t<\/div>\n\t\t\t\t<div class=\"elementor-element elementor-element-d2964e2 elementor-widget elementor-widget-nxg-paragraph\" data-id=\"d2964e2\" data-element_type=\"widget\" data-widget_type=\"nxg-paragraph.default\">\n\t\t\t\t<div class=\"elementor-widget-container\">\n\t\t\t\r\n    <div class=\"text-left\">\r\n      <p class=\"paragraph\">\r\n        For more detailed information about our products, you can contact us from the contact information.\n      <\/p>\r\n    <\/div>\r\n\r\n  \t\t<\/div>\n\t\t\t\t<\/div>\n\t\t\t\t<div class=\"elementor-element elementor-element-4a5e23f elementor-widget elementor-widget-nxg-icon-list\" data-id=\"4a5e23f\" data-element_type=\"widget\" data-widget_type=\"nxg-icon-list.default\">\n\t\t\t\t<div class=\"elementor-widget-container\">\n\t\t\t\r\n    <ul class=\"navbar-nav\">\r\n              <li class=\"nav-item\">\r\n                    <a href=\"tel: +90 342 502 51 51\" target=&quot;_blank&quot; rel=&quot;nofollow&quot; class=\"nav-link text-left\">\r\n            <div class=\"icon-wrapper\">\r\n              <i class=\"list-icon fas fa-phone-alt\"><\/i>            <\/div>\r\n            <span class=\"list-text\">\r\n               +90 342 502 51 51            <\/span>\r\n          <\/a>\r\n        <\/li>\r\n              <li class=\"nav-item\">\r\n                    <a href=\"tel:  +90 532 718 13 12\" target=&quot;_blank&quot; rel=&quot;nofollow&quot; class=\"nav-link text-left\">\r\n            <div class=\"icon-wrapper\">\r\n              <i class=\"list-icon fas fa-mobile-alt\"><\/i>            <\/div>\r\n            <span class=\"list-text\">\r\n               +90 532 718 13 12            <\/span>\r\n          <\/a>\r\n        <\/li>\r\n              <li class=\"nav-item\">\r\n                    <a href=\"mailto: info@elitemakina.com.tr\" target=&quot;_blank&quot; rel=&quot;nofollow&quot; class=\"nav-link text-left\">\r\n            <div class=\"icon-wrapper\">\r\n              <i class=\"list-icon fas fa-envelope\"><\/i>            <\/div>\r\n            <span class=\"list-text\">\r\n               info@elitemakina.com.tr            <\/span>\r\n          <\/a>\r\n        <\/li>\r\n              <li class=\"nav-item\">\r\n                    <a href=\"#\" target=&quot;_blank&quot; rel=&quot;nofollow&quot; class=\"nav-link text-left\">\r\n            <div class=\"icon-wrapper\">\r\n              <i class=\"list-icon fas fa-map-marker-alt\"><\/i>            <\/div>\r\n            <span class=\"list-text\">\r\n              Ba\u015fp\u0131nar 2. OSB Dursun Bak Bulvar\u0131 No: 9 \u015eehitkamil \/ Gaziantep            <\/span>\r\n          <\/a>\r\n        <\/li>\r\n          <\/ul>\r\n\r\n\t\t\t<\/div>\n\t\t\t\t<\/div>\n\t\t\t\t<div class=\"elementor-element elementor-element-278c7b7 elementor-widget elementor-widget-nxg-button\" data-id=\"278c7b7\" data-element_type=\"widget\" data-widget_type=\"nxg-button.default\">\n\t\t\t\t<div class=\"elementor-widget-container\">\n\t\t\t\r\n    <div class=\"d-flex justify-content-start\">\r\n      <a class=\"btn button\" data-toggle=\"modal\" data-target=\"#map\">\r\n        SHOW ON MAP      <\/a>\r\n    <\/div>\r\n\r\n    \r\n      <!-- Modal [map] -->\r\n      <div id=\"map\" class=\"p-0 modal fade\" role=\"dialog\" aria-labelledby=\"map\" aria-hidden=\"true\">\r\n        <div class=\"modal-dialog modal-dialog-slideout\" role=\"document\">\r\n          <div class=\"modal-content full\">\r\n            <div class=\"modal-header absolute\" data-dismiss=\"modal\">\r\n              <div class=\"icon-wrapper\">\r\n                <i class=\"icon-close fas fa-times\"><\/i>\r\n              <\/div>\r\n            <\/div>\r\n            <div class=\"modal-body p-0\">\r\n              <iframe src=\"https:\/\/www.google.com\/maps\/embed?pb=!1m18!1m12!1m3!1d2673.6307495036885!2d37.30770015024839!3d37.16456998430791!2m3!1f0!2f0!3f0!3m2!1i1024!2i768!4f13.1!3m3!1m2!1s0x1531e3034c4ff7bb%3A0x61f1a23dac66522e!2sElite%20M%C3%BChendislik%20%26%20Makina!5e0!3m2!1str!2str!4v1647502734884!5m2!1str!2str\" width=\"600\" height=\"450\" aria-hidden=\"false\" tabindex=\"0\"><\/iframe>            <\/div>\r\n          <\/div>\r\n        <\/div>\r\n      <\/div>\r\n\r\n    \t\t<\/div>\n\t\t\t\t<\/div>\n\t\t\t\t\t<\/div>\n\t\t<\/div>\n\t\t\t\t<div class=\"elementor-column elementor-col-66 elementor-top-column elementor-element elementor-element-7040983\" data-id=\"7040983\" data-element_type=\"column\">\n\t\t\t<div class=\"elementor-widget-wrap elementor-element-populated\">\n\t\t\t\t\t\t<section class=\"elementor-section elementor-inner-section elementor-element elementor-element-3292d8c elementor-section-full_width elementor-section-height-default elementor-section-height-default\" data-id=\"3292d8c\" data-element_type=\"section\">\n\t\t\t\t\t\t<div class=\"elementor-container elementor-column-gap-no\">\n\t\t\t\t\t<div class=\"elementor-column elementor-col-100 elementor-inner-column elementor-element elementor-element-969239a\" data-id=\"969239a\" data-element_type=\"column\">\n\t\t\t<div class=\"elementor-widget-wrap elementor-element-populated\">\n\t\t\t\t\t\t<div class=\"elementor-element elementor-element-41abedc elementor-widget elementor-widget-nxg-pre-title\" data-id=\"41abedc\" data-element_type=\"widget\" data-widget_type=\"nxg-pre-title.default\">\n\t\t\t\t<div class=\"elementor-widget-container\">\n\t\t\t\r\n    <div class=\"text-left\">\r\n      <h6 class=\"pre-title\">\r\n        SEND MESSAGE      <\/h6>\r\n    <\/div>\r\n\r\n  \t\t<\/div>\n\t\t\t\t<\/div>\n\t\t\t\t<div class=\"elementor-element elementor-element-48507f3 elementor-widget elementor-widget-nxg-dual-heading\" data-id=\"48507f3\" data-element_type=\"widget\" data-widget_type=\"nxg-dual-heading.default\">\n\t\t\t\t<div class=\"elementor-widget-container\">\n\t\t\t\r\n    <div class=\"text-left\">\r\n      <h2 class=\"heading\">\r\n        Contact <u>US<\/u>      <\/h2>\r\n    <\/div>\r\n\r\n  \t\t<\/div>\n\t\t\t\t<\/div>\n\t\t\t\t<div class=\"elementor-element elementor-element-92ed813 elementor-widget elementor-widget-nxg-paragraph\" data-id=\"92ed813\" data-element_type=\"widget\" data-widget_type=\"nxg-paragraph.default\">\n\t\t\t\t<div class=\"elementor-widget-container\">\n\t\t\t\r\n    <div class=\"text-left\">\r\n      <p class=\"paragraph\">\r\n        Please fill in the form below regarding Elite Machine Company or the products you have requested and send it to us\u2026      <\/p>\r\n    <\/div>\r\n\r\n  \t\t<\/div>\n\t\t\t\t<\/div>\n\t\t\t\t\t<\/div>\n\t\t<\/div>\n\t\t\t\t\t<\/div>\n\t\t<\/section>\n\t\t\t\t<section class=\"elementor-section elementor-inner-section elementor-element elementor-element-dfd4680 elementor-section-full_width elementor-section-height-default elementor-section-height-default\" data-id=\"dfd4680\" data-element_type=\"section\">\n\t\t\t\t\t\t<div class=\"elementor-container elementor-column-gap-no\">\n\t\t\t\t\t<div class=\"elementor-column elementor-col-100 elementor-inner-column elementor-element elementor-element-d1d70b3\" data-id=\"d1d70b3\" data-element_type=\"column\">\n\t\t\t<div class=\"elementor-widget-wrap elementor-element-populated\">\n\t\t\t\t\t\t<div class=\"elementor-element elementor-element-8cfabb0 elementor-widget elementor-widget-nxg-form\" data-id=\"8cfabb0\" data-element_type=\"widget\" data-widget_type=\"nxg-form.default\">\n\t\t\t\t<div class=\"elementor-widget-container\">\n\t\t\t\r\n    <div class=\"nxg-contact-form-7\">\r\n      \n<div class=\"wpcf7 no-js\" id=\"wpcf7-f6944-o1\" lang=\"en-US\" dir=\"ltr\" data-wpcf7-id=\"6944\">\n<div class=\"screen-reader-response\"><p role=\"status\" aria-live=\"polite\" aria-atomic=\"true\"><\/p> <ul><\/ul><\/div>\n<form action=\"\/en\/wp-json\/wp\/v2\/pages\/18214#wpcf7-f6944-o1\" method=\"post\" class=\"wpcf7-form init\" aria-label=\"Contact form\" novalidate=\"novalidate\" data-status=\"init\">\n<fieldset class=\"hidden-fields-container\"><input type=\"hidden\" name=\"_wpcf7\" value=\"6944\" \/><input type=\"hidden\" name=\"_wpcf7_version\" value=\"6.1.4\" \/><input type=\"hidden\" name=\"_wpcf7_locale\" value=\"en_US\" \/><input type=\"hidden\" name=\"_wpcf7_unit_tag\" value=\"wpcf7-f6944-o1\" \/><input type=\"hidden\" name=\"_wpcf7_container_post\" value=\"0\" \/><input type=\"hidden\" name=\"_wpcf7_posted_data_hash\" value=\"\" \/>\n<\/fieldset>\n<div class=\"row\">\n\t<div class=\"col-12 col-md-6 input-group\">\n\t\t<p><label> Ad\u0131n\u0131z Soyad\u0131n\u0131z <span class=\"wpcf7-form-control-wrap\" data-name=\"your-name\"><input size=\"40\" maxlength=\"400\" class=\"wpcf7-form-control wpcf7-text wpcf7-validates-as-required\" aria-required=\"true\" aria-invalid=\"false\" value=\"\" type=\"text\" name=\"your-name\" \/><\/span> <\/label>\n\t\t<\/p>\n\t<\/div>\n\t<div class=\"col-12 col-md-6 input-group\">\n\t\t<p><label> Email Adresiniz <span class=\"wpcf7-form-control-wrap\" data-name=\"your-email\"><input size=\"40\" maxlength=\"400\" class=\"wpcf7-form-control wpcf7-email wpcf7-validates-as-required wpcf7-text wpcf7-validates-as-email\" aria-required=\"true\" aria-invalid=\"false\" value=\"\" type=\"email\" name=\"your-email\" \/><\/span> <\/label>\n\t\t<\/p>\n\t<\/div>\n<\/div>\n<div class=\"row\">\n\t<div class=\"col-12 col-md-6 input-group\">\n\t\t<p><label> Telefon Numaran\u0131z <span class=\"wpcf7-form-control-wrap\" data-name=\"your-phone\"><input class=\"wpcf7-form-control wpcf7-number wpcf7-validates-as-required wpcf7-validates-as-number\" aria-required=\"true\" aria-invalid=\"false\" value=\"\" type=\"number\" name=\"your-phone\" \/><\/span> <\/label>\n\t\t<\/p>\n\t<\/div>\n\t<div class=\"col-12 col-md-6 input-group\">\n\t\t<p><label> Talebiniz <span class=\"wpcf7-form-control-wrap\" data-name=\"Subject\"><select class=\"wpcf7-form-control wpcf7-select wpcf7-validates-as-required\" aria-required=\"true\" aria-invalid=\"false\" name=\"Subject\"><option value=\"\">&#8212;Please choose an option&#8212;<\/option><option value=\"\u00d6neri &amp; \u015eikayet\">\u00d6neri &amp; \u015eikayet<\/option><option value=\"G\u00fcncelleme\">G\u00fcncelleme<\/option><option value=\"Ar\u0131za Bildirimi\">Ar\u0131za Bildirimi<\/option><option value=\"Makinalar Hakk\u0131nda Bilgi\">Makinalar Hakk\u0131nda Bilgi<\/option><option value=\"Randevu Talebi\">Randevu Talebi<\/option><option value=\"Bunlar\u0131n D\u0131\u015f\u0131nda\">Bunlar\u0131n D\u0131\u015f\u0131nda<\/option><\/select><\/span> <\/label>\n\t\t<\/p>\n\t<\/div>\n<\/div>\n<div class=\"row\">\n\t<div class=\"col-12 input-group\">\n\t\t<p><label> Mesaj\u0131n\u0131z...<span class=\"wpcf7-form-control-wrap\" data-name=\"message\"><textarea cols=\"40\" rows=\"10\" maxlength=\"2000\" class=\"wpcf7-form-control wpcf7-textarea wpcf7-validates-as-required\" aria-required=\"true\" aria-invalid=\"false\" name=\"message\"><\/textarea><\/span> <\/label>\n\t\t<\/p>\n\t<\/div>\n<\/div>\n<div class=\"row\">\n\t<div class=\"col-12 input-group\">\n\t\t<p><input class=\"wpcf7-form-control wpcf7-submit has-spinner\" type=\"submit\" value=\"G\u00d6NDER\" \/>\n\t\t<\/p>\n\t<\/div>\n<\/div><p style=\"display: none !important;\" class=\"akismet-fields-container\" data-prefix=\"_wpcf7_ak_\"><label>&#916;<textarea name=\"_wpcf7_ak_hp_textarea\" cols=\"45\" rows=\"8\" maxlength=\"100\"><\/textarea><\/label><input type=\"hidden\" id=\"ak_js_1\" name=\"_wpcf7_ak_js\" value=\"43\"\/><script>document.getElementById( \"ak_js_1\" ).setAttribute( \"value\", ( new Date() ).getTime() );<\/script><\/p><div class=\"wpcf7-response-output\" aria-hidden=\"true\"><\/div>\n<\/form>\n<\/div>\n    <\/div>\r\n\r\n  \t\t<\/div>\n\t\t\t\t<\/div>\n\t\t\t\t\t<\/div>\n\t\t<\/div>\n\t\t\t\t\t<\/div>\n\t\t<\/section>\n\t\t\t\t\t<\/div>\n\t\t<\/div>\n\t\t\t\t\t<\/div>\n\t\t<\/section>\n\t\t\t\t<\/div>\n\t\t","protected":false},"excerpt":{"rendered":"<p>FAQ Questions We have gathered questions from our customers, if you cannot find the exact answer to your question, you&#8230;<\/p>\n","protected":false},"author":1,"featured_media":18114,"parent":0,"menu_order":0,"comment_status":"closed","ping_status":"closed","template":"","meta":{"_acf_changed":false,"footnotes":""},"class_list":["post-18214","page","type-page","status-publish","has-post-thumbnail","hentry"],"acf":[],"_links":{"self":[{"href":"https:\/\/www.elitemakina.com.tr\/en\/wp-json\/wp\/v2\/pages\/18214","targetHints":{"allow":["GET"]}}],"collection":[{"href":"https:\/\/www.elitemakina.com.tr\/en\/wp-json\/wp\/v2\/pages"}],"about":[{"href":"https:\/\/www.elitemakina.com.tr\/en\/wp-json\/wp\/v2\/types\/page"}],"author":[{"embeddable":true,"href":"https:\/\/www.elitemakina.com.tr\/en\/wp-json\/wp\/v2\/users\/1"}],"replies":[{"embeddable":true,"href":"https:\/\/www.elitemakina.com.tr\/en\/wp-json\/wp\/v2\/comments?post=18214"}],"version-history":[{"count":0,"href":"https:\/\/www.elitemakina.com.tr\/en\/wp-json\/wp\/v2\/pages\/18214\/revisions"}],"wp:featuredmedia":[{"embeddable":true,"href":"https:\/\/www.elitemakina.com.tr\/en\/wp-json\/wp\/v2\/media\/18114"}],"wp:attachment":[{"href":"https:\/\/www.elitemakina.com.tr\/en\/wp-json\/wp\/v2\/media?parent=18214"}],"curies":[{"name":"wp","href":"https:\/\/api.w.org\/{rel}","templated":true}]}}