{"id":18486,"date":"2022-03-27T22:09:49","date_gmt":"2022-03-27T22:09:49","guid":{"rendered":"https:\/\/www.elitemakina.com.tr\/tas-ayirici\/"},"modified":"2022-04-05T17:23:48","modified_gmt":"2022-04-05T17:23:48","slug":"steinabscheider","status":"publish","type":"product","link":"https:\/\/www.elitemakina.com.tr\/de\/steinabscheider\/","title":{"rendered":"Steinabscheider"},"content":{"rendered":"<p style=\"text-align: justify;\">Elite Engineering &amp; Machinery <strong>Steinabscheider<\/strong> erm\u00f6glicht die Entfernung von schweren Verunreinigungen wie Stein-und Metallteilen in Erdn\u00fcssen, Mandeln und H\u00fclsenfr\u00fcchten mit exzentrischer und Luftunterst\u00fctzung.<\/p>\n<h2>Steinabscheider<\/h2>\n","protected":false},"excerpt":{"rendered":"<p style=\"text-align: justify;\">Elite Engineering &amp; Machinery <strong>Steinabscheider<\/strong> erm\u00f6glicht die Entfernung von schweren Verunreinigungen wie Stein-und Metallteilen in Erdn\u00fcssen, Mandeln und H\u00fclsenfr\u00fcchten mit exzentrischer und Luftunterst\u00fctzung.<\/p>\n<h2>Steinabscheider<\/h2>\n[elfsight_form_builder id=\"4\"]\n","protected":false},"featured_media":19013,"comment_status":"open","ping_status":"closed","template":"","meta":{"_acf_changed":false},"pwb-brand":[768],"product_cat":[254],"product_tag":[569,571,572,573,574,575,292,452,576,577,578,579,580,581,582,570],"class_list":{"0":"post-18486","1":"product","2":"type-product","3":"status-publish","4":"has-post-thumbnail","6":"pwb-brand-elite-muhendislik-makina","7":"product_cat-allgemeines","8":"product_tag-antep-fistigi-makinasi-de","9":"product_tag-fistik-kavlatma-de","10":"product_tag-fistik-kavlatma-devlub-de","11":"product_tag-fistik-kavlatma-makinalari-de","12":"product_tag-fistik-kavlatma-makinesi-de","13":"product_tag-fistik-kavlatma-tesisi-de","14":"product_tag-fistik-makinalari-de","15":"product_tag-fistik-makinasi-de","16":"product_tag-fistik-soyma-makinasi-de","17":"product_tag-fistik-soyma-tesisi-de","18":"product_tag-gaziantep-kavlatma-makinasi-de","19":"product_tag-kabuk-soyma-makinasi-de","20":"product_tag-kavlatma-makinalari-de","21":"product_tag-kavlatma-makinasi-de","22":"product_tag-kavlatma-tesisi-de","23":"product_tag-mandelmaschine","25":"first","26":"instock","27":"shipping-taxable","28":"product-type-simple"},"acf":[],"brands":[{"id":768,"name":"Elite M\u00fchendislik &amp; Makina","slug":"elite-muhendislik-makina"}],"_links":{"self":[{"href":"https:\/\/www.elitemakina.com.tr\/de\/wp-json\/wp\/v2\/product\/18486","targetHints":{"allow":["GET"]}}],"collection":[{"href":"https:\/\/www.elitemakina.com.tr\/de\/wp-json\/wp\/v2\/product"}],"about":[{"href":"https:\/\/www.elitemakina.com.tr\/de\/wp-json\/wp\/v2\/types\/product"}],"replies":[{"embeddable":true,"href":"https:\/\/www.elitemakina.com.tr\/de\/wp-json\/wp\/v2\/comments?post=18486"}],"wp:featuredmedia":[{"embeddable":true,"href":"https:\/\/www.elitemakina.com.tr\/de\/wp-json\/wp\/v2\/media\/19013"}],"wp:attachment":[{"href":"https:\/\/www.elitemakina.com.tr\/de\/wp-json\/wp\/v2\/media?parent=18486"}],"wp:term":[{"taxonomy":"pwb-brand","embeddable":true,"href":"https:\/\/www.elitemakina.com.tr\/de\/wp-json\/wp\/v2\/pwb-brand?post=18486"},{"taxonomy":"product_cat","embeddable":true,"href":"https:\/\/www.elitemakina.com.tr\/de\/wp-json\/wp\/v2\/product_cat?post=18486"},{"taxonomy":"product_tag","embeddable":true,"href":"https:\/\/www.elitemakina.com.tr\/de\/wp-json\/wp\/v2\/product_tag?post=18486"}],"curies":[{"name":"wp","href":"https:\/\/api.w.org\/{rel}","templated":true}]}}