{"id":18480,"date":"2022-03-27T21:59:13","date_gmt":"2022-03-27T21:59:13","guid":{"rendered":"https:\/\/www.elitemakina.com.tr\/fistik-kavlatma-makinasi-devlub\/"},"modified":"2024-03-09T18:49:22","modified_gmt":"2024-03-09T18:49:22","slug":"pistazienschaelmaschine","status":"publish","type":"product","link":"https:\/\/www.elitemakina.com.tr\/de\/pistazienschaelmaschine\/","title":{"rendered":"Pistaziensch\u00e4lmaschine"},"content":{"rendered":"<p style=\"text-align: justify;\">Elite Engineering &amp; Machinery <strong>Pistaziensch\u00e4lmaschine<\/strong> (Devl\u00fcb) Wird Beim Peeling Von Erdn\u00fcssen Verwendet. Die st\u00fcndliche Kapazit\u00e4t betr\u00e4gt 3 Tonnen \/ Stunde. Hergestellt aus rostfreiem Stahl. Alle Erdnuss-R\u00f6stger\u00e4te sind verf\u00fcgbar.<\/p>\n<h2><strong>Pistaziensch\u00e4lmaschine<\/strong> (Devl\u00fcb)<\/h2>\n","protected":false},"excerpt":{"rendered":"<p style=\"text-align: justify;\">Elite Engineering &amp; Machinery <strong>Pistaziensch\u00e4lmaschine<\/strong> (Devl\u00fcb) Wird Beim Peeling Von Erdn\u00fcssen Verwendet. Die st\u00fcndliche Kapazit\u00e4t betr\u00e4gt 3 Tonnen \/ Stunde. Hergestellt aus rostfreiem Stahl. Alle Erdnuss-R\u00f6stger\u00e4te sind verf\u00fcgbar.<\/p>\n<h2><strong>Pistaziensch\u00e4lmaschine<\/strong> (Devl\u00fcb)<\/h2>\n[elfsight_form_builder id=\"4\"]\n","protected":false},"featured_media":19021,"comment_status":"open","ping_status":"closed","template":"","meta":{"_acf_changed":false},"pwb-brand":[1145,768],"product_cat":[254],"product_tag":[569,571,572,573,574,575,292,452,576,577,578,579,580,581,582,570],"class_list":{"0":"post-18480","1":"product","2":"type-product","3":"status-publish","4":"has-post-thumbnail","6":"pwb-brand-elite-makina-a-s","7":"pwb-brand-elite-muhendislik-makina","8":"product_cat-allgemeines","9":"product_tag-antep-fistigi-makinasi-de","10":"product_tag-fistik-kavlatma-de","11":"product_tag-fistik-kavlatma-devlub-de","12":"product_tag-fistik-kavlatma-makinalari-de","13":"product_tag-fistik-kavlatma-makinesi-de","14":"product_tag-fistik-kavlatma-tesisi-de","15":"product_tag-fistik-makinalari-de","16":"product_tag-fistik-makinasi-de","17":"product_tag-fistik-soyma-makinasi-de","18":"product_tag-fistik-soyma-tesisi-de","19":"product_tag-gaziantep-kavlatma-makinasi-de","20":"product_tag-kabuk-soyma-makinasi-de","21":"product_tag-kavlatma-makinalari-de","22":"product_tag-kavlatma-makinasi-de","23":"product_tag-kavlatma-tesisi-de","24":"product_tag-mandelmaschine","26":"first","27":"instock","28":"shipping-taxable","29":"product-type-simple"},"acf":[],"brands":[{"id":1145,"name":"Elite Makina A.\u015e.","slug":"elite-makina-a-s"},{"id":768,"name":"Elite M\u00fchendislik &amp; Makina","slug":"elite-muhendislik-makina"}],"_links":{"self":[{"href":"https:\/\/www.elitemakina.com.tr\/de\/wp-json\/wp\/v2\/product\/18480","targetHints":{"allow":["GET"]}}],"collection":[{"href":"https:\/\/www.elitemakina.com.tr\/de\/wp-json\/wp\/v2\/product"}],"about":[{"href":"https:\/\/www.elitemakina.com.tr\/de\/wp-json\/wp\/v2\/types\/product"}],"replies":[{"embeddable":true,"href":"https:\/\/www.elitemakina.com.tr\/de\/wp-json\/wp\/v2\/comments?post=18480"}],"wp:featuredmedia":[{"embeddable":true,"href":"https:\/\/www.elitemakina.com.tr\/de\/wp-json\/wp\/v2\/media\/19021"}],"wp:attachment":[{"href":"https:\/\/www.elitemakina.com.tr\/de\/wp-json\/wp\/v2\/media?parent=18480"}],"wp:term":[{"taxonomy":"pwb-brand","embeddable":true,"href":"https:\/\/www.elitemakina.com.tr\/de\/wp-json\/wp\/v2\/pwb-brand?post=18480"},{"taxonomy":"product_cat","embeddable":true,"href":"https:\/\/www.elitemakina.com.tr\/de\/wp-json\/wp\/v2\/product_cat?post=18480"},{"taxonomy":"product_tag","embeddable":true,"href":"https:\/\/www.elitemakina.com.tr\/de\/wp-json\/wp\/v2\/product_tag?post=18480"}],"curies":[{"name":"wp","href":"https:\/\/api.w.org\/{rel}","templated":true}]}}