{"id":18466,"date":"2022-03-27T20:51:30","date_gmt":"2022-03-27T20:51:30","guid":{"rendered":"https:\/\/www.elitemakina.com.tr\/secme-bandi\/"},"modified":"2024-11-10T23:57:03","modified_gmt":"2024-11-10T23:57:03","slug":"muttern-auswahl-guertel","status":"publish","type":"product","link":"https:\/\/www.elitemakina.com.tr\/de\/muttern-auswahl-guertel\/","title":{"rendered":"Muttern Auswahl G\u00fcrtel"},"content":{"rendered":"<p style=\"text-align: justify;\">Elite Engineering &amp; Maschinen <strong>Muttern Auswahl G\u00fcrtel<\/strong>, muttern auswahl band. Es wird f\u00fcr die Auswahl von Qualit\u00e4ts- und fehlerfreien Produkten verwendet. es ist so konzipiert, dass das Arbeitspersonal eine komfortable und reibungslose Wahl trifft. Es hat Beleuchtung. Mit der Geschwindigkeitsregelung k\u00f6nnen Sie mit jeder gew\u00fcnschten Geschwindigkeit laufen. Das verwendete PVC-Band ist lebensmittelecht zertifiziert. Der Energieverbrauch betr\u00e4gt 1,5 kW. Nach Wunsch haben wir die Produktion komplett aus Chrom.<\/p>\n<h2>Muttern Auswahl G\u00fcrtel<\/h2>\n<h2><\/h2>\n","protected":false},"excerpt":{"rendered":"<p style=\"text-align: justify;\">Elite Engineering &amp; Maschinen <strong>Muttern Auswahl G\u00fcrtel<\/strong>, muttern auswahl band. Es wird f\u00fcr die Auswahl von Qualit\u00e4ts- und fehlerfreien Produkten verwendet. es ist so konzipiert, dass das Arbeitspersonal eine komfortable und reibungslose Wahl trifft. Es hat Beleuchtung. Mit der Geschwindigkeitsregelung k\u00f6nnen Sie mit jeder gew\u00fcnschten Geschwindigkeit laufen. Das verwendete PVC-Band ist lebensmittelecht zertifiziert. Der Energieverbrauch betr\u00e4gt 1,5 kW. Nach Wunsch haben wir die Produktion komplett aus Chrom.<\/p>\n<h2>Muttern Auswahl G\u00fcrtel<\/h2>\n<h2><\/h2>\n[elfsight_form_builder id=\"4\"]\n","protected":false},"featured_media":19034,"comment_status":"open","ping_status":"closed","template":"","meta":{"_acf_changed":false},"pwb-brand":[768],"product_cat":[254],"product_tag":[494,292,452,495,496,497,498,499,500,501,502,503,504],"class_list":{"0":"post-18466","1":"product","2":"type-product","3":"status-publish","4":"has-post-thumbnail","6":"pwb-brand-elite-muhendislik-makina","7":"product_cat-allgemeines","8":"product_tag-fistik-bandi-de","9":"product_tag-fistik-makinalari-de","10":"product_tag-fistik-makinasi-de","11":"product_tag-fistik-secme-bandi-de","12":"product_tag-gaziantep-bant-cesitleri-de","13":"product_tag-gaziantep-konveyor-bant-de","14":"product_tag-konveyor-de","15":"product_tag-konveyor-bant-de","16":"product_tag-secme-bandi-de","17":"product_tag-tasima-bandi-de","18":"product_tag-urun-bandi-de","19":"product_tag-urun-secme-bandi-de","20":"product_tag-urun-tasima-bandi-de","22":"first","23":"instock","24":"shipping-taxable","25":"product-type-simple"},"acf":[],"brands":[{"id":768,"name":"Elite M\u00fchendislik &amp; Makina","slug":"elite-muhendislik-makina"}],"_links":{"self":[{"href":"https:\/\/www.elitemakina.com.tr\/de\/wp-json\/wp\/v2\/product\/18466","targetHints":{"allow":["GET"]}}],"collection":[{"href":"https:\/\/www.elitemakina.com.tr\/de\/wp-json\/wp\/v2\/product"}],"about":[{"href":"https:\/\/www.elitemakina.com.tr\/de\/wp-json\/wp\/v2\/types\/product"}],"replies":[{"embeddable":true,"href":"https:\/\/www.elitemakina.com.tr\/de\/wp-json\/wp\/v2\/comments?post=18466"}],"wp:featuredmedia":[{"embeddable":true,"href":"https:\/\/www.elitemakina.com.tr\/de\/wp-json\/wp\/v2\/media\/19034"}],"wp:attachment":[{"href":"https:\/\/www.elitemakina.com.tr\/de\/wp-json\/wp\/v2\/media?parent=18466"}],"wp:term":[{"taxonomy":"pwb-brand","embeddable":true,"href":"https:\/\/www.elitemakina.com.tr\/de\/wp-json\/wp\/v2\/pwb-brand?post=18466"},{"taxonomy":"product_cat","embeddable":true,"href":"https:\/\/www.elitemakina.com.tr\/de\/wp-json\/wp\/v2\/product_cat?post=18466"},{"taxonomy":"product_tag","embeddable":true,"href":"https:\/\/www.elitemakina.com.tr\/de\/wp-json\/wp\/v2\/product_tag?post=18466"}],"curies":[{"name":"wp","href":"https:\/\/api.w.org\/{rel}","templated":true}]}}