{"id":18462,"date":"2022-03-27T21:10:04","date_gmt":"2022-03-27T21:10:04","guid":{"rendered":"https:\/\/www.elitemakina.com.tr\/tasima-z-elevator\/"},"modified":"2022-04-05T17:24:54","modified_gmt":"2022-04-05T17:24:54","slug":"elevador-de-transporte-z","status":"publish","type":"product","link":"https:\/\/www.elitemakina.com.tr\/de\/elevador-de-transporte-z\/","title":{"rendered":"Elevador de Transporte Z"},"content":{"rendered":"<p style=\"text-align: justify;\">Ingenier\u00eda de \u00e9lite y Transporte de maquinaria El elevador Z se puede utilizar en todo tipo de trabajos de transporte de man\u00ed y legumbres. Se monta un cubo en la cadena para levantar los cacahuetes y las legumbres y vaciarlos en la m\u00e1quina.<\/p>\n<h2><strong>Elevador de Transporte Z<\/strong><\/h2>\n","protected":false},"excerpt":{"rendered":"<p style=\"text-align: justify;\">Ingenier\u00eda de \u00e9lite y Transporte de maquinaria El elevador Z se puede utilizar en todo tipo de trabajos de transporte de man\u00ed y legumbres. Se monta un cubo en la cadena para levantar los cacahuetes y las legumbres y vaciarlos en la m\u00e1quina.<\/p>\n<h2><strong>Elevador de Transporte Z<\/strong><\/h2>\n[elfsight_form_builder id=\"4\"]\n","protected":false},"featured_media":19030,"comment_status":"open","ping_status":"closed","template":"","meta":{"_acf_changed":false},"pwb-brand":[1145],"product_cat":[254],"product_tag":[431,432,434,437,439,440,292,443,445,429,447,449,428,450,453,455,457],"class_list":{"0":"post-18462","1":"product","2":"type-product","3":"status-publish","4":"has-post-thumbnail","6":"pwb-brand-elite-makina-a-s","7":"product_cat-allgemeines","8":"product_tag-band","9":"product_tag-dik-bant-de","10":"product_tag-dik-elevator-de","11":"product_tag-dik-tasima-de","12":"product_tag-dik-tasima-sistemi-de","13":"product_tag-elevator-de","14":"product_tag-fistik-makinalari-de","15":"product_tag-fistik-tasima-makinalari-de","16":"product_tag-fistik-tasima-makinasi-de","17":"product_tag-foerdermaschine-fuer-huelsenfruechte","18":"product_tag-gaziantep-tasima-z-elevator-de","19":"product_tag-kuruyemis-tasima-makinasi-de","20":"product_tag-mandelfoerdermaschine","21":"product_tag-tasima-elevatoru-de","22":"product_tag-tasima-z-elevator-de","23":"product_tag-tasima-z-elevatorleri-de","24":"product_tag-z-elevator-de","26":"first","27":"instock","28":"shipping-taxable","29":"product-type-simple"},"acf":[],"brands":[{"id":1145,"name":"Elite Makina A.\u015e.","slug":"elite-makina-a-s"}],"_links":{"self":[{"href":"https:\/\/www.elitemakina.com.tr\/de\/wp-json\/wp\/v2\/product\/18462","targetHints":{"allow":["GET"]}}],"collection":[{"href":"https:\/\/www.elitemakina.com.tr\/de\/wp-json\/wp\/v2\/product"}],"about":[{"href":"https:\/\/www.elitemakina.com.tr\/de\/wp-json\/wp\/v2\/types\/product"}],"replies":[{"embeddable":true,"href":"https:\/\/www.elitemakina.com.tr\/de\/wp-json\/wp\/v2\/comments?post=18462"}],"wp:featuredmedia":[{"embeddable":true,"href":"https:\/\/www.elitemakina.com.tr\/de\/wp-json\/wp\/v2\/media\/19030"}],"wp:attachment":[{"href":"https:\/\/www.elitemakina.com.tr\/de\/wp-json\/wp\/v2\/media?parent=18462"}],"wp:term":[{"taxonomy":"pwb-brand","embeddable":true,"href":"https:\/\/www.elitemakina.com.tr\/de\/wp-json\/wp\/v2\/pwb-brand?post=18462"},{"taxonomy":"product_cat","embeddable":true,"href":"https:\/\/www.elitemakina.com.tr\/de\/wp-json\/wp\/v2\/product_cat?post=18462"},{"taxonomy":"product_tag","embeddable":true,"href":"https:\/\/www.elitemakina.com.tr\/de\/wp-json\/wp\/v2\/product_tag?post=18462"}],"curies":[{"name":"wp","href":"https:\/\/api.w.org\/{rel}","templated":true}]}}