{"id":18447,"date":"2022-03-27T19:09:06","date_gmt":"2022-03-27T19:09:06","guid":{"rendered":"https:\/\/www.elitemakina.com.tr\/savurma-makinasi\/"},"modified":"2024-03-21T11:18:29","modified_gmt":"2024-03-21T11:18:29","slug":"geblaesemaschine","status":"publish","type":"product","link":"https:\/\/www.elitemakina.com.tr\/de\/geblaesemaschine\/","title":{"rendered":"Gebl\u00e4semaschine"},"content":{"rendered":"<p style=\"text-align: justify;\">Elite Engineering &amp; Machinery, <strong>Gebl\u00e4semaschine<\/strong> wird verwendet, um die Schale und das innere Produkt zu trennen. Es kann in allen N\u00fcssen und H\u00fclsenfr\u00fcchten verwendet werden. Es sorgt f\u00fcr die Trennung von der Massendifferenz mit Hilfe von Luft. Die Lufteinstellung kann einfach mit dem Drehzahlregler vorgenommen werden. Falls gew\u00fcnscht, erfolgt die Produktion vollst\u00e4ndig aus Chrom.<\/p>\n<h2>Gebl\u00e4semaschine<\/h2>\n<p><strong><span>TECHNISCHE SPEZIFIKATIONEN<\/span><\/strong><\/p>\n<table>\n<tbody>\n<tr>\n<td><strong><span>MASCHINENABMESSUNG (cm)<\/span><\/strong><\/td>\n<td><span>100 x 120 x 210 cm<\/span><\/td>\n<\/tr>\n<tr>\n<td><strong><span>KAPAZIT\u00c4T<\/span><\/strong><\/td>\n<td><span>200 Kilogramm<\/span><\/td>\n<\/tr>\n<tr>\n<td><strong><span>ENERGIE\u00a0<\/span><\/strong><\/td>\n<td><span>1,5kw<\/span><\/td>\n<\/tr>\n<tr>\n<td><strong><span>GEWICHT<\/span><\/strong><\/td>\n<td><span>200 Kilogramm<\/span><\/td>\n<\/tr>\n<\/tbody>\n<\/table>\n","protected":false},"excerpt":{"rendered":"<p style=\"text-align: justify;\">Elite Engineering &amp; Machinery, <strong>Gebl\u00e4semaschine<\/strong> wird verwendet, um die Schale und das innere Produkt zu trennen. Es kann in allen N\u00fcssen und H\u00fclsenfr\u00fcchten verwendet werden. Es sorgt f\u00fcr die Trennung von der Massendifferenz mit Hilfe von Luft. Die Lufteinstellung kann einfach mit dem Drehzahlregler vorgenommen werden. Falls gew\u00fcnscht, erfolgt die Produktion vollst\u00e4ndig aus Chrom.<\/p>\n<h2>Gebl\u00e4semaschine<\/h2>\n<p><strong>TECHNISCHE SPEZIFIKATIONEN<\/strong><\/p>\n<table>\n<tbody>\n<tr>\n<td><strong>MASCHINENABMESSUNG (cm)<\/strong><\/td>\n<td>100 x 120 x 210 cm<\/td>\n<\/tr>\n<tr>\n<td><strong>KAPAZIT\u00c4T<\/strong><\/td>\n<td>200 Kilogramm<\/td>\n<\/tr>\n<tr>\n<td><strong>ENERGIE\u00a0<\/strong><\/td>\n<td>1,5kw<\/td>\n<\/tr>\n<tr>\n<td><strong>GEWICHT<\/strong><\/td>\n<td>200 Kilogramm<\/td>\n<\/tr>\n<\/tbody>\n<\/table>\n[elfsight_form_builder id=\"4\"]\n","protected":false},"featured_media":19017,"comment_status":"open","ping_status":"closed","template":"","meta":{"_acf_changed":false},"pwb-brand":[1145],"product_cat":[254],"product_tag":[292,293,294,295,296,291,290,297,298,299],"class_list":{"0":"post-18447","1":"product","2":"type-product","3":"status-publish","4":"has-post-thumbnail","6":"pwb-brand-elite-makina-a-s","7":"product_cat-allgemeines","8":"product_tag-fistik-makinalari-de","9":"product_tag-fistik-savurma-de","10":"product_tag-fistik-savurma-makinalari-de","11":"product_tag-fistik-savurma-makinasi-de","12":"product_tag-gaziantep-fistik-savurma-makinasi-de","13":"product_tag-huelsenfruechte-wurfmaschine","14":"product_tag-mandelwurfmaschine","15":"product_tag-savurma-fistik-makinasi-de","16":"product_tag-savurma-makinalari-de","17":"product_tag-savurma-makinasi-de","19":"first","20":"instock","21":"shipping-taxable","22":"product-type-simple"},"acf":[],"brands":[{"id":1145,"name":"Elite Makina A.\u015e.","slug":"elite-makina-a-s"}],"_links":{"self":[{"href":"https:\/\/www.elitemakina.com.tr\/de\/wp-json\/wp\/v2\/product\/18447","targetHints":{"allow":["GET"]}}],"collection":[{"href":"https:\/\/www.elitemakina.com.tr\/de\/wp-json\/wp\/v2\/product"}],"about":[{"href":"https:\/\/www.elitemakina.com.tr\/de\/wp-json\/wp\/v2\/types\/product"}],"replies":[{"embeddable":true,"href":"https:\/\/www.elitemakina.com.tr\/de\/wp-json\/wp\/v2\/comments?post=18447"}],"wp:featuredmedia":[{"embeddable":true,"href":"https:\/\/www.elitemakina.com.tr\/de\/wp-json\/wp\/v2\/media\/19017"}],"wp:attachment":[{"href":"https:\/\/www.elitemakina.com.tr\/de\/wp-json\/wp\/v2\/media?parent=18447"}],"wp:term":[{"taxonomy":"pwb-brand","embeddable":true,"href":"https:\/\/www.elitemakina.com.tr\/de\/wp-json\/wp\/v2\/pwb-brand?post=18447"},{"taxonomy":"product_cat","embeddable":true,"href":"https:\/\/www.elitemakina.com.tr\/de\/wp-json\/wp\/v2\/product_cat?post=18447"},{"taxonomy":"product_tag","embeddable":true,"href":"https:\/\/www.elitemakina.com.tr\/de\/wp-json\/wp\/v2\/product_tag?post=18447"}],"curies":[{"name":"wp","href":"https:\/\/api.w.org\/{rel}","templated":true}]}}