{"id":18336,"date":"2022-03-27T14:07:08","date_gmt":"2022-03-27T14:07:08","guid":{"rendered":"https:\/\/www.elitemakina.com.tr\/teklif-al\/"},"modified":"2022-06-16T13:12:37","modified_gmt":"2022-06-16T13:12:37","slug":"angebot-bekommen","status":"publish","type":"page","link":"https:\/\/www.elitemakina.com.tr\/de\/angebot-bekommen\/","title":{"rendered":"Angebot bekommen"},"content":{"rendered":"\t\t<div data-elementor-type=\"wp-page\" data-elementor-id=\"18336\" class=\"elementor elementor-18336 elementor-15794\">\n\t\t\t\t\t\t<section class=\"elementor-section elementor-top-section elementor-element elementor-element-721d212 elementor-section-boxed elementor-section-height-default elementor-section-height-default\" data-id=\"721d212\" data-element_type=\"section\">\n\t\t\t\t\t\t<div class=\"elementor-container elementor-column-gap-no\">\n\t\t\t\t\t<div class=\"elementor-column elementor-col-50 elementor-top-column elementor-element elementor-element-47bdc86\" data-id=\"47bdc86\" data-element_type=\"column\">\n\t\t\t<div class=\"elementor-widget-wrap elementor-element-populated\">\n\t\t\t\t\t\t<section class=\"elementor-section elementor-inner-section elementor-element elementor-element-7c73989 elementor-section-full_width elementor-section-height-default elementor-section-height-default\" data-id=\"7c73989\" data-element_type=\"section\">\n\t\t\t\t\t\t<div class=\"elementor-container elementor-column-gap-no\">\n\t\t\t\t\t<div class=\"elementor-column elementor-col-100 elementor-inner-column elementor-element elementor-element-99aefd4\" data-id=\"99aefd4\" data-element_type=\"column\">\n\t\t\t<div class=\"elementor-widget-wrap elementor-element-populated\">\n\t\t\t\t\t\t<div class=\"elementor-element elementor-element-e1f7d40 elementor-widget elementor-widget-nxg-pre-title\" data-id=\"e1f7d40\" data-element_type=\"widget\" data-widget_type=\"nxg-pre-title.default\">\n\t\t\t\t<div class=\"elementor-widget-container\">\n\t\t\t\r\n    <div class=\"text-left\">\r\n      <h6 class=\"pre-title\">\r\n        ELITE ENGINEERING & MASCHINEN      <\/h6>\r\n    <\/div>\r\n\r\n  \t\t<\/div>\n\t\t\t\t<\/div>\n\t\t\t\t<div class=\"elementor-element elementor-element-c65dc4f elementor-widget elementor-widget-nxg-dual-heading\" data-id=\"c65dc4f\" data-element_type=\"widget\" data-widget_type=\"nxg-dual-heading.default\">\n\t\t\t\t<div class=\"elementor-widget-container\">\n\t\t\t\r\n    <div class=\"text-left\">\r\n      <h2 class=\"heading\">\r\n        Ein Angebot bekommen      <\/h2>\r\n    <\/div>\r\n\r\n  \t\t<\/div>\n\t\t\t\t<\/div>\n\t\t\t\t<div class=\"elementor-element elementor-element-783ea5d elementor-widget elementor-widget-text-editor\" data-id=\"783ea5d\" data-element_type=\"widget\" data-widget_type=\"text-editor.default\">\n\t\t\t\t<div class=\"elementor-widget-container\">\n\t\t\t\t\t\t\t<div class=\"elementor-element elementor-element-783ea5d elementor-widget elementor-widget-text-editor\" data-id=\"783ea5d\" data-element_type=\"widget\" data-widget_type=\"text-editor.default\"><div class=\"elementor-widget-container\"><p style=\"text-align: justify;\"><span>Wenn Sie n\u00e4here Informationen zu unseren Produkten oder einen Preis zu unseren Produkten erhalten m\u00f6chten, f\u00fcllen Sie bitte das untenstehende Formular vollst\u00e4ndig aus.\u00a0Unser Firmenvertreter wird Sie so schnell wie m\u00f6glich zur\u00fccksenden.<\/span><\/p><\/div><\/div>\t\t\t\t\t\t<\/div>\n\t\t\t\t<\/div>\n\t\t\t\t<div class=\"elementor-element elementor-element-691e82d elementor-widget elementor-widget-nxg-paragraph\" data-id=\"691e82d\" data-element_type=\"widget\" data-widget_type=\"nxg-paragraph.default\">\n\t\t\t\t<div class=\"elementor-widget-container\">\n\t\t\t\r\n    <div class=\"text-left\">\r\n      <p class=\"paragraph\">\r\n        \n            <div \n                class=\"elfsight-widget-form-builder elfsight-widget\" \n                data-elfsight-form-builder-options=\"%7B%22ei%22%3A%22%22%2C%22fields%22%3A%5B%7B%22type%22%3A%22text%22%2C%22placeholder%22%3A%22Name%20und%20Nachname%22%2C%22description%22%3A%22%22%2C%22label%22%3A%22Name%20und%20Nachname%22%2C%22required%22%3Atrue%2C%22columnWidth%22%3A50%2C%22id%22%3A%22%5Bname-und-nachname%5D%22%7D%2C%7B%22type%22%3A%22email%22%2C%22label%22%3A%22E-Mail-Addresse%22%2C%22description%22%3A%22%22%2C%22placeholder%22%3A%22example%40domain.com%22%2C%22required%22%3Atrue%2C%22columnWidth%22%3A50%2C%22id%22%3A%22%5Be-mail-addresse%5D%22%7D%2C%7B%22type%22%3A%22phone%22%2C%22label%22%3A%22Telefonnummer%22%2C%22placeholder%22%3A%22%2B90%20532%20123%2045%2067%22%2C%22description%22%3A%22%22%2C%22required%22%3Atrue%2C%22columnWidth%22%3A50%2C%22id%22%3A%22%5Btelefonnummer%5D%22%7D%2C%7B%22type%22%3A%22text%22%2C%22placeholder%22%3A%22Bitte%20schreiben%20Sie%20Ihren%20Firmennamen%2C%20wenn%20Sie%20haben%22%2C%22description%22%3A%22%22%2C%22label%22%3A%22Name%20der%20Firma%22%2C%22required%22%3Afalse%2C%22columnWidth%22%3A50%2C%22id%22%3A%22%5Bname-der-firma%5D%22%7D%2C%7B%22type%22%3A%22textarea%22%2C%22label%22%3A%22Ihre%20Nachricht%22%2C%22description%22%3A%22%22%2C%22placeholder%22%3A%22Wenn%20Sie%20ein%20Detail%20oder%20eine%20spezielle%20Anfrage%20haben%2C%20die%20Sie%20hinzuf%5Cu00fcgen%20m%5Cu00f6chten%2C%20k%5Cu00f6nnen%20Sie%20im%20Detail%20schreiben%22%2C%22required%22%3Afalse%2C%22columnWidth%22%3A100%2C%22id%22%3A%22%5Bihre-nachricht%5D%22%7D%2C%7B%22type%22%3A%22dropdown%22%2C%22label%22%3A%22Ausgew%5Cu00e4hltes%20Produkt%22%2C%22name%22%3A%22%22%2C%22placeholder%22%3A%22Maschine%20zum%20Knacken%20von%20Pistazien%22%2C%22options%22%3A%22Maschine%20zum%20Knacken%20von%20Pistazien%5CnGebl%5Cu00e4semaschine%5CnVibrationssiebmaschine%5CnMuttern%20Auswahl%20G%5Cu00fcrtel%5CnElevador%20de%20Transporte%20Z%5CnBunker%5CnLight%20Grain%20Machine%5CnPistaziensch%5Cu00e4lmaschine%5CnSteinabscheider%5CnOpen%20Closed%20Separator%5CnMachinery%20R%5Cu00f6ster%5CnErdnuss%20Reis%20Maschine%5CnKartonformmaschine%22%2C%22scaleNumbersMin%22%3A1%2C%22scaleNumbersMax%22%3A10%2C%22leftCaption%22%3A%22Not%20likely%22%2C%22rightCaption%22%3A%22Very%20likely%22%2C%22fileLinkCaption%22%3A%22Choose%20file%22%2C%22fileDragCaption%22%3A%22or%20drag%20%26%20drop%20here%22%2C%22text%22%3A%22Text%22%2C%22title%22%3A%22Heading%22%2C%22caption%22%3A%22%22%2C%22value%22%3A%22%22%2C%22labelText%22%3A%22Label%22%2C%22dateTime%22%3A%22date%22%2C%22dateFormat%22%3A%22d.m.Y%22%2C%22timeFormat%22%3A%22H%3Ai%22%2C%22starsCount%22%3A5%2C%22required%22%3Afalse%2C%22description%22%3A%22%22%2C%22columnWidth%22%3A50%2C%22elementColumnWidth%22%3A100%2C%22fileAllowedAll%22%3Atrue%2C%22fileAllowed%22%3A%5B%22.jpg%22%2C%22.jpeg%22%2C%22.png%22%2C%22.gif%22%2C%22.txt%22%2C%22.pdf%22%2C%22.doc%22%2C%22.docx%22%2C%22.pages%22%2C%22.numbers%22%2C%22.xls%22%2C%22.xlsx%22%2C%22.odt%22%2C%22.ppt%22%2C%22.pptx%22%2C%22.pps%22%2C%22.ppsx%22%2C%22.html%22%5D%2C%22fileMax%22%3A25%2C%22fields%22%3A%22%22%2C%22id%22%3A%22%5Bausgew%5Cu00e4hltes-produkt%5D%22%7D%2C%7B%22type%22%3A%22dropdown%22%2C%22label%22%3A%22W%5Cu00e4hlen%20Sie%20die%20Menge%22%2C%22name%22%3A%22%22%2C%22placeholder%22%3A%22W%5Cu00e4hlen%20Sie%20die%20gew%5Cu00fcnschte%20Menge%20aus%22%2C%22options%22%3A%220%20Stk%5Cn1%20Stk%5Cn3%20Stk%5Cn4%20Stk%5Cn5%20Stk%5Cn6%20Stk%5Cn7%20Stk%5Cn8%20Stk%5Cn9%20Stk%5CnAndere%22%2C%22scaleNumbersMin%22%3A1%2C%22scaleNumbersMax%22%3A10%2C%22leftCaption%22%3A%22Not%20likely%22%2C%22rightCaption%22%3A%22Very%20likely%22%2C%22fileLinkCaption%22%3A%22Choose%20file%22%2C%22fileDragCaption%22%3A%22or%20drag%20%26%20drop%20here%22%2C%22text%22%3A%22Text%22%2C%22title%22%3A%22Heading%22%2C%22caption%22%3A%22%22%2C%22value%22%3A%22%22%2C%22labelText%22%3A%22Label%22%2C%22dateTime%22%3A%22date%22%2C%22dateFormat%22%3A%22d.m.Y%22%2C%22timeFormat%22%3A%22H%3Ai%22%2C%22starsCount%22%3A5%2C%22required%22%3Afalse%2C%22description%22%3A%22%22%2C%22columnWidth%22%3A50%2C%22elementColumnWidth%22%3A100%2C%22fileAllowedAll%22%3Atrue%2C%22fileAllowed%22%3A%5B%22.jpg%22%2C%22.jpeg%22%2C%22.png%22%2C%22.gif%22%2C%22.txt%22%2C%22.pdf%22%2C%22.doc%22%2C%22.docx%22%2C%22.pages%22%2C%22.numbers%22%2C%22.xls%22%2C%22.xlsx%22%2C%22.odt%22%2C%22.ppt%22%2C%22.pptx%22%2C%22.pps%22%2C%22.ppsx%22%2C%22.html%22%5D%2C%22fileMax%22%3A25%2C%22fields%22%3A%22%22%2C%22id%22%3A%22%5Bw%5Cu00e4hlen-sie-die-menge%5D%22%7D%5D%2C%22headerActive%22%3Atrue%2C%22headerTitle%22%3A%22Angebot%22%2C%22headerText%22%3A%22Wenn%20Sie%20n%5Cu00e4here%20Informationen%20zu%20unseren%20Produkten%20oder%20einen%20Preis%20f%5Cu00fcr%20unsere%20Produkte%20erhalten%20m%5Cu00f6chten%2C%20f%5Cu00fcllen%20Sie%20bitte%20das%20folgende%20Formular%20vollst%5Cu00e4ndig%20aus.%20Unser%20Firmenvertreter%20wird%20Sie%20so%20schnell%20wie%20m%5Cu00f6glich%20zur%5Cu00fccksenden.%22%2C%22headerPictureUrl%22%3A%22%22%2C%22footerText%22%3A%22%22%2C%22actionAfterSubmit%22%3A%22message%22%2C%22successMessage%22%3A%22Ihre%20Nachricht%20wurde%20erfolgreich%20versandt%21%20Wir%20werden%20Ihnen%20in%20K%5Cu00fcrze%20antworten.%22%2C%22successContinueText%22%3A%22OK%22%2C%22redirectUrl%22%3A%22https%3A%5C%2F%5C%2Fexample.com%22%2C%22submitText%22%3A%22Angebot%22%2C%22stepsMessagesDivider%22%3Anull%2C%22stepsMessagesTitle%22%3Anull%2C%22stepsText%22%3A%22step%20%251%20of%20%252%22%2C%22stepBackText%22%3A%22Back%22%2C%22stepNextText%22%3A%22Next%22%2C%22errorMessageAllRequired%22%3A%22Bitte%20alle%20ben%5Cu00f6tigten%20Felder%20ausf%5Cu00fcllen.%22%2C%22errorMessageAllIncorrect%22%3A%22Bitte%20f%5Cu00fcllen%20Sie%20alle%20Felder%20korrekt%20aus%22%2C%22errorMessageSetMailTo%22%3A%22Bitte%20legen%20Sie%20die%20E-Mail%20fest%2C%20an%20die%20Nachrichten%20gesendet%20werden%20sollen%22%2C%22errorMessageRequiredCaptcha%22%3A%22Please%2C%20enter%20the%20captcha%22%2C%22errorMessageFileSizeLimit%22%3A%22File%20size%20limit%20exceeded%22%2C%22errorMessageFileNotAllowed%22%3A%22File%20extension%20not%20allowed%22%2C%22errorMessageUnknown%22%3A%22Unknown%20error%22%2C%22errorMessageRequired%22%3A%22This%20field%20must%20be%20filled%20in.%22%2C%22errorMessageInvalid%22%3A%22Invalid%22%2C%22errorMessageInvalidEmail%22%3A%22Invalid%20email%22%2C%22errorMessageInvalidPhone%22%3A%22Invalid%20phone%20number%22%2C%22errorMessageInvalidUrl%22%3A%22Invalid%20URL%22%2C%22calendarWeekdaysShorthand%22%3A%22Sun%5CnMon%5CnTue%5CnWed%5CnThu%5CnFri%5CnSat%22%2C%22calendarMonthsLonghand%22%3A%22January%5CnFebruary%5CnMarch%5CnApril%5CnMay%5CnJune%5CnJuly%5CnAugust%5CnSeptember%5CnOctober%5CnNovember%5CnDecember%22%2C%22showProgress%22%3Atrue%2C%22recaptchaType%22%3A%22invisible%22%2C%22integrationsGoogleToken%22%3A%22%22%2C%22integrationsGoogleSheetId%22%3A%22%22%2C%22layout%22%3A%22default%22%2C%22floatingIcon%22%3A%22compose%22%2C%22floatingText%22%3A%22Angebot%22%2C%22floatingPosition%22%3A%22right%22%2C%22width%22%3A%22580%22%2C%22style%22%3A%22flat-rounded%22%2C%22mainColor%22%3A%22rgb%281%2C%20179%2C%20196%29%22%2C%22apiUrl%22%3A%22https%3A%5C%2F%5C%2Fwww.elitemakina.com.tr%5C%2Fde%5C%2Fwp-json%5C%2Felfsight-form-builder%5C%2Fapi%22%2C%22recaptchaKeyCheckbox%22%3A%226LfXGHgUAAAAAHNIE_EH7kEI1l4xvf_ynIlg5bfo%22%2C%22recaptchaKeyInvisible%22%3A%226Ld1CXgUAAAAAFTHmixC1Eo-NP7_3ddB1YOj9AfX%22%2C%22widgetId%22%3A%229%22%7D\" \n                data-elfsight-form-builder-version=\"1.5.1\"\n                data-elfsight-widget-id=\"elfsight-form-builder-9\">\n            <\/div>\n                  <\/p>\r\n    <\/div>\r\n\r\n  \t\t<\/div>\n\t\t\t\t<\/div>\n\t\t\t\t\t<\/div>\n\t\t<\/div>\n\t\t\t\t\t<\/div>\n\t\t<\/section>\n\t\t\t\t\t<\/div>\n\t\t<\/div>\n\t\t\t\t<div class=\"elementor-column elementor-col-50 elementor-top-column elementor-element elementor-element-2280b35\" data-id=\"2280b35\" data-element_type=\"column\">\n\t\t\t<div class=\"elementor-widget-wrap elementor-element-populated\">\n\t\t\t\t\t\t<div class=\"elementor-element elementor-element-6c4c2a8 elementor-widget elementor-widget-nxg-video\" data-id=\"6c4c2a8\" data-element_type=\"widget\" data-widget_type=\"nxg-video.default\">\n\t\t\t\t<div class=\"elementor-widget-container\">\n\t\t\t\r\n    <div class=\"nxg-gallery\">\r\n      <a href=\"https:\/\/www.youtube.com\/watch?v=Hr3O-bk_lec\" class=\"square-image d-flex justify-content-center align-items-center\" rel=\"noopener\">\r\n        <i class=\"icon auto fas fa-play\"><\/i>\r\n        <img decoding=\"async\" src=\"https:\/\/www.elitemakina.com.tr\/wp-content\/uploads\/2022\/03\/hakkimizda.jpg\" class=\"fit-image\" alt=\"Elite M\u00fchendislik &amp; Makina\" title=\"\">\r\n      <\/a>\r\n    <\/div>\r\n\r\n  \t\t<\/div>\n\t\t\t\t<\/div>\n\t\t\t\t\t<\/div>\n\t\t<\/div>\n\t\t\t\t\t<\/div>\n\t\t<\/section>\n\t\t\t\t<\/div>\n\t\t","protected":false},"excerpt":{"rendered":"<p>ELITE ENGINEERING &#038; MASCHINEN Ein Angebot bekommen Wenn Sie n\u00e4here Informationen zu unseren Produkten oder einen Preis zu unseren Produkten&#8230;<\/p>\n","protected":false},"author":1,"featured_media":18118,"parent":0,"menu_order":0,"comment_status":"closed","ping_status":"closed","template":"","meta":{"_acf_changed":false,"footnotes":""},"class_list":["post-18336","page","type-page","status-publish","has-post-thumbnail","hentry"],"acf":[],"_links":{"self":[{"href":"https:\/\/www.elitemakina.com.tr\/de\/wp-json\/wp\/v2\/pages\/18336","targetHints":{"allow":["GET"]}}],"collection":[{"href":"https:\/\/www.elitemakina.com.tr\/de\/wp-json\/wp\/v2\/pages"}],"about":[{"href":"https:\/\/www.elitemakina.com.tr\/de\/wp-json\/wp\/v2\/types\/page"}],"author":[{"embeddable":true,"href":"https:\/\/www.elitemakina.com.tr\/de\/wp-json\/wp\/v2\/users\/1"}],"replies":[{"embeddable":true,"href":"https:\/\/www.elitemakina.com.tr\/de\/wp-json\/wp\/v2\/comments?post=18336"}],"version-history":[{"count":0,"href":"https:\/\/www.elitemakina.com.tr\/de\/wp-json\/wp\/v2\/pages\/18336\/revisions"}],"wp:featuredmedia":[{"embeddable":true,"href":"https:\/\/www.elitemakina.com.tr\/de\/wp-json\/wp\/v2\/media\/18118"}],"wp:attachment":[{"href":"https:\/\/www.elitemakina.com.tr\/de\/wp-json\/wp\/v2\/media?parent=18336"}],"curies":[{"name":"wp","href":"https:\/\/api.w.org\/{rel}","templated":true}]}}