{"id":18318,"date":"2021-03-05T00:50:59","date_gmt":"2021-03-05T00:50:59","guid":{"rendered":"https:\/\/www.elitemakina.com.tr\/iletisim\/"},"modified":"2024-03-18T21:29:34","modified_gmt":"2024-03-18T21:29:34","slug":"kontakt","status":"publish","type":"page","link":"https:\/\/www.elitemakina.com.tr\/de\/kontakt\/","title":{"rendered":"Kontakt"},"content":{"rendered":"\t\t<div data-elementor-type=\"wp-page\" data-elementor-id=\"18318\" class=\"elementor elementor-18318 elementor-10329\">\n\t\t\t\t\t\t<section class=\"elementor-section elementor-top-section elementor-element elementor-element-22a8591 elementor-section-boxed elementor-section-height-default elementor-section-height-default\" data-id=\"22a8591\" data-element_type=\"section\" data-settings=\"{&quot;background_background&quot;:&quot;classic&quot;}\">\n\t\t\t\t\t\t<div class=\"elementor-container elementor-column-gap-no\">\n\t\t\t\t\t<div class=\"elementor-column elementor-col-66 elementor-top-column elementor-element elementor-element-3e02fd6\" data-id=\"3e02fd6\" data-element_type=\"column\">\n\t\t\t<div class=\"elementor-widget-wrap elementor-element-populated\">\n\t\t\t\t\t\t<section class=\"elementor-section elementor-inner-section elementor-element elementor-element-c97ee3a elementor-section-full_width elementor-section-height-default elementor-section-height-default\" data-id=\"c97ee3a\" data-element_type=\"section\">\n\t\t\t\t\t\t<div class=\"elementor-container elementor-column-gap-no\">\n\t\t\t\t\t<div class=\"elementor-column elementor-col-100 elementor-inner-column elementor-element elementor-element-76a4870\" data-id=\"76a4870\" data-element_type=\"column\">\n\t\t\t<div class=\"elementor-widget-wrap elementor-element-populated\">\n\t\t\t\t\t\t<div class=\"elementor-element elementor-element-94ef965 elementor-widget elementor-widget-nxg-pre-title\" data-id=\"94ef965\" data-element_type=\"widget\" data-widget_type=\"nxg-pre-title.default\">\n\t\t\t\t<div class=\"elementor-widget-container\">\n\t\t\t\r\n    <div class=\"text-left\">\r\n      <h6 class=\"pre-title\">\r\n        Kontaktformular      <\/h6>\r\n    <\/div>\r\n\r\n  \t\t<\/div>\n\t\t\t\t<\/div>\n\t\t\t\t<div class=\"elementor-element elementor-element-a32f888 elementor-widget elementor-widget-nxg-dual-heading\" data-id=\"a32f888\" data-element_type=\"widget\" data-widget_type=\"nxg-dual-heading.default\">\n\t\t\t\t<div class=\"elementor-widget-container\">\n\t\t\t\r\n    <div class=\"text-left\">\r\n      <h2 class=\"heading\">\r\n        Schreiben Sie  <u>Uns<\/u>      <\/h2>\r\n    <\/div>\r\n\r\n  \t\t<\/div>\n\t\t\t\t<\/div>\n\t\t\t\t<div class=\"elementor-element elementor-element-63a2ce6 elementor-widget elementor-widget-nxg-paragraph\" data-id=\"63a2ce6\" data-element_type=\"widget\" data-widget_type=\"nxg-paragraph.default\">\n\t\t\t\t<div class=\"elementor-widget-container\">\n\t\t\t\r\n    <div class=\"text-left\">\r\n      <p class=\"paragraph\">\r\n        Sie k\u00f6nnen uns \u00fcber Elite Engineering & Machinery oder \u00fcber die von Ihnen angeforderten Produkte Kontaktieren, indem Sie das untenstehende Formular ausf\u00fcllen.\u2026      <\/p>\r\n    <\/div>\r\n\r\n  \t\t<\/div>\n\t\t\t\t<\/div>\n\t\t\t\t\t<\/div>\n\t\t<\/div>\n\t\t\t\t\t<\/div>\n\t\t<\/section>\n\t\t\t\t<section class=\"elementor-section elementor-inner-section elementor-element elementor-element-89715cd elementor-section-full_width elementor-section-height-default elementor-section-height-default\" data-id=\"89715cd\" data-element_type=\"section\">\n\t\t\t\t\t\t<div class=\"elementor-container elementor-column-gap-no\">\n\t\t\t\t\t<div class=\"elementor-column elementor-col-100 elementor-inner-column elementor-element elementor-element-6f4b210\" data-id=\"6f4b210\" data-element_type=\"column\">\n\t\t\t<div class=\"elementor-widget-wrap elementor-element-populated\">\n\t\t\t\t\t\t<div class=\"elementor-element elementor-element-499d4b5 elementor-widget elementor-widget-nxg-form\" data-id=\"499d4b5\" data-element_type=\"widget\" data-widget_type=\"nxg-form.default\">\n\t\t\t\t<div class=\"elementor-widget-container\">\n\t\t\t\r\n    <div class=\"nxg-contact-form-7\">\r\n      \n<div class=\"wpcf7 no-js\" id=\"wpcf7-f18722-o1\" lang=\"en-US\" dir=\"ltr\" data-wpcf7-id=\"18722\">\n<div class=\"screen-reader-response\"><p role=\"status\" aria-live=\"polite\" aria-atomic=\"true\"><\/p> <ul><\/ul><\/div>\n<form action=\"\/de\/wp-json\/wp\/v2\/pages\/18318#wpcf7-f18722-o1\" method=\"post\" class=\"wpcf7-form init\" aria-label=\"Contact form\" novalidate=\"novalidate\" data-status=\"init\">\n<fieldset class=\"hidden-fields-container\"><input type=\"hidden\" name=\"_wpcf7\" value=\"18722\" \/><input type=\"hidden\" name=\"_wpcf7_version\" value=\"6.1.4\" \/><input type=\"hidden\" name=\"_wpcf7_locale\" value=\"en_US\" \/><input type=\"hidden\" name=\"_wpcf7_unit_tag\" value=\"wpcf7-f18722-o1\" \/><input type=\"hidden\" name=\"_wpcf7_container_post\" value=\"0\" \/><input type=\"hidden\" name=\"_wpcf7_posted_data_hash\" value=\"\" \/>\n<\/fieldset>\n<div class=\"row\">\n\t<div class=\"col-12 col-md-6 input-group\">\n\t\t<p><label> Name und Nachname <span class=\"wpcf7-form-control-wrap\" data-name=\"your-name\"><input size=\"40\" maxlength=\"400\" class=\"wpcf7-form-control wpcf7-text wpcf7-validates-as-required\" aria-required=\"true\" aria-invalid=\"false\" value=\"\" type=\"text\" name=\"your-name\" \/><\/span> <\/label>\n\t\t<\/p>\n\t<\/div>\n\t<div class=\"col-12 col-md-6 input-group\">\n\t\t<p><label> E-Mail-Addresse <span class=\"wpcf7-form-control-wrap\" data-name=\"your-email\"><input size=\"40\" maxlength=\"400\" class=\"wpcf7-form-control wpcf7-email wpcf7-validates-as-required wpcf7-text wpcf7-validates-as-email\" aria-required=\"true\" aria-invalid=\"false\" value=\"\" type=\"email\" name=\"your-email\" \/><\/span> <\/label>\n\t\t<\/p>\n\t<\/div>\n<\/div>\n<div class=\"row\">\n\t<div class=\"col-12 col-md-6 input-group\">\n\t\t<p><label> Telefonnummer <span class=\"wpcf7-form-control-wrap\" data-name=\"your-phone\"><input class=\"wpcf7-form-control wpcf7-number wpcf7-validates-as-required wpcf7-validates-as-number\" aria-required=\"true\" aria-invalid=\"false\" value=\"\" type=\"number\" name=\"your-phone\" \/><\/span> <\/label>\n\t\t<\/p>\n\t<\/div>\n\t<div class=\"col-12 col-md-6 input-group\">\n\t\t<p><label> Ihre Anfrage <span class=\"wpcf7-form-control-wrap\" data-name=\"Subject\"><select class=\"wpcf7-form-control wpcf7-select wpcf7-validates-as-required\" aria-required=\"true\" aria-invalid=\"false\" name=\"Subject\"><option value=\"\">&#8212;Please choose an option&#8212;<\/option><option value=\"Empfehlung &amp; Beschwerde\">Empfehlung &amp; Beschwerde<\/option><option value=\"Update\">Update<\/option><option value=\"St\u00f6rungsmeldung\">St\u00f6rungsmeldung<\/option><option value=\"Informationen \u00dcber Maschinen\">Informationen \u00dcber Maschinen<\/option><option value=\"Terminanfrage\">Terminanfrage<\/option><option value=\"Abgesehen Davon\">Abgesehen Davon<\/option><\/select><\/span> <\/label>\n\t\t<\/p>\n\t<\/div>\n<\/div>\n<div class=\"row\">\n\t<div class=\"col-12 input-group\">\n\t\t<p><label> Ihre Nachricht...<span class=\"wpcf7-form-control-wrap\" data-name=\"message\"><textarea cols=\"40\" rows=\"10\" maxlength=\"2000\" class=\"wpcf7-form-control wpcf7-textarea wpcf7-validates-as-required\" aria-required=\"true\" aria-invalid=\"false\" name=\"message\"><\/textarea><\/span> <\/label>\n\t\t<\/p>\n\t<\/div>\n<\/div>\n<div class=\"row\">\n\t<div class=\"col-12 input-group\">\n\t\t<p><input class=\"wpcf7-form-control wpcf7-submit has-spinner\" type=\"submit\" value=\"SENDEN\" \/>\n\t\t<\/p>\n\t<\/div>\n<\/div><p style=\"display: none !important;\" class=\"akismet-fields-container\" data-prefix=\"_wpcf7_ak_\"><label>&#916;<textarea name=\"_wpcf7_ak_hp_textarea\" cols=\"45\" rows=\"8\" maxlength=\"100\"><\/textarea><\/label><input type=\"hidden\" id=\"ak_js_1\" name=\"_wpcf7_ak_js\" value=\"1\"\/><script>document.getElementById( \"ak_js_1\" ).setAttribute( \"value\", ( new Date() ).getTime() );<\/script><\/p><div class=\"wpcf7-response-output\" aria-hidden=\"true\"><\/div>\n<\/form>\n<\/div>\n    <\/div>\r\n\r\n  \t\t<\/div>\n\t\t\t\t<\/div>\n\t\t\t\t\t<\/div>\n\t\t<\/div>\n\t\t\t\t\t<\/div>\n\t\t<\/section>\n\t\t\t\t\t<\/div>\n\t\t<\/div>\n\t\t\t\t<div class=\"elementor-column elementor-col-33 elementor-top-column elementor-element elementor-element-1a77187\" data-id=\"1a77187\" data-element_type=\"column\">\n\t\t\t<div class=\"elementor-widget-wrap elementor-element-populated\">\n\t\t\t\t\t\t<section class=\"elementor-section elementor-inner-section elementor-element elementor-element-6099086 elementor-section-full_width elementor-section-height-default elementor-section-height-default\" data-id=\"6099086\" data-element_type=\"section\">\n\t\t\t\t\t\t<div class=\"elementor-container elementor-column-gap-no\">\n\t\t\t\t\t<div class=\"elementor-column elementor-col-100 elementor-inner-column elementor-element elementor-element-a5c783b\" data-id=\"a5c783b\" data-element_type=\"column\">\n\t\t\t<div class=\"elementor-widget-wrap elementor-element-populated\">\n\t\t\t\t\t\t<div class=\"elementor-element elementor-element-b93b92f elementor-widget elementor-widget-nxg-dual-heading\" data-id=\"b93b92f\" data-element_type=\"widget\" data-widget_type=\"nxg-dual-heading.default\">\n\t\t\t\t<div class=\"elementor-widget-container\">\n\t\t\t\r\n    <div class=\"text-left\">\r\n      <h2 class=\"heading\">\r\n        Unsere Kontaktinformationen      <\/h2>\r\n    <\/div>\r\n\r\n  \t\t<\/div>\n\t\t\t\t<\/div>\n\t\t\t\t<div class=\"elementor-element elementor-element-d75abd9 elementor-widget elementor-widget-nxg-paragraph\" data-id=\"d75abd9\" data-element_type=\"widget\" data-widget_type=\"nxg-paragraph.default\">\n\t\t\t\t<div class=\"elementor-widget-container\">\n\t\t\t\r\n    <div class=\"text-left\">\r\n      <p class=\"paragraph\">\r\n        Sie k\u00f6nnen uns \u00fcber die Kontaktdaten kontaktieren, um weitere Informationen zu unseren Produkten zu erhalten.      <\/p>\r\n    <\/div>\r\n\r\n  \t\t<\/div>\n\t\t\t\t<\/div>\n\t\t\t\t<div class=\"elementor-element elementor-element-a480a3b elementor-widget elementor-widget-nxg-icon-list\" data-id=\"a480a3b\" data-element_type=\"widget\" data-widget_type=\"nxg-icon-list.default\">\n\t\t\t\t<div class=\"elementor-widget-container\">\n\t\t\t\r\n    <ul class=\"navbar-nav\">\r\n              <li class=\"nav-item\">\r\n                    <a href=\"tel:+90 342 502 51 51\" target=&quot;_blank&quot; rel=&quot;nofollow&quot; class=\"nav-link text-left\">\r\n            <div class=\"icon-wrapper\">\r\n              <i class=\"list-icon fas fa-phone-alt\"><\/i>            <\/div>\r\n            <span class=\"list-text\">\r\n               +90 342 502 51 51            <\/span>\r\n          <\/a>\r\n        <\/li>\r\n              <li class=\"nav-item\">\r\n                    <a href=\"tel:+90 532 718 13 12\" target=&quot;_blank&quot; rel=&quot;nofollow&quot; class=\"nav-link text-left\">\r\n            <div class=\"icon-wrapper\">\r\n              <i class=\"list-icon fas fa-mobile-alt\"><\/i>            <\/div>\r\n            <span class=\"list-text\">\r\n               +90 532 718 13 12            <\/span>\r\n          <\/a>\r\n        <\/li>\r\n              <li class=\"nav-item\">\r\n                    <a href=\"mailto: info@elitemakina.com.tr\" target=&quot;_blank&quot; rel=&quot;nofollow&quot; class=\"nav-link text-left\">\r\n            <div class=\"icon-wrapper\">\r\n              <i class=\"list-icon fas fa-envelope\"><\/i>            <\/div>\r\n            <span class=\"list-text\">\r\n               info@elitemakina.com.tr            <\/span>\r\n          <\/a>\r\n        <\/li>\r\n              <li class=\"nav-item\">\r\n                    <a href=\"#\" target=&quot;_blank&quot; rel=&quot;nofollow&quot; class=\"nav-link text-left\">\r\n            <div class=\"icon-wrapper\">\r\n              <i class=\"list-icon fas fa-map-marker-alt\"><\/i>            <\/div>\r\n            <span class=\"list-text\">\r\n              2. Organize Sanayi B\u00f6lgesi 83225 Nolu Cadde No: 12 \u015eehitkamil \/ Gaziantep            <\/span>\r\n          <\/a>\r\n        <\/li>\r\n          <\/ul>\r\n\r\n\t\t\t<\/div>\n\t\t\t\t<\/div>\n\t\t\t\t<div class=\"elementor-element elementor-element-0c6c1f9 elementor-widget elementor-widget-nxg-button\" data-id=\"0c6c1f9\" data-element_type=\"widget\" data-widget_type=\"nxg-button.default\">\n\t\t\t\t<div class=\"elementor-widget-container\">\n\t\t\t\r\n    <div class=\"d-flex justify-content-start\">\r\n      <a class=\"btn button\" data-toggle=\"modal\" data-target=\"#map\">\r\n        AUF DER KARTE ANZEIGEN      <\/a>\r\n    <\/div>\r\n\r\n    \r\n      <!-- Modal [map] -->\r\n      <div id=\"map\" class=\"p-0 modal fade\" role=\"dialog\" aria-labelledby=\"map\" aria-hidden=\"true\">\r\n        <div class=\"modal-dialog modal-dialog-slideout\" role=\"document\">\r\n          <div class=\"modal-content full\">\r\n            <div class=\"modal-header absolute\" data-dismiss=\"modal\">\r\n              <div class=\"icon-wrapper\">\r\n                <i class=\"icon-close fas fa-times\"><\/i>\r\n              <\/div>\r\n            <\/div>\r\n            <div class=\"modal-body p-0\">\r\n              <iframe src=\"https:\/\/www.google.com\/maps\/embed?pb=!1m14!1m8!1m3!1d3179.562707177666!2d37.3163081!3d37.1630962!3m2!1i1024!2i768!4f13.1!3m3!1m2!1s0x1531e3e70008a6a3%3A0xc0d60781ef6fbed8!2sBUZDON%20SO%C4%9EUTMA!5e0!3m2!1str!2str!4v1710794884438!5m2!1str!2str\" width=\"600\" height=\"450\" aria-hidden=\"false\" tabindex=\"0\"><\/iframe>            <\/div>\r\n          <\/div>\r\n        <\/div>\r\n      <\/div>\r\n\r\n    \t\t<\/div>\n\t\t\t\t<\/div>\n\t\t\t\t\t<\/div>\n\t\t<\/div>\n\t\t\t\t\t<\/div>\n\t\t<\/section>\n\t\t\t\t\t<\/div>\n\t\t<\/div>\n\t\t\t\t\t<\/div>\n\t\t<\/section>\n\t\t\t\t<\/div>\n\t\t","protected":false},"excerpt":{"rendered":"<p>Kontaktformular Schreiben Sie Uns Sie k\u00f6nnen uns \u00fcber Elite Engineering &#038; Machinery oder \u00fcber die von Ihnen angeforderten Produkte Kontaktieren,&#8230;<\/p>\n","protected":false},"author":1,"featured_media":17917,"parent":0,"menu_order":0,"comment_status":"closed","ping_status":"closed","template":"","meta":{"_acf_changed":false,"footnotes":""},"class_list":["post-18318","page","type-page","status-publish","has-post-thumbnail","hentry"],"acf":[],"_links":{"self":[{"href":"https:\/\/www.elitemakina.com.tr\/de\/wp-json\/wp\/v2\/pages\/18318","targetHints":{"allow":["GET"]}}],"collection":[{"href":"https:\/\/www.elitemakina.com.tr\/de\/wp-json\/wp\/v2\/pages"}],"about":[{"href":"https:\/\/www.elitemakina.com.tr\/de\/wp-json\/wp\/v2\/types\/page"}],"author":[{"embeddable":true,"href":"https:\/\/www.elitemakina.com.tr\/de\/wp-json\/wp\/v2\/users\/1"}],"replies":[{"embeddable":true,"href":"https:\/\/www.elitemakina.com.tr\/de\/wp-json\/wp\/v2\/comments?post=18318"}],"version-history":[{"count":0,"href":"https:\/\/www.elitemakina.com.tr\/de\/wp-json\/wp\/v2\/pages\/18318\/revisions"}],"wp:featuredmedia":[{"embeddable":true,"href":"https:\/\/www.elitemakina.com.tr\/de\/wp-json\/wp\/v2\/media\/17917"}],"wp:attachment":[{"href":"https:\/\/www.elitemakina.com.tr\/de\/wp-json\/wp\/v2\/media?parent=18318"}],"curies":[{"name":"wp","href":"https:\/\/api.w.org\/{rel}","templated":true}]}}