{"id":18287,"date":"2022-01-03T18:12:25","date_gmt":"2022-01-03T18:12:25","guid":{"rendered":"https:\/\/www.elitemakina.com.tr\/hakkimizda\/"},"modified":"2024-06-08T10:15:16","modified_gmt":"2024-06-08T10:15:16","slug":"ueber-uns","status":"publish","type":"page","link":"https:\/\/www.elitemakina.com.tr\/de\/ueber-uns\/","title":{"rendered":"\u00dcber uns"},"content":{"rendered":"\t\t<div data-elementor-type=\"wp-page\" data-elementor-id=\"18287\" class=\"elementor elementor-18287 elementor-9937\">\n\t\t\t\t\t\t<section class=\"elementor-section elementor-top-section elementor-element elementor-element-005a061 elementor-section-boxed elementor-section-height-default elementor-section-height-default\" data-id=\"005a061\" data-element_type=\"section\">\n\t\t\t\t\t\t<div class=\"elementor-container elementor-column-gap-no\">\n\t\t\t\t\t<div class=\"elementor-column elementor-col-100 elementor-top-column elementor-element elementor-element-aae9333\" data-id=\"aae9333\" data-element_type=\"column\">\n\t\t\t<div class=\"elementor-widget-wrap elementor-element-populated\">\n\t\t\t\t\t\t<section class=\"elementor-section elementor-inner-section elementor-element elementor-element-f4a744b elementor-section-full_width elementor-section-height-default elementor-section-height-default\" data-id=\"f4a744b\" data-element_type=\"section\">\n\t\t\t\t\t\t<div class=\"elementor-container elementor-column-gap-no\">\n\t\t\t\t\t<div class=\"elementor-column elementor-col-66 elementor-inner-column elementor-element elementor-element-8adb17a\" data-id=\"8adb17a\" data-element_type=\"column\">\n\t\t\t<div class=\"elementor-widget-wrap elementor-element-populated\">\n\t\t\t\t\t\t<div class=\"elementor-element elementor-element-df4aa74 elementor-widget elementor-widget-nxg-pre-title\" data-id=\"df4aa74\" data-element_type=\"widget\" data-widget_type=\"nxg-pre-title.default\">\n\t\t\t\t<div class=\"elementor-widget-container\">\n\t\t\t\r\n    <div class=\"text-left\">\r\n      <h6 class=\"pre-title\">\r\n        UNTERNEHMEN      <\/h6>\r\n    <\/div>\r\n\r\n  \t\t<\/div>\n\t\t\t\t<\/div>\n\t\t\t\t<div class=\"elementor-element elementor-element-99600f9 elementor-widget elementor-widget-nxg-dual-heading\" data-id=\"99600f9\" data-element_type=\"widget\" data-widget_type=\"nxg-dual-heading.default\">\n\t\t\t\t<div class=\"elementor-widget-container\">\n\t\t\t\r\n    <div class=\"text-left\">\r\n      <h2 class=\"heading\">\r\n        Lerne uns kennen      <\/h2>\r\n    <\/div>\r\n\r\n  \t\t<\/div>\n\t\t\t\t<\/div>\n\t\t\t\t<div class=\"elementor-element elementor-element-3abe6ef elementor-widget elementor-widget-text-editor\" data-id=\"3abe6ef\" data-element_type=\"widget\" data-widget_type=\"text-editor.default\">\n\t\t\t\t<div class=\"elementor-widget-container\">\n\t\t\t\t\t\t\t<p style=\"text-align: justify;\"><span>Unser Unternehmen wurde in der Provinz Gaziantep gegr\u00fcndet;\u00a0Es ist eines der besten Unternehmen der Branche.\u00a0Unser Gr\u00fcnder, Maschinenbauingenieur K\u00fcr\u015fad Orhan, hat mit der Herstellung von rostfreiem und normalem Stahl begonnen, der alle Bereiche des Maschinensektors anspricht, und kombiniert seine Erfahrung und sein Wissen, das er \u00fcber viele Jahre im Maschinensektor gesammelt hat, mit einem Team, das auf Hochtechnologie und Fertigung spezialisiert ist.<\/span><\/p><p style=\"text-align: justify;\"><span>Die einzige Adresse zu sein, die Engineering und Maschinen in Gaziantep zusammenbringt, ist ein weiteres Merkmal unseres Unternehmens, und ein weiteres Merkmal unseres Unternehmens ist die Unterst\u00fctzung von Unternehmen durch die Konstruktion und Entwicklung von Maschinen, die Unternehmen ben\u00f6tigen, aber nicht finden oder herstellen lassen k\u00f6nnen.<\/span><\/p>\t\t\t\t\t\t<\/div>\n\t\t\t\t<\/div>\n\t\t\t\t\t<\/div>\n\t\t<\/div>\n\t\t\t\t<div class=\"elementor-column elementor-col-33 elementor-inner-column elementor-element elementor-element-6d55ed9\" data-id=\"6d55ed9\" data-element_type=\"column\">\n\t\t\t<div class=\"elementor-widget-wrap elementor-element-populated\">\n\t\t\t\t\t\t<div class=\"elementor-element elementor-element-9a648f9 elementor-widget elementor-widget-nxg-testimonial\" data-id=\"9a648f9\" data-element_type=\"widget\" data-widget_type=\"nxg-testimonial.default\">\n\t\t\t\t<div class=\"elementor-widget-container\">\n\t\t\t\r\n    <div class=\"quote\">\r\n      <div class=\"quote-content\">\r\n\r\n        <div class=\"text-left\">\r\n          <h4 class=\"heading\">\r\n            Elite Engineering & Maschinen          <\/h4>\r\n        <\/div> \r\n\r\n        <div class=\"text-left\">\r\n          <p class=\"paragraph\">\r\n            Um den Menschen besser dienen zu k\u00f6nnen, m\u00fcssen Maschinen leichter miteinander kommunizieren k\u00f6nnen.\n<br><br><b><u>Nicholas Negroponte<\/u><\/b>\n\n\n          <\/p>\r\n        <\/div>\r\n\r\n      <\/div>\r\n\r\n      <div class=\"icon-wrapper\">\r\n        <i class=\"quote-icon quote-right fas fa-microphone\"><\/i>      <\/div>\r\n\r\n    <\/div>\r\n\r\n  \t\t<\/div>\n\t\t\t\t<\/div>\n\t\t\t\t\t<\/div>\n\t\t<\/div>\n\t\t\t\t\t<\/div>\n\t\t<\/section>\n\t\t\t\t\t<\/div>\n\t\t<\/div>\n\t\t\t\t\t<\/div>\n\t\t<\/section>\n\t\t\t\t<section class=\"elementor-section elementor-top-section elementor-element elementor-element-85abbd7 grayscale-video dotted-divider elementor-section-boxed elementor-section-height-default elementor-section-height-default\" data-id=\"85abbd7\" data-element_type=\"section\" data-settings=\"{&quot;background_background&quot;:&quot;classic&quot;}\">\n\t\t\t\t\t\t\t<div class=\"elementor-background-overlay\"><\/div>\n\t\t\t\t\t\t\t<div class=\"elementor-container elementor-column-gap-no\">\n\t\t\t\t\t<div class=\"elementor-column elementor-col-100 elementor-top-column elementor-element elementor-element-3518b8d\" data-id=\"3518b8d\" data-element_type=\"column\">\n\t\t\t<div class=\"elementor-widget-wrap elementor-element-populated\">\n\t\t\t\t\t\t<section class=\"elementor-section elementor-inner-section elementor-element elementor-element-576e87c elementor-section-boxed elementor-section-height-default elementor-section-height-default\" data-id=\"576e87c\" data-element_type=\"section\">\n\t\t\t\t\t\t<div class=\"elementor-container elementor-column-gap-no\">\n\t\t\t\t\t<div class=\"elementor-column elementor-col-100 elementor-inner-column elementor-element elementor-element-6cc8881\" data-id=\"6cc8881\" data-element_type=\"column\">\n\t\t\t<div class=\"elementor-widget-wrap elementor-element-populated\">\n\t\t\t\t\t\t<div class=\"elementor-element elementor-element-e0f2d9b elementor-widget elementor-widget-nxg-pre-title\" data-id=\"e0f2d9b\" data-element_type=\"widget\" data-widget_type=\"nxg-pre-title.default\">\n\t\t\t\t<div class=\"elementor-widget-container\">\n\t\t\t\r\n    <div class=\"text-center\">\r\n      <h6 class=\"pre-title\">\r\n        ELITE ENGINEERING & MASCHINEN\n      <\/h6>\r\n    <\/div>\r\n\r\n  \t\t<\/div>\n\t\t\t\t<\/div>\n\t\t\t\t<div class=\"elementor-element elementor-element-cac8e28 elementor-widget elementor-widget-nxg-dual-heading\" data-id=\"cac8e28\" data-element_type=\"widget\" data-widget_type=\"nxg-dual-heading.default\">\n\t\t\t\t<div class=\"elementor-widget-container\">\n\t\t\t\r\n    <div class=\"text-center\">\r\n      <h2 class=\"heading\">\r\n        Wir in Zahlen      <\/h2>\r\n    <\/div>\r\n\r\n  \t\t<\/div>\n\t\t\t\t<\/div>\n\t\t\t\t<div class=\"elementor-element elementor-element-c21009d elementor-widget elementor-widget-nxg-paragraph\" data-id=\"c21009d\" data-element_type=\"widget\" data-widget_type=\"nxg-paragraph.default\">\n\t\t\t\t<div class=\"elementor-widget-container\">\n\t\t\t\r\n    <div class=\"text-center\">\r\n      <p class=\"paragraph\">\r\n        Elite Makina & Engineering erf\u00fcllt immer die Erwartungen und bietet die bestm\u00f6gliche Maschine.      <\/p>\r\n    <\/div>\r\n\r\n  \t\t<\/div>\n\t\t\t\t<\/div>\n\t\t\t\t\t<\/div>\n\t\t<\/div>\n\t\t\t\t\t<\/div>\n\t\t<\/section>\n\t\t\t\t<section class=\"elementor-section elementor-inner-section elementor-element elementor-element-5ee5fca elementor-section-boxed elementor-section-height-default elementor-section-height-default\" data-id=\"5ee5fca\" data-element_type=\"section\">\n\t\t\t\t\t\t<div class=\"elementor-container elementor-column-gap-no\">\n\t\t\t\t\t<div class=\"elementor-column elementor-col-25 elementor-inner-column elementor-element elementor-element-c30634b\" data-id=\"c30634b\" data-element_type=\"column\">\n\t\t\t<div class=\"elementor-widget-wrap elementor-element-populated\">\n\t\t\t\t\t\t<div class=\"elementor-element elementor-element-ed6368e elementor-widget elementor-widget-nxg-counter\" data-id=\"ed6368e\" data-element_type=\"widget\" data-widget_type=\"nxg-counter.default\">\n\t\t\t\t<div class=\"elementor-widget-container\">\n\t\t\t\r\n    <div class=\"counter funfacts\">              \r\n      <div class=\"justify-content-center text-center items\">\r\n        <div class=\"item\">\r\n\r\n          \r\n                          <div data-percent=\"17\" data-color=\"#606D75\" data-empty-color=\"#cccccc\" class=\"radial\">\r\n                <span class=\"number\">\r\n                  17                <\/span>\r\n              <\/div>\r\n            \r\n                          <div class=\"text-center\">\r\n                <h4 class=\"heading\">\r\n                  Zertifizierung                <\/h4>\r\n              <\/div> \r\n            \r\n            \r\n                      \r\n          \r\n          \r\n          \r\n        <\/div>\r\n      <\/div>\r\n    <\/div>\r\n\r\n  \t\t<\/div>\n\t\t\t\t<\/div>\n\t\t\t\t\t<\/div>\n\t\t<\/div>\n\t\t\t\t<div class=\"elementor-column elementor-col-25 elementor-inner-column elementor-element elementor-element-2617121\" data-id=\"2617121\" data-element_type=\"column\">\n\t\t\t<div class=\"elementor-widget-wrap elementor-element-populated\">\n\t\t\t\t\t\t<div class=\"elementor-element elementor-element-bc9c1ae elementor-widget elementor-widget-nxg-counter\" data-id=\"bc9c1ae\" data-element_type=\"widget\" data-widget_type=\"nxg-counter.default\">\n\t\t\t\t<div class=\"elementor-widget-container\">\n\t\t\t\r\n    <div class=\"counter funfacts\">              \r\n      <div class=\"justify-content-center text-center items\">\r\n        <div class=\"item\">\r\n\r\n          \r\n                          <div data-percent=\"48\" data-color=\"#606D75\" data-empty-color=\"#cccccc\" class=\"radial\">\r\n                <span class=\"number\">\r\n                  48                <\/span>\r\n              <\/div>\r\n            \r\n                          <div class=\"text-center\">\r\n                <h4 class=\"heading\">\r\n                  Teamkollege                <\/h4>\r\n              <\/div> \r\n            \r\n            \r\n                      \r\n          \r\n          \r\n          \r\n        <\/div>\r\n      <\/div>\r\n    <\/div>\r\n\r\n  \t\t<\/div>\n\t\t\t\t<\/div>\n\t\t\t\t\t<\/div>\n\t\t<\/div>\n\t\t\t\t<div class=\"elementor-column elementor-col-25 elementor-inner-column elementor-element elementor-element-3da07f4\" data-id=\"3da07f4\" data-element_type=\"column\">\n\t\t\t<div class=\"elementor-widget-wrap elementor-element-populated\">\n\t\t\t\t\t\t<div class=\"elementor-element elementor-element-4914199 elementor-widget elementor-widget-nxg-counter\" data-id=\"4914199\" data-element_type=\"widget\" data-widget_type=\"nxg-counter.default\">\n\t\t\t\t<div class=\"elementor-widget-container\">\n\t\t\t\r\n    <div class=\"counter funfacts\">              \r\n      <div class=\"justify-content-center text-center items\">\r\n        <div class=\"item\">\r\n\r\n          \r\n                          <div data-percent=\"4976\" data-color=\"#606D75\" data-empty-color=\"#cccccc\" class=\"radial\">\r\n                <span class=\"number\">\r\n                  4976                <\/span>\r\n              <\/div>\r\n            \r\n                          <div class=\"text-center\">\r\n                <h4 class=\"heading\">\r\n                  Gl\u00fccklicher Kunde                <\/h4>\r\n              <\/div> \r\n            \r\n            \r\n                      \r\n          \r\n          \r\n          \r\n        <\/div>\r\n      <\/div>\r\n    <\/div>\r\n\r\n  \t\t<\/div>\n\t\t\t\t<\/div>\n\t\t\t\t\t<\/div>\n\t\t<\/div>\n\t\t\t\t<div class=\"elementor-column elementor-col-25 elementor-inner-column elementor-element elementor-element-568a3c4\" data-id=\"568a3c4\" data-element_type=\"column\">\n\t\t\t<div class=\"elementor-widget-wrap elementor-element-populated\">\n\t\t\t\t\t\t<div class=\"elementor-element elementor-element-36acf25 elementor-widget elementor-widget-nxg-counter\" data-id=\"36acf25\" data-element_type=\"widget\" data-widget_type=\"nxg-counter.default\">\n\t\t\t\t<div class=\"elementor-widget-container\">\n\t\t\t\r\n    <div class=\"counter funfacts\">              \r\n      <div class=\"justify-content-center text-center items\">\r\n        <div class=\"item\">\r\n\r\n          \r\n                          <div data-percent=\"21\" data-color=\"#606D75\" data-empty-color=\"#cccccc\" class=\"radial\">\r\n                <span class=\"number\">\r\n                  21                <\/span>\r\n              <\/div>\r\n            \r\n                          <div class=\"text-center\">\r\n                <h4 class=\"heading\">\r\n                  Land Lieferung                <\/h4>\r\n              <\/div> \r\n            \r\n            \r\n                      \r\n          \r\n          \r\n          \r\n        <\/div>\r\n      <\/div>\r\n    <\/div>\r\n\r\n  \t\t<\/div>\n\t\t\t\t<\/div>\n\t\t\t\t\t<\/div>\n\t\t<\/div>\n\t\t\t\t\t<\/div>\n\t\t<\/section>\n\t\t\t\t\t<\/div>\n\t\t<\/div>\n\t\t\t\t\t<\/div>\n\t\t<\/section>\n\t\t\t\t<section class=\"elementor-section elementor-top-section elementor-element elementor-element-721d212 elementor-section-boxed elementor-section-height-default elementor-section-height-default\" data-id=\"721d212\" data-element_type=\"section\">\n\t\t\t\t\t\t<div class=\"elementor-container elementor-column-gap-no\">\n\t\t\t\t\t<div class=\"elementor-column elementor-col-50 elementor-top-column elementor-element elementor-element-47bdc86\" data-id=\"47bdc86\" data-element_type=\"column\">\n\t\t\t<div class=\"elementor-widget-wrap elementor-element-populated\">\n\t\t\t\t\t\t<section class=\"elementor-section elementor-inner-section elementor-element elementor-element-7c73989 elementor-section-full_width elementor-section-height-default elementor-section-height-default\" data-id=\"7c73989\" data-element_type=\"section\">\n\t\t\t\t\t\t<div class=\"elementor-container elementor-column-gap-no\">\n\t\t\t\t\t<div class=\"elementor-column elementor-col-100 elementor-inner-column elementor-element elementor-element-99aefd4\" data-id=\"99aefd4\" data-element_type=\"column\">\n\t\t\t<div class=\"elementor-widget-wrap elementor-element-populated\">\n\t\t\t\t\t\t<div class=\"elementor-element elementor-element-e1f7d40 elementor-widget elementor-widget-nxg-pre-title\" data-id=\"e1f7d40\" data-element_type=\"widget\" data-widget_type=\"nxg-pre-title.default\">\n\t\t\t\t<div class=\"elementor-widget-container\">\n\t\t\t\r\n    <div class=\"text-left\">\r\n      <h6 class=\"pre-title\">\r\n        WARUM UNS W\u00c4HLEN?      <\/h6>\r\n    <\/div>\r\n\r\n  \t\t<\/div>\n\t\t\t\t<\/div>\n\t\t\t\t<div class=\"elementor-element elementor-element-c65dc4f elementor-widget elementor-widget-nxg-dual-heading\" data-id=\"c65dc4f\" data-element_type=\"widget\" data-widget_type=\"nxg-dual-heading.default\">\n\t\t\t\t<div class=\"elementor-widget-container\">\n\t\t\t\r\n    <div class=\"text-left\">\r\n      <h2 class=\"heading\">\r\n        Immer das Beste...      <\/h2>\r\n    <\/div>\r\n\r\n  \t\t<\/div>\n\t\t\t\t<\/div>\n\t\t\t\t<div class=\"elementor-element elementor-element-691e82d elementor-widget elementor-widget-nxg-paragraph\" data-id=\"691e82d\" data-element_type=\"widget\" data-widget_type=\"nxg-paragraph.default\">\n\t\t\t\t<div class=\"elementor-widget-container\">\n\t\t\t\r\n    <div class=\"text-left\">\r\n      <p class=\"paragraph\">\r\n        Elite Engineering & Machinery verbindet Engineering und Maschinenbau und produziert Maschinen, die 100% Kundenzufriedenheit in dem Bereich bieten, den sie ben\u00f6tigen.      <\/p>\r\n    <\/div>\r\n\r\n  \t\t<\/div>\n\t\t\t\t<\/div>\n\t\t\t\t\t<\/div>\n\t\t<\/div>\n\t\t\t\t\t<\/div>\n\t\t<\/section>\n\t\t\t\t<section class=\"elementor-section elementor-inner-section elementor-element elementor-element-85492a5 elementor-section-full_width elementor-section-height-default elementor-section-height-default\" data-id=\"85492a5\" data-element_type=\"section\">\n\t\t\t\t\t\t<div class=\"elementor-container elementor-column-gap-no\">\n\t\t\t\t\t<div class=\"elementor-column elementor-col-50 elementor-inner-column elementor-element elementor-element-0bfdd5c\" data-id=\"0bfdd5c\" data-element_type=\"column\">\n\t\t\t<div class=\"elementor-widget-wrap elementor-element-populated\">\n\t\t\t\t\t\t<div class=\"elementor-element elementor-element-8d3d820 elementor-widget elementor-widget-nxg-icon-list\" data-id=\"8d3d820\" data-element_type=\"widget\" data-widget_type=\"nxg-icon-list.default\">\n\t\t\t\t<div class=\"elementor-widget-container\">\n\t\t\t\r\n    <ul class=\"navbar-nav\">\r\n              <li class=\"nav-item\">\r\n                    <a href=\"#\" target=&quot;_blank&quot; rel=&quot;nofollow&quot; class=\"nav-link text-left\">\r\n            <div class=\"icon-wrapper\">\r\n              <i class=\"list-icon fas fa-user-cog\"><\/i>            <\/div>\r\n            <span class=\"list-text\">\r\n               Technischer Support            <\/span>\r\n          <\/a>\r\n        <\/li>\r\n          <\/ul>\r\n\r\n\t\t\t<\/div>\n\t\t\t\t<\/div>\n\t\t\t\t<div class=\"elementor-element elementor-element-4572b78 elementor-widget elementor-widget-nxg-paragraph\" data-id=\"4572b78\" data-element_type=\"widget\" data-widget_type=\"nxg-paragraph.default\">\n\t\t\t\t<div class=\"elementor-widget-container\">\n\t\t\t\r\n    <div class=\"text-left\">\r\n      <p class=\"paragraph\">\r\n        Als Elite Machinery & Engineering bieten wir technischen Support.      <\/p>\r\n    <\/div>\r\n\r\n  \t\t<\/div>\n\t\t\t\t<\/div>\n\t\t\t\t\t<\/div>\n\t\t<\/div>\n\t\t\t\t<div class=\"elementor-column elementor-col-50 elementor-inner-column elementor-element elementor-element-5f5bb32\" data-id=\"5f5bb32\" data-element_type=\"column\">\n\t\t\t<div class=\"elementor-widget-wrap elementor-element-populated\">\n\t\t\t\t\t\t<div class=\"elementor-element elementor-element-7475d4d elementor-widget elementor-widget-nxg-icon-list\" data-id=\"7475d4d\" data-element_type=\"widget\" data-widget_type=\"nxg-icon-list.default\">\n\t\t\t\t<div class=\"elementor-widget-container\">\n\t\t\t\r\n    <ul class=\"navbar-nav\">\r\n              <li class=\"nav-item\">\r\n                    <a href=\"#\" target=&quot;_blank&quot; rel=&quot;nofollow&quot; class=\"nav-link text-left\">\r\n            <div class=\"icon-wrapper\">\r\n              <i class=\"list-icon fas fa-project-diagram\"><\/i>            <\/div>\r\n            <span class=\"list-text\">\r\n               L\u00f6sungsorientiert            <\/span>\r\n          <\/a>\r\n        <\/li>\r\n          <\/ul>\r\n\r\n\t\t\t<\/div>\n\t\t\t\t<\/div>\n\t\t\t\t<div class=\"elementor-element elementor-element-bb3fe92 elementor-widget elementor-widget-nxg-paragraph\" data-id=\"bb3fe92\" data-element_type=\"widget\" data-widget_type=\"nxg-paragraph.default\">\n\t\t\t\t<div class=\"elementor-widget-container\">\n\t\t\t\r\n    <div class=\"text-left\">\r\n      <p class=\"paragraph\">\r\n        L\u00f6sungsorientiertes Arbeiten ist das Grundprinzip unseres Unternehmens.      <\/p>\r\n    <\/div>\r\n\r\n  \t\t<\/div>\n\t\t\t\t<\/div>\n\t\t\t\t\t<\/div>\n\t\t<\/div>\n\t\t\t\t\t<\/div>\n\t\t<\/section>\n\t\t\t\t<section class=\"elementor-section elementor-inner-section elementor-element elementor-element-9ee5fca elementor-section-full_width elementor-section-height-default elementor-section-height-default\" data-id=\"9ee5fca\" data-element_type=\"section\">\n\t\t\t\t\t\t<div class=\"elementor-container elementor-column-gap-no\">\n\t\t\t\t\t<div class=\"elementor-column elementor-col-50 elementor-inner-column elementor-element elementor-element-b580972\" data-id=\"b580972\" data-element_type=\"column\">\n\t\t\t<div class=\"elementor-widget-wrap elementor-element-populated\">\n\t\t\t\t\t\t<div class=\"elementor-element elementor-element-8f761d4 elementor-widget elementor-widget-nxg-icon-list\" data-id=\"8f761d4\" data-element_type=\"widget\" data-widget_type=\"nxg-icon-list.default\">\n\t\t\t\t<div class=\"elementor-widget-container\">\n\t\t\t\r\n    <ul class=\"navbar-nav\">\r\n              <li class=\"nav-item\">\r\n                    <a href=\"#\" target=&quot;_blank&quot; rel=&quot;nofollow&quot; class=\"nav-link text-left\">\r\n            <div class=\"icon-wrapper\">\r\n              <i class=\"list-icon fas fa-cogs\"><\/i>            <\/div>\r\n            <span class=\"list-text\">\r\n               Neueste Technik            <\/span>\r\n          <\/a>\r\n        <\/li>\r\n          <\/ul>\r\n\r\n\t\t\t<\/div>\n\t\t\t\t<\/div>\n\t\t\t\t<div class=\"elementor-element elementor-element-e8792ba elementor-widget elementor-widget-nxg-paragraph\" data-id=\"e8792ba\" data-element_type=\"widget\" data-widget_type=\"nxg-paragraph.default\">\n\t\t\t\t<div class=\"elementor-widget-container\">\n\t\t\t\r\n    <div class=\"text-left\">\r\n      <p class=\"paragraph\">\r\n        Die von uns hergestellten Maschinen sind Produkte der neuesten Technologie.      <\/p>\r\n    <\/div>\r\n\r\n  \t\t<\/div>\n\t\t\t\t<\/div>\n\t\t\t\t\t<\/div>\n\t\t<\/div>\n\t\t\t\t<div class=\"elementor-column elementor-col-50 elementor-inner-column elementor-element elementor-element-81236bc\" data-id=\"81236bc\" data-element_type=\"column\">\n\t\t\t<div class=\"elementor-widget-wrap elementor-element-populated\">\n\t\t\t\t\t\t<div class=\"elementor-element elementor-element-25d7729 elementor-widget elementor-widget-nxg-icon-list\" data-id=\"25d7729\" data-element_type=\"widget\" data-widget_type=\"nxg-icon-list.default\">\n\t\t\t\t<div class=\"elementor-widget-container\">\n\t\t\t\r\n    <ul class=\"navbar-nav\">\r\n              <li class=\"nav-item\">\r\n                    <a href=\"#\" target=&quot;_blank&quot; rel=&quot;nofollow&quot; class=\"nav-link text-left\">\r\n            <div class=\"icon-wrapper\">\r\n              <i class=\"list-icon fas fa-recycle\"><\/i>            <\/div>\r\n            <span class=\"list-text\">\r\n               Umweltfreundlich            <\/span>\r\n          <\/a>\r\n        <\/li>\r\n          <\/ul>\r\n\r\n\t\t\t<\/div>\n\t\t\t\t<\/div>\n\t\t\t\t<div class=\"elementor-element elementor-element-acd6041 elementor-widget elementor-widget-nxg-paragraph\" data-id=\"acd6041\" data-element_type=\"widget\" data-widget_type=\"nxg-paragraph.default\">\n\t\t\t\t<div class=\"elementor-widget-container\">\n\t\t\t\r\n    <div class=\"text-left\">\r\n      <p class=\"paragraph\">\r\n        Als Elite Engineering & Machinery produzieren wir b\u00fchnenfreundliche Maschinen.      <\/p>\r\n    <\/div>\r\n\r\n  \t\t<\/div>\n\t\t\t\t<\/div>\n\t\t\t\t\t<\/div>\n\t\t<\/div>\n\t\t\t\t\t<\/div>\n\t\t<\/section>\n\t\t\t\t\t<\/div>\n\t\t<\/div>\n\t\t\t\t<div class=\"elementor-column elementor-col-50 elementor-top-column elementor-element elementor-element-2280b35\" data-id=\"2280b35\" data-element_type=\"column\">\n\t\t\t<div class=\"elementor-widget-wrap elementor-element-populated\">\n\t\t\t\t\t\t<div class=\"elementor-element elementor-element-0125524 elementor-widget elementor-widget-nxg-video\" data-id=\"0125524\" data-element_type=\"widget\" data-widget_type=\"nxg-video.default\">\n\t\t\t\t<div class=\"elementor-widget-container\">\n\t\t\t\r\n    <div class=\"nxg-gallery\">\r\n      <a href=\"https:\/\/www.youtube.com\/watch?v=Hr3O-bk_lec\" class=\"square-image d-flex justify-content-center align-items-center\" rel=\"noopener\">\r\n        <i class=\"icon auto fas fa-play\"><\/i>\r\n        <img decoding=\"async\" src=\"https:\/\/www.elitemakina.com.tr\/wp-content\/uploads\/2022\/03\/hakkimizda.jpg\" class=\"fit-image\" alt=\"Elite M\u00fchendislik &amp; Makina\" title=\"\">\r\n      <\/a>\r\n    <\/div>\r\n\r\n  \t\t<\/div>\n\t\t\t\t<\/div>\n\t\t\t\t\t<\/div>\n\t\t<\/div>\n\t\t\t\t\t<\/div>\n\t\t<\/section>\n\t\t\t\t<\/div>\n\t\t","protected":false},"excerpt":{"rendered":"<p>UNTERNEHMEN Lerne uns kennen Unser Unternehmen wurde in der Provinz Gaziantep gegr\u00fcndet;\u00a0Es ist eines der besten Unternehmen der Branche.\u00a0Unser Gr\u00fcnder,&#8230;<\/p>\n","protected":false},"author":1,"featured_media":18109,"parent":0,"menu_order":0,"comment_status":"closed","ping_status":"closed","template":"","meta":{"_acf_changed":false,"footnotes":""},"class_list":["post-18287","page","type-page","status-publish","has-post-thumbnail","hentry"],"acf":[],"_links":{"self":[{"href":"https:\/\/www.elitemakina.com.tr\/de\/wp-json\/wp\/v2\/pages\/18287","targetHints":{"allow":["GET"]}}],"collection":[{"href":"https:\/\/www.elitemakina.com.tr\/de\/wp-json\/wp\/v2\/pages"}],"about":[{"href":"https:\/\/www.elitemakina.com.tr\/de\/wp-json\/wp\/v2\/types\/page"}],"author":[{"embeddable":true,"href":"https:\/\/www.elitemakina.com.tr\/de\/wp-json\/wp\/v2\/users\/1"}],"replies":[{"embeddable":true,"href":"https:\/\/www.elitemakina.com.tr\/de\/wp-json\/wp\/v2\/comments?post=18287"}],"version-history":[{"count":0,"href":"https:\/\/www.elitemakina.com.tr\/de\/wp-json\/wp\/v2\/pages\/18287\/revisions"}],"wp:featuredmedia":[{"embeddable":true,"href":"https:\/\/www.elitemakina.com.tr\/de\/wp-json\/wp\/v2\/media\/18109"}],"wp:attachment":[{"href":"https:\/\/www.elitemakina.com.tr\/de\/wp-json\/wp\/v2\/media?parent=18287"}],"curies":[{"name":"wp","href":"https:\/\/api.w.org\/{rel}","templated":true}]}}