{"id":18269,"date":"2022-03-27T12:01:13","date_gmt":"2022-03-27T12:01:13","guid":{"rendered":"https:\/\/www.elitemakina.com.tr\/vizyonumuz\/"},"modified":"2022-03-29T01:08:42","modified_gmt":"2022-03-29T01:08:42","slug":"unsere-vision","status":"publish","type":"page","link":"https:\/\/www.elitemakina.com.tr\/de\/unsere-vision\/","title":{"rendered":"Unsere Vision"},"content":{"rendered":"\t\t<div data-elementor-type=\"wp-page\" data-elementor-id=\"18269\" class=\"elementor elementor-18269 elementor-15668\">\n\t\t\t\t\t\t<section class=\"elementor-section elementor-top-section elementor-element elementor-element-721d212 elementor-section-boxed elementor-section-height-default elementor-section-height-default\" data-id=\"721d212\" data-element_type=\"section\">\n\t\t\t\t\t\t<div class=\"elementor-container elementor-column-gap-no\">\n\t\t\t\t\t<div class=\"elementor-column elementor-col-50 elementor-top-column elementor-element elementor-element-47bdc86\" data-id=\"47bdc86\" data-element_type=\"column\">\n\t\t\t<div class=\"elementor-widget-wrap elementor-element-populated\">\n\t\t\t\t\t\t<section class=\"elementor-section elementor-inner-section elementor-element elementor-element-7c73989 elementor-section-full_width elementor-section-height-default elementor-section-height-default\" data-id=\"7c73989\" data-element_type=\"section\">\n\t\t\t\t\t\t<div class=\"elementor-container elementor-column-gap-no\">\n\t\t\t\t\t<div class=\"elementor-column elementor-col-100 elementor-inner-column elementor-element elementor-element-99aefd4\" data-id=\"99aefd4\" data-element_type=\"column\">\n\t\t\t<div class=\"elementor-widget-wrap elementor-element-populated\">\n\t\t\t\t\t\t<div class=\"elementor-element elementor-element-e1f7d40 elementor-widget elementor-widget-nxg-pre-title\" data-id=\"e1f7d40\" data-element_type=\"widget\" data-widget_type=\"nxg-pre-title.default\">\n\t\t\t\t<div class=\"elementor-widget-container\">\n\t\t\t\r\n    <div class=\"text-left\">\r\n      <h6 class=\"pre-title\">\r\n        ELITE ENGINEERING & MASCHINEN      <\/h6>\r\n    <\/div>\r\n\r\n  \t\t<\/div>\n\t\t\t\t<\/div>\n\t\t\t\t<div class=\"elementor-element elementor-element-c65dc4f elementor-widget elementor-widget-nxg-dual-heading\" data-id=\"c65dc4f\" data-element_type=\"widget\" data-widget_type=\"nxg-dual-heading.default\">\n\t\t\t\t<div class=\"elementor-widget-container\">\n\t\t\t\r\n    <div class=\"text-left\">\r\n      <h2 class=\"heading\">\r\n        Unsere Vision      <\/h2>\r\n    <\/div>\r\n\r\n  \t\t<\/div>\n\t\t\t\t<\/div>\n\t\t\t\t<div class=\"elementor-element elementor-element-691e82d elementor-widget elementor-widget-nxg-paragraph\" data-id=\"691e82d\" data-element_type=\"widget\" data-widget_type=\"nxg-paragraph.default\">\n\t\t\t\t<div class=\"elementor-widget-container\">\n\t\t\t\r\n    <div class=\"text-left\">\r\n      <p class=\"paragraph\">\r\n        <p style=\"text-align: justify;\">Mit der in der Maschinenindustrie gesammelten Erfahrung und dem Prestige m\u00f6chte es eines der zuverl\u00e4ssigsten Unternehmen in der T\u00fcrkei sein, indem es seinen Marktanteil, seine Produktionskapazit\u00e4t und seine Modernisierung erh\u00f6ht und die Anforderungen der Kunden vollst\u00e4ndig erf\u00fcllt, ohne Kompromisse bei Qualit\u00e4t und Einstellung einzugehen die Standards in der produzierenden Industrie in Bezug auf Effizienz, Qualit\u00e4t, Arbeits- und Mitarbeitersicherheit, und Wir setzen unsere Arbeit bewusst fort..<\/p>      <\/p>\r\n    <\/div>\r\n\r\n  \t\t<\/div>\n\t\t\t\t<\/div>\n\t\t\t\t\t<\/div>\n\t\t<\/div>\n\t\t\t\t\t<\/div>\n\t\t<\/section>\n\t\t\t\t<section class=\"elementor-section elementor-inner-section elementor-element elementor-element-85492a5 elementor-section-full_width elementor-section-height-default elementor-section-height-default\" data-id=\"85492a5\" data-element_type=\"section\">\n\t\t\t\t\t\t<div class=\"elementor-container elementor-column-gap-no\">\n\t\t\t\t\t<div class=\"elementor-column elementor-col-50 elementor-inner-column elementor-element elementor-element-0bfdd5c\" data-id=\"0bfdd5c\" data-element_type=\"column\">\n\t\t\t<div class=\"elementor-widget-wrap elementor-element-populated\">\n\t\t\t\t\t\t<div class=\"elementor-element elementor-element-8d3d820 elementor-widget elementor-widget-nxg-icon-list\" data-id=\"8d3d820\" data-element_type=\"widget\" data-widget_type=\"nxg-icon-list.default\">\n\t\t\t\t<div class=\"elementor-widget-container\">\n\t\t\t\r\n    <ul class=\"navbar-nav\">\r\n              <li class=\"nav-item\">\r\n                    <a href=\"#\" target=&quot;_blank&quot; rel=&quot;nofollow&quot; class=\"nav-link text-left\">\r\n            <div class=\"icon-wrapper\">\r\n              <i class=\"list-icon fas fa-user-cog\"><\/i>            <\/div>\r\n            <span class=\"list-text\">\r\n               Technischer Support            <\/span>\r\n          <\/a>\r\n        <\/li>\r\n          <\/ul>\r\n\r\n\t\t\t<\/div>\n\t\t\t\t<\/div>\n\t\t\t\t<div class=\"elementor-element elementor-element-4572b78 elementor-widget elementor-widget-nxg-paragraph\" data-id=\"4572b78\" data-element_type=\"widget\" data-widget_type=\"nxg-paragraph.default\">\n\t\t\t\t<div class=\"elementor-widget-container\">\n\t\t\t\r\n    <div class=\"text-left\">\r\n      <p class=\"paragraph\">\r\n        Als Elite Machinery & Engineering bieten wir technischen Support.      <\/p>\r\n    <\/div>\r\n\r\n  \t\t<\/div>\n\t\t\t\t<\/div>\n\t\t\t\t\t<\/div>\n\t\t<\/div>\n\t\t\t\t<div class=\"elementor-column elementor-col-50 elementor-inner-column elementor-element elementor-element-5f5bb32\" data-id=\"5f5bb32\" data-element_type=\"column\">\n\t\t\t<div class=\"elementor-widget-wrap elementor-element-populated\">\n\t\t\t\t\t\t<div class=\"elementor-element elementor-element-7475d4d elementor-widget elementor-widget-nxg-icon-list\" data-id=\"7475d4d\" data-element_type=\"widget\" data-widget_type=\"nxg-icon-list.default\">\n\t\t\t\t<div class=\"elementor-widget-container\">\n\t\t\t\r\n    <ul class=\"navbar-nav\">\r\n              <li class=\"nav-item\">\r\n                    <a href=\"#\" target=&quot;_blank&quot; rel=&quot;nofollow&quot; class=\"nav-link text-left\">\r\n            <div class=\"icon-wrapper\">\r\n              <i class=\"list-icon fas fa-project-diagram\"><\/i>            <\/div>\r\n            <span class=\"list-text\">\r\n              L\u00f6sungsorientiert            <\/span>\r\n          <\/a>\r\n        <\/li>\r\n          <\/ul>\r\n\r\n\t\t\t<\/div>\n\t\t\t\t<\/div>\n\t\t\t\t<div class=\"elementor-element elementor-element-bb3fe92 elementor-widget elementor-widget-nxg-paragraph\" data-id=\"bb3fe92\" data-element_type=\"widget\" data-widget_type=\"nxg-paragraph.default\">\n\t\t\t\t<div class=\"elementor-widget-container\">\n\t\t\t\r\n    <div class=\"text-left\">\r\n      <p class=\"paragraph\">\r\n        L\u00f6sungsorientiertes Arbeiten ist das Grundprinzip unseres Unternehmens.      <\/p>\r\n    <\/div>\r\n\r\n  \t\t<\/div>\n\t\t\t\t<\/div>\n\t\t\t\t\t<\/div>\n\t\t<\/div>\n\t\t\t\t\t<\/div>\n\t\t<\/section>\n\t\t\t\t<section class=\"elementor-section elementor-inner-section elementor-element elementor-element-9ee5fca elementor-section-full_width elementor-section-height-default elementor-section-height-default\" data-id=\"9ee5fca\" data-element_type=\"section\">\n\t\t\t\t\t\t<div class=\"elementor-container elementor-column-gap-no\">\n\t\t\t\t\t<div class=\"elementor-column elementor-col-50 elementor-inner-column elementor-element elementor-element-b580972\" data-id=\"b580972\" data-element_type=\"column\">\n\t\t\t<div class=\"elementor-widget-wrap elementor-element-populated\">\n\t\t\t\t\t\t<div class=\"elementor-element elementor-element-8f761d4 elementor-widget elementor-widget-nxg-icon-list\" data-id=\"8f761d4\" data-element_type=\"widget\" data-widget_type=\"nxg-icon-list.default\">\n\t\t\t\t<div class=\"elementor-widget-container\">\n\t\t\t\r\n    <ul class=\"navbar-nav\">\r\n              <li class=\"nav-item\">\r\n                    <a href=\"#\" target=&quot;_blank&quot; rel=&quot;nofollow&quot; class=\"nav-link text-left\">\r\n            <div class=\"icon-wrapper\">\r\n              <i class=\"list-icon fas fa-cogs\"><\/i>            <\/div>\r\n            <span class=\"list-text\">\r\n               Neueste Technik            <\/span>\r\n          <\/a>\r\n        <\/li>\r\n          <\/ul>\r\n\r\n\t\t\t<\/div>\n\t\t\t\t<\/div>\n\t\t\t\t<div class=\"elementor-element elementor-element-e8792ba elementor-widget elementor-widget-nxg-paragraph\" data-id=\"e8792ba\" data-element_type=\"widget\" data-widget_type=\"nxg-paragraph.default\">\n\t\t\t\t<div class=\"elementor-widget-container\">\n\t\t\t\r\n    <div class=\"text-left\">\r\n      <p class=\"paragraph\">\r\n        Die von uns hergestellten Maschinen sind Produkte der neuesten Technologie.      <\/p>\r\n    <\/div>\r\n\r\n  \t\t<\/div>\n\t\t\t\t<\/div>\n\t\t\t\t\t<\/div>\n\t\t<\/div>\n\t\t\t\t<div class=\"elementor-column elementor-col-50 elementor-inner-column elementor-element elementor-element-81236bc\" data-id=\"81236bc\" data-element_type=\"column\">\n\t\t\t<div class=\"elementor-widget-wrap elementor-element-populated\">\n\t\t\t\t\t\t<div class=\"elementor-element elementor-element-25d7729 elementor-widget elementor-widget-nxg-icon-list\" data-id=\"25d7729\" data-element_type=\"widget\" data-widget_type=\"nxg-icon-list.default\">\n\t\t\t\t<div class=\"elementor-widget-container\">\n\t\t\t\r\n    <ul class=\"navbar-nav\">\r\n              <li class=\"nav-item\">\r\n                    <a href=\"#\" target=&quot;_blank&quot; rel=&quot;nofollow&quot; class=\"nav-link text-left\">\r\n            <div class=\"icon-wrapper\">\r\n              <i class=\"list-icon fas fa-recycle\"><\/i>            <\/div>\r\n            <span class=\"list-text\">\r\n               Umweltfreundlich            <\/span>\r\n          <\/a>\r\n        <\/li>\r\n          <\/ul>\r\n\r\n\t\t\t<\/div>\n\t\t\t\t<\/div>\n\t\t\t\t<div class=\"elementor-element elementor-element-acd6041 elementor-widget elementor-widget-nxg-paragraph\" data-id=\"acd6041\" data-element_type=\"widget\" data-widget_type=\"nxg-paragraph.default\">\n\t\t\t\t<div class=\"elementor-widget-container\">\n\t\t\t\r\n    <div class=\"text-left\">\r\n      <p class=\"paragraph\">\r\n        Als Elite Engineering & Machinery produzieren wir b\u00fchnenfreundliche Maschinen.      <\/p>\r\n    <\/div>\r\n\r\n  \t\t<\/div>\n\t\t\t\t<\/div>\n\t\t\t\t\t<\/div>\n\t\t<\/div>\n\t\t\t\t\t<\/div>\n\t\t<\/section>\n\t\t\t\t\t<\/div>\n\t\t<\/div>\n\t\t\t\t<div class=\"elementor-column elementor-col-50 elementor-top-column elementor-element elementor-element-2280b35\" data-id=\"2280b35\" data-element_type=\"column\">\n\t\t\t<div class=\"elementor-widget-wrap elementor-element-populated\">\n\t\t\t\t\t\t<div class=\"elementor-element elementor-element-67090dd elementor-widget elementor-widget-nxg-video\" data-id=\"67090dd\" data-element_type=\"widget\" data-widget_type=\"nxg-video.default\">\n\t\t\t\t<div class=\"elementor-widget-container\">\n\t\t\t\r\n    <div class=\"nxg-gallery\">\r\n      <a href=\"https:\/\/www.youtube.com\/watch?v=Hr3O-bk_lec\" class=\"square-image d-flex justify-content-center align-items-center\" rel=\"noopener\">\r\n        <i class=\"icon auto fas fa-play\"><\/i>\r\n        <img decoding=\"async\" src=\"https:\/\/www.elitemakina.com.tr\/wp-content\/uploads\/2022\/03\/hakkimizda.jpg\" class=\"fit-image\" alt=\"Elite M\u00fchendislik &amp; Makina\" title=\"\">\r\n      <\/a>\r\n    <\/div>\r\n\r\n  \t\t<\/div>\n\t\t\t\t<\/div>\n\t\t\t\t\t<\/div>\n\t\t<\/div>\n\t\t\t\t\t<\/div>\n\t\t<\/section>\n\t\t\t\t<\/div>\n\t\t","protected":false},"excerpt":{"rendered":"<p>ELITE ENGINEERING &#038; MASCHINEN Unsere Vision Mit der in der Maschinenindustrie gesammelten Erfahrung und dem Prestige m\u00f6chte es eines der&#8230;<\/p>\n","protected":false},"author":1,"featured_media":18118,"parent":0,"menu_order":0,"comment_status":"closed","ping_status":"closed","template":"","meta":{"_acf_changed":false,"footnotes":""},"class_list":["post-18269","page","type-page","status-publish","has-post-thumbnail","hentry"],"acf":[],"_links":{"self":[{"href":"https:\/\/www.elitemakina.com.tr\/de\/wp-json\/wp\/v2\/pages\/18269","targetHints":{"allow":["GET"]}}],"collection":[{"href":"https:\/\/www.elitemakina.com.tr\/de\/wp-json\/wp\/v2\/pages"}],"about":[{"href":"https:\/\/www.elitemakina.com.tr\/de\/wp-json\/wp\/v2\/types\/page"}],"author":[{"embeddable":true,"href":"https:\/\/www.elitemakina.com.tr\/de\/wp-json\/wp\/v2\/users\/1"}],"replies":[{"embeddable":true,"href":"https:\/\/www.elitemakina.com.tr\/de\/wp-json\/wp\/v2\/comments?post=18269"}],"version-history":[{"count":0,"href":"https:\/\/www.elitemakina.com.tr\/de\/wp-json\/wp\/v2\/pages\/18269\/revisions"}],"wp:featuredmedia":[{"embeddable":true,"href":"https:\/\/www.elitemakina.com.tr\/de\/wp-json\/wp\/v2\/media\/18118"}],"wp:attachment":[{"href":"https:\/\/www.elitemakina.com.tr\/de\/wp-json\/wp\/v2\/media?parent=18269"}],"curies":[{"name":"wp","href":"https:\/\/api.w.org\/{rel}","templated":true}]}}