{"id":18205,"date":"2022-03-26T13:02:46","date_gmt":"2022-03-26T13:02:46","guid":{"rendered":"https:\/\/www.elitemakina.com.tr\/cerez-politikasi\/"},"modified":"2022-03-29T00:07:13","modified_gmt":"2022-03-29T00:07:13","slug":"cookie-richtlinie","status":"publish","type":"page","link":"https:\/\/www.elitemakina.com.tr\/de\/cookie-richtlinie\/","title":{"rendered":"Cookie-Richtlinie"},"content":{"rendered":"<p style=\"text-align: justify;\"><span>Wenn Sie die Website elitemakina.com.tr von Elite Makina verwenden oder besuchen, k\u00f6nnen wir Cookies auf Ihrem Computer oder Ger\u00e4t platzieren und die in diesen Cookies gespeicherten Informationen erhalten.\u00a0Cookies sind kleine Textst\u00fccke, die zum Speichern von Informationen in Internetbrowsern verwendet werden.\u00a0Cookies werden verwendet, um Kennungen und andere Informationen auf Computern, Telefonen und anderen Ger\u00e4ten zu sammeln und zu speichern.\u00a0Andere Technologien werden f\u00fcr \u00e4hnliche Zwecke verwendet, wie z. B. die Daten, die wir in Ihrem Webbrowser oder Ger\u00e4t speichern, mit Ihrem Ger\u00e4t verbundene Kennungen und andere Software.\u00a0In dieser Richtlinie werden alle diese Technologien als \u201eCookies\u201c bezeichnet.<\/span><\/p>\r\n<p style=\"text-align: justify;\"><strong><span>Kekse;\u00a0<\/span><\/strong><span>\u00a0hilft uns bei der Bereitstellung, dem Schutz und der Verbesserung unserer Dienste, z. B. bei der Personalisierung von Inhalten, der Anpassung von Anzeigen, der Messung von Anzeigenergebnissen und der Bereitstellung eines sichereren Erlebnisses.<\/span><\/p>\r\n<p style=\"text-align: justify;\"><strong><span>Cookie-Verwendungszweck<\/span><\/strong><span>\u00a0Wir verwenden es, um Ihr Konto zu \u00a0\u00fcberpr\u00fcfen und festzustellen, dass Sie in Ihrem Konto angemeldet sind, um Ihre Daten und Dienste sicher und gesch\u00fctzt zu halten, um unsere Servicequalit\u00e4t zu verbessern, um besser zu verstehen, wie unsere Benutzer unsere Dienste nutzen, und um diese Dienste zu verbessern .<\/span><\/p>\r\n<p style=\"text-align: justify;\"><span>Auch Dritte verwenden Cookies auf ihren eigenen Websites und Anwendungen in Verbindung mit der Website elitemakina.com.tr.\u00a0Um zu verstehen, wie andere Parteien Cookies verwenden, lesen Sie bitte deren jeweilige Richtlinien.<\/span><\/p>\r\n<p style=\"text-align: justify;\"><strong><span>Arten von Cookies<\/span><\/strong><\/p>\r\n<p style=\"text-align: justify;\"><strong><span>Tempor\u00e4re Cookies:<\/span><\/strong><span>\u00a0\u00a0Tempor\u00e4re Cookies werden nur tempor\u00e4r w\u00e4hrend der Sitzung gespeichert und gel\u00f6scht, sobald Sie Ihren Browser schlie\u00dfen.\u00a0Persistente Cookies: Persistente Cookies verbleiben auf dem Computer\/Mobilger\u00e4t, nachdem Sie den Browser oder die Anwendung geschlossen haben, und werden verwendet, um Sie wiederzuerkennen, wenn wir auf die Website zur\u00fcckkehren.\u00a0Ein neues Cookie wird installiert und verbleibt auf Ihrem Computer oder Mobilger\u00e4t, bis dauerhafte Cookies ablaufen.<\/span><\/p>\r\n<p style=\"text-align: justify;\"><strong><span>Ziel-\/Anzeigen-Cookies:<\/span><\/strong><span>\u00a0\u00a0Werbe-Cookies sind Cookies, die von Dritten w\u00e4hrend eines Anwendungs-\/Website- oder Nutzungsbesuchs installiert werden.\u00a0Werbe-Cookies werden verwendet, um einige Informationen \u00fcber Ihren Besuch auf unserer Website an Dritte zu \u00fcbermitteln.<\/span><\/p>\r\n<p style=\"text-align: justify;\"><strong><span>Obligatorische Cookies:<\/span><\/strong><span>\u00a0\u00a0Notwendiges und wichtiges Cookie.\u00a0Es erm\u00f6glicht Ihnen, ein Benutzerkonto zu erstellen, sich anzumelden und auf unserer Website zu surfen.\u00a0Permanente Cookies verbleiben auf Ihrem Computer oder Mobilger\u00e4t, nachdem Sie den Browser oder die Anwendung geschlossen haben, und werden verwendet, um Sie wiederzuerkennen, wenn Sie auf unsere Website zur\u00fcckkehren.\u00a0Obligatorische Cookies sind anonym.\u00a0Leistungs- und Analyse-Cookies: Werden verwendet, um Informationen dar\u00fcber zu sammeln, wie Sie Websites und Anwendungen nutzen (Seiten, denen sie folgen, durchschnittliche Besuchsdauer usw.), um den Gesamtbetrieb der Besucher auf Websites und Anwendungen zu verbessern.<\/span><\/p>\r\n<p style=\"text-align: justify;\"><strong><span>Funktionalit\u00e4ts-Cookies:<\/span><\/strong><span>\u00a0\u00a0Funktionalit\u00e4ts-Cookies sind Cookies, die verwendet werden, um den Besuch auf der Website zu erleichtern und Ihr Surferlebnis zu verbessern.\u00a0Erm\u00f6glicht es Ihnen, sich bestimmte Einstellungen zu merken, z. B. Ihre bevorzugte Sprache, Ihr Layout oder Ihr Farbschema.<\/span><\/p>\r\n<p style=\"text-align: justify;\"><strong><span>Werbe-Cookies:<\/span><\/strong><span>\u00a0\u00a0Werbe- und Personalisierungs-Cookies werden verwendet, um Informationen \u00fcber das Surfverhalten der Besucher auf unseren Websites zu sammeln, um unsere Werbe- und Website-Inhalte zu ihrem eigenen pers\u00f6nlichen Vorteil anzupassen.<\/span><\/p>\r\n<p style=\"text-align: justify;\"><strong><span>Tracking-Cookies:<\/span><\/strong><span>\u00a0\u00a0Tracking-Cookies werden verwendet, um das Surfverhalten von Besuchern im Internet zu \u00fcberwachen und Daten und Informationen \u00fcber ihr Surfverhalten von verschiedenen Websites zu sammeln, die sie besuchen.<\/span><\/p>\r\n<p style=\"text-align: justify;\"><strong><span>Browser-Cookie-Steuerelemente Ihr<\/span><\/strong><span>\u00a0\u00a0Browser oder Ger\u00e4t bietet m\u00f6glicherweise einige zus\u00e4tzliche Einstellungen, mit denen Sie ausw\u00e4hlen k\u00f6nnen, ob Sie Browser-Cookies platzieren und Cookies l\u00f6schen m\u00f6chten.\u00a0Weitere Informationen zu diesen Steuerelementen finden Sie in den Hilfematerialien f\u00fcr Ihren Browser oder Ihr Ger\u00e4t.\u00a0Wenn Sie die Verwendung von Browser-Cookies deaktiviert haben, funktionieren einige Teile der Website elitemakina.com.tr m\u00f6glicherweise nicht richtig.<\/span><\/p>","protected":false},"excerpt":{"rendered":"<p>Wenn Sie die Website elitemakina.com.tr von Elite Makina verwenden oder besuchen, k\u00f6nnen wir Cookies auf Ihrem Computer oder Ger\u00e4t platzieren&#8230;<\/p>\n","protected":false},"author":1,"featured_media":18109,"parent":0,"menu_order":0,"comment_status":"closed","ping_status":"open","template":"","meta":{"_acf_changed":false,"footnotes":""},"class_list":["post-18205","page","type-page","status-publish","has-post-thumbnail","hentry"],"acf":[],"_links":{"self":[{"href":"https:\/\/www.elitemakina.com.tr\/de\/wp-json\/wp\/v2\/pages\/18205","targetHints":{"allow":["GET"]}}],"collection":[{"href":"https:\/\/www.elitemakina.com.tr\/de\/wp-json\/wp\/v2\/pages"}],"about":[{"href":"https:\/\/www.elitemakina.com.tr\/de\/wp-json\/wp\/v2\/types\/page"}],"author":[{"embeddable":true,"href":"https:\/\/www.elitemakina.com.tr\/de\/wp-json\/wp\/v2\/users\/1"}],"replies":[{"embeddable":true,"href":"https:\/\/www.elitemakina.com.tr\/de\/wp-json\/wp\/v2\/comments?post=18205"}],"version-history":[{"count":0,"href":"https:\/\/www.elitemakina.com.tr\/de\/wp-json\/wp\/v2\/pages\/18205\/revisions"}],"wp:featuredmedia":[{"embeddable":true,"href":"https:\/\/www.elitemakina.com.tr\/de\/wp-json\/wp\/v2\/media\/18109"}],"wp:attachment":[{"href":"https:\/\/www.elitemakina.com.tr\/de\/wp-json\/wp\/v2\/media?parent=18205"}],"curies":[{"name":"wp","href":"https:\/\/api.w.org\/{rel}","templated":true}]}}